{"id":46387,"date":"2025-08-21T15:20:54","date_gmt":"2025-08-21T15:20:54","guid":{"rendered":"https:\/\/skinstudio.ee\/?post_type=product&#038;p=46387"},"modified":"2025-12-29T09:56:55","modified_gmt":"2025-12-29T09:56:55","slug":"daily-prevention-lip-balm-spf-30","status":"publish","type":"product","link":"https:\/\/skinstudio.ee\/lt\/catalog\/image-skincare\/daily-prevention-lip-balm-spf-30\/","title":{"rendered":"Daily Prevention Lip Balm SPF 30"},"content":{"rendered":"<p data-start=\"999\" data-end=\"1477\"><strong data-start=\"1004\" data-end=\"1055\">Daily Prevention Lip Balm SPF 30<\/strong> yra itin maitinantis gelinis l\u016bp\u0173 balzamas, suteikiantis plataus spektro SPF 30 apsaug\u0105 ir giliai dr\u0117kinantis l\u016bpas. XOSM\u2122 technologija \u2013 i\u0161mani kapsuliavimo sistema, kuri optimizuoja antioksidant\u0173 tikslin\u012f pristatym\u0105 \u2013 padeda apsaugoti od\u0105 nuo prie\u0161laikinio sen\u0117jimo po\u017eymi\u0173. J\u016bros u\u017epildo sferos ir peptidai vizualiai padidina l\u016bp\u0173 apimt\u012f, i\u0161lygina smulkias rauk\u0161leles ir suteikia pilnesn\u012f, ai\u0161kiau apibr\u0117\u017et\u0105 kont\u016br\u0105.<\/p>\n<p data-start=\"1479\" data-end=\"1495\"><strong data-start=\"1479\" data-end=\"1489\">T\u016bris:<\/strong> 8 g<\/p>\n","protected":false},"excerpt":{"rendered":"<p data-start=\"1587\" data-end=\"1625\">Dr\u0117kinamasis l\u016bp\u0173 balzamas su SPF 30<\/p>\n<h2 data-start=\"1627\" data-end=\"1912\"><strong data-start=\"1627\" data-end=\"1686\">Image Skincare &#8211; Daily Prevention Lip Balm SPF 30 savyb\u0117s<\/strong><\/h2>\n<p data-start=\"1627\" data-end=\"1912\">\u2714\ufe0f Intensyviai dr\u0117kina ir maitina l\u016bpas<br data-start=\"1728\" data-end=\"1731\" \/>\u2714\ufe0f Suteikia plataus spektro UVA\/UVB apsaug\u0105<br data-start=\"1774\" data-end=\"1777\" \/>\u2714\ufe0f Apsaugo nuo sausumo ir pleiskanojimo<br data-start=\"1816\" data-end=\"1819\" \/>\u2714\ufe0f I\u0161laiko l\u016bpas mink\u0161tas ir elastingas<br data-start=\"1858\" data-end=\"1861\" \/>\u2714\ufe0f Saugo nuo fotosen\u0117jimo ir saul\u0117s daromos \u017ealos<\/p>\n","protected":false},"featured_media":62484,"template":"","meta":[],"pwb-brand":[1135],"product_brand":[],"product_cat":[760,732],"product_tag":[],"giftcard-category":[],"class_list":{"0":"post-46387","1":"product","2":"type-product","3":"status-publish","4":"has-post-thumbnail","6":"pwb-brand-image-skincare","7":"product_cat-lupu-prieziura","8":"product_cat-spf-apsauga","10":"first","11":"instock","12":"taxable","13":"shipping-taxable","14":"purchasable","15":"product-type-simple"},"acf":[],"brands":[{"id":1135,"name":"Image Skincare","slug":"image-skincare"}],"_links":{"self":[{"href":"https:\/\/skinstudio.ee\/lt\/wp-json\/wp\/v2\/product\/46387","targetHints":{"allow":["GET"]}}],"collection":[{"href":"https:\/\/skinstudio.ee\/lt\/wp-json\/wp\/v2\/product"}],"about":[{"href":"https:\/\/skinstudio.ee\/lt\/wp-json\/wp\/v2\/types\/product"}],"version-history":[{"count":0,"href":"https:\/\/skinstudio.ee\/lt\/wp-json\/wp\/v2\/product\/46387\/revisions"}],"wp:featuredmedia":[{"embeddable":true,"href":"https:\/\/skinstudio.ee\/lt\/wp-json\/wp\/v2\/media\/62484"}],"wp:attachment":[{"href":"https:\/\/skinstudio.ee\/lt\/wp-json\/wp\/v2\/media?parent=46387"}],"wp:term":[{"taxonomy":"pwb-brand","embeddable":true,"href":"https:\/\/skinstudio.ee\/lt\/wp-json\/wp\/v2\/pwb-brand?post=46387"},{"taxonomy":"product_brand","embeddable":true,"href":"https:\/\/skinstudio.ee\/lt\/wp-json\/wp\/v2\/product_brand?post=46387"},{"taxonomy":"product_cat","embeddable":true,"href":"https:\/\/skinstudio.ee\/lt\/wp-json\/wp\/v2\/product_cat?post=46387"},{"taxonomy":"product_tag","embeddable":true,"href":"https:\/\/skinstudio.ee\/lt\/wp-json\/wp\/v2\/product_tag?post=46387"},{"taxonomy":"giftcard-category","embeddable":true,"href":"https:\/\/skinstudio.ee\/lt\/wp-json\/wp\/v2\/giftcard-category?post=46387"}],"curies":[{"name":"wp","href":"https:\/\/api.w.org\/{rel}","templated":true}]}}