{"id":46406,"date":"2025-08-21T15:30:34","date_gmt":"2025-08-21T15:30:34","guid":{"rendered":"https:\/\/skinstudio.ee\/?post_type=product&#038;p=46406"},"modified":"2025-12-30T17:05:40","modified_gmt":"2025-12-30T17:05:40","slug":"mesoprotech-water-veil","status":"publish","type":"product","link":"https:\/\/skinstudio.ee\/lt\/catalog\/mesoestetic\/mesoprotech-water-veil\/","title":{"rendered":"Mesoprotech Water Veil"},"content":{"rendered":"<p data-start=\"3969\" data-end=\"4298\">Lengvas veido kremas su labai auk\u0161ta SPF50+ apsauga nuo saul\u0117s, skirtas riebiai ir mi\u0161riai odai. Jo itin lengva gelio-kremo tekst\u016bra dr\u0117kina od\u0105 ir suteikia gaiv\u0173 matin\u012f efekt\u0105. Hialurono r\u016bg\u0161tis pagerina odos elastingum\u0105 ir stangrum\u0105, ma\u017eina sen\u0117jimo po\u017eymius. Dermatologi\u0161kai patikrintas. Nekomedogeninis. Atsparus vandeniui.<\/p>\n<p data-start=\"4300\" data-end=\"4318\"><strong data-start=\"4300\" data-end=\"4316\">T\u016bris: 50 ml<\/strong><\/p>\n","protected":false},"excerpt":{"rendered":"<p data-start=\"4889\" data-end=\"4940\">Dr\u0117kinamasis apsauginis fluidas nuo saul\u0117s SPF 50<\/p>\n<h2 data-start=\"4942\" data-end=\"5262\"><strong data-start=\"4942\" data-end=\"4990\">Mesoestetic &#8211; Mesoprotech Water Veil savyb\u0117s<\/strong><\/h2>\n<p data-start=\"4942\" data-end=\"5262\">\u2714\ufe0f U\u017etikrina patikim\u0105 UVA\/UVB ir infraraudon\u0173j\u0173 spinduli\u0173 apsaug\u0105<br data-start=\"5058\" data-end=\"5061\" \/>\u2714\ufe0f Giliai dr\u0117kina ir apsaugo nuo dehidratacijos<br data-start=\"5108\" data-end=\"5111\" \/>\u2714\ufe0f Lengva vandens pagrindo tekst\u016bra greitai \u012fsigeria ir nepalieka lipnumo<br data-start=\"5184\" data-end=\"5187\" \/>\u2714\ufe0f Stiprina nat\u016bral\u0173 odos barjer\u0105<br data-start=\"5220\" data-end=\"5223\" \/>\u2714\ufe0f Suteikia odai gaivumo ir spindesio<\/p>\n","protected":false},"featured_media":67136,"template":"","meta":[],"pwb-brand":[1133],"product_brand":[],"product_cat":[732,748],"product_tag":[],"giftcard-category":[],"class_list":{"0":"post-46406","1":"product","2":"type-product","3":"status-publish","4":"has-post-thumbnail","6":"pwb-brand-mesoestetic","7":"product_cat-spf-apsauga","8":"product_cat-taukainai-adai-lt","10":"first","11":"instock","12":"taxable","13":"shipping-taxable","14":"purchasable","15":"product-type-simple"},"acf":[],"brands":[{"id":1133,"name":"Mesoestetic","slug":"mesoestetic"}],"_links":{"self":[{"href":"https:\/\/skinstudio.ee\/lt\/wp-json\/wp\/v2\/product\/46406","targetHints":{"allow":["GET"]}}],"collection":[{"href":"https:\/\/skinstudio.ee\/lt\/wp-json\/wp\/v2\/product"}],"about":[{"href":"https:\/\/skinstudio.ee\/lt\/wp-json\/wp\/v2\/types\/product"}],"version-history":[{"count":0,"href":"https:\/\/skinstudio.ee\/lt\/wp-json\/wp\/v2\/product\/46406\/revisions"}],"wp:featuredmedia":[{"embeddable":true,"href":"https:\/\/skinstudio.ee\/lt\/wp-json\/wp\/v2\/media\/67136"}],"wp:attachment":[{"href":"https:\/\/skinstudio.ee\/lt\/wp-json\/wp\/v2\/media?parent=46406"}],"wp:term":[{"taxonomy":"pwb-brand","embeddable":true,"href":"https:\/\/skinstudio.ee\/lt\/wp-json\/wp\/v2\/pwb-brand?post=46406"},{"taxonomy":"product_brand","embeddable":true,"href":"https:\/\/skinstudio.ee\/lt\/wp-json\/wp\/v2\/product_brand?post=46406"},{"taxonomy":"product_cat","embeddable":true,"href":"https:\/\/skinstudio.ee\/lt\/wp-json\/wp\/v2\/product_cat?post=46406"},{"taxonomy":"product_tag","embeddable":true,"href":"https:\/\/skinstudio.ee\/lt\/wp-json\/wp\/v2\/product_tag?post=46406"},{"taxonomy":"giftcard-category","embeddable":true,"href":"https:\/\/skinstudio.ee\/lt\/wp-json\/wp\/v2\/giftcard-category?post=46406"}],"curies":[{"name":"wp","href":"https:\/\/api.w.org\/{rel}","templated":true}]}}