{"id":46700,"date":"2025-08-24T08:09:15","date_gmt":"2025-08-24T08:09:15","guid":{"rendered":"https:\/\/skinstudio.ee\/?post_type=product&#038;p=46700"},"modified":"2026-01-19T15:13:28","modified_gmt":"2026-01-19T15:13:28","slug":"bio-progen-ahas-14-peptides-face-cream","status":"publish","type":"product","link":"https:\/\/skinstudio.ee\/lt\/catalog\/natinuel\/bio-progen-ahas-14-peptides-face-cream\/","title":{"rendered":"BIO PROGEN AHAs 14% Peptides Face Cream"},"content":{"rendered":"<p data-start=\"1171\" data-end=\"1749\"><strong data-start=\"1171\" data-end=\"1214\">BIO PROGEN AHAs 14% Peptides Face Cream<\/strong> yra novatori\u0161ka priemon\u0117, sukurta visapusi\u0161kai odos prie\u017ei\u016brai ir atjauninimui. Unikali formul\u0117 apima kapsuliuotus biostimuliuojan\u010dius peptidus ir naujos kartos r\u016bg\u0161tis (pvz., maltobiono r\u016bg\u0161t\u012f, pasi\u017eymin\u010di\u0105 stipriomis antioksidacin\u0117mis savyb\u0117mis ir skatinan\u010di\u0105 glikozaminoglikan\u0173 gamyb\u0105). Kremas ma\u017eina sen\u0117jimo po\u017eymius, gerina kolageno ir elastino sintez\u0119, tod\u0117l oda tampa stangresn\u0117, o smulkios rauk\u0161lel\u0117s pastebimai suma\u017e\u0117ja. Reguliariai naudojant, oda tampa jaunesn\u0117, gaivesn\u0117, elastingesn\u0117, o jos tonusas pastebimai pager\u0117ja.<\/p>\n<p data-start=\"1751\" data-end=\"1769\"><strong data-start=\"1751\" data-end=\"1761\">T\u016bris:<\/strong> 50 ml<\/p>\n","protected":false},"excerpt":{"rendered":"<p data-start=\"1921\" data-end=\"1963\">Bio-stimuliuojantis atjauninantis kremas<\/p>\n<h2 data-start=\"1965\" data-end=\"2253\"><strong data-start=\"1965\" data-end=\"2027\">Natinuel &#8211; Bio Progen AHAs 14% Peptides Face Cream savyb\u0117s<\/strong><\/h2>\n<p data-start=\"1965\" data-end=\"2253\">\u2714\ufe0f Didina odos elastingum\u0105 ir stangrum\u0105<br data-start=\"2069\" data-end=\"2072\" \/>\u2714\ufe0f Skatina l\u0105steli\u0173 atsinaujinim\u0105 ir med\u017eiag\u0173 apykait\u0105<br data-start=\"2126\" data-end=\"2129\" \/>\u2714\ufe0f Lygina rauk\u0161les ir odos atspalv\u012f<br data-start=\"2164\" data-end=\"2167\" \/>\u2714\ufe0f I\u0161laiko dr\u0117gm\u0119 ir apsaugo od\u0105<br data-start=\"2199\" data-end=\"2202\" \/>\u2714\ufe0f Atnaujina odos strukt\u016br\u0105 ir suteikia spindesio<\/p>\n","protected":false},"featured_media":67539,"template":"","meta":[],"pwb-brand":[1128],"product_brand":[],"product_cat":[738,750],"product_tag":[],"giftcard-category":[],"class_list":{"0":"post-46700","1":"product","2":"type-product","3":"status-publish","4":"has-post-thumbnail","6":"pwb-brand-natinuel","7":"product_cat-drekinimas","8":"product_cat-senstanti-oda","10":"first","11":"instock","12":"taxable","13":"shipping-taxable","14":"purchasable","15":"product-type-simple"},"acf":[],"brands":[{"id":1128,"name":"Natinuel","slug":"natinuel"}],"_links":{"self":[{"href":"https:\/\/skinstudio.ee\/lt\/wp-json\/wp\/v2\/product\/46700","targetHints":{"allow":["GET"]}}],"collection":[{"href":"https:\/\/skinstudio.ee\/lt\/wp-json\/wp\/v2\/product"}],"about":[{"href":"https:\/\/skinstudio.ee\/lt\/wp-json\/wp\/v2\/types\/product"}],"version-history":[{"count":0,"href":"https:\/\/skinstudio.ee\/lt\/wp-json\/wp\/v2\/product\/46700\/revisions"}],"wp:featuredmedia":[{"embeddable":true,"href":"https:\/\/skinstudio.ee\/lt\/wp-json\/wp\/v2\/media\/67539"}],"wp:attachment":[{"href":"https:\/\/skinstudio.ee\/lt\/wp-json\/wp\/v2\/media?parent=46700"}],"wp:term":[{"taxonomy":"pwb-brand","embeddable":true,"href":"https:\/\/skinstudio.ee\/lt\/wp-json\/wp\/v2\/pwb-brand?post=46700"},{"taxonomy":"product_brand","embeddable":true,"href":"https:\/\/skinstudio.ee\/lt\/wp-json\/wp\/v2\/product_brand?post=46700"},{"taxonomy":"product_cat","embeddable":true,"href":"https:\/\/skinstudio.ee\/lt\/wp-json\/wp\/v2\/product_cat?post=46700"},{"taxonomy":"product_tag","embeddable":true,"href":"https:\/\/skinstudio.ee\/lt\/wp-json\/wp\/v2\/product_tag?post=46700"},{"taxonomy":"giftcard-category","embeddable":true,"href":"https:\/\/skinstudio.ee\/lt\/wp-json\/wp\/v2\/giftcard-category?post=46700"}],"curies":[{"name":"wp","href":"https:\/\/api.w.org\/{rel}","templated":true}]}}