{"id":46716,"date":"2025-08-24T08:57:35","date_gmt":"2025-08-24T08:57:35","guid":{"rendered":"https:\/\/skinstudio.ee\/?post_type=product&#038;p=46716"},"modified":"2026-01-19T15:13:28","modified_gmt":"2026-01-19T15:13:28","slug":"cromage-face-cream","status":"publish","type":"product","link":"https:\/\/skinstudio.ee\/lt\/catalog\/natinuel\/cromage-face-cream\/","title":{"rendered":"Cromage Face Cream"},"content":{"rendered":"<p data-start=\"1214\" data-end=\"1656\">Molekulinis daugiafunkcinis preparatas, kuris naujai veikia biocheminius mechanizmus, atsakingus u\u017e \u012fdeg\u012f ir odos spalv\u0105, kartu apsaugodamas nuo fotosen\u0117jimo. Pagerina ir i\u0161lygina veido odos atspalv\u012f, \u017eymiai pagerina \u012fdegio kokyb\u0119 ir prailgina jo i\u0161silaikym\u0105, suteikia plat\u0173 biologin\u0119 apsaug\u0105 nuo laisv\u0173j\u0173 radikal\u0173, padeda i\u0161vengti fotosen\u0117jimo, apsaugo l\u0105steli\u0173 DNR nuo UV sukeltos \u017ealos, ma\u017eina sudirginim\u0105 ir apsaugo nuo saul\u0117s nudegim\u0173.<\/p>\n<p data-start=\"1658\" data-end=\"1676\"><strong data-start=\"1658\" data-end=\"1668\">T\u016bris:<\/strong> 50 ml<\/p>\n","protected":false},"excerpt":{"rendered":"<p data-start=\"1853\" data-end=\"1914\">Dieninis kremas su \u0161viesinamuoju poveikiu ir fotoprotekcija<\/p>\n<h2 data-start=\"1916\" data-end=\"2271\"><strong data-start=\"1916\" data-end=\"1957\">Natinuel &#8211; Cromage Face Cream savyb\u0117s<\/strong><\/h2>\n<p data-start=\"1916\" data-end=\"2271\">\u2714\ufe0f I\u0161lygina odos atspalv\u012f ir u\u017etikrina vienod\u0105, gra\u017e\u0173 \u012fdeg\u012f<br data-start=\"2019\" data-end=\"2022\" \/>\u2714\ufe0f Apsaugo nuo fotosen\u0117jimo ir saugo l\u0105steli\u0173 DNR nuo UV pa\u017eeidim\u0173<br data-start=\"2088\" data-end=\"2091\" \/>\u2714\ufe0f Suteikia apsaug\u0105 nuo laisv\u0173j\u0173 radikal\u0173 (ROS, RCS)<br data-start=\"2143\" data-end=\"2146\" \/>\u2714\ufe0f Ma\u017eina sudirginim\u0105 ir apsaugo nuo nudegim\u0173 saul\u0117je<br data-start=\"2199\" data-end=\"2202\" \/>\u2714\ufe0f U\u017etikrina auk\u0161t\u0105 fotoprotekcij\u0105 ir suteikia odai sveik\u0105 i\u0161vaizd\u0105<\/p>\n","protected":false},"featured_media":67533,"template":"","meta":[],"pwb-brand":[1128],"product_brand":[],"product_cat":[771,750],"product_tag":[],"giftcard-category":[],"class_list":{"0":"post-46716","1":"product","2":"type-product","3":"status-publish","4":"has-post-thumbnail","6":"pwb-brand-natinuel","7":"product_cat-makiazas","8":"product_cat-senstanti-oda","10":"first","11":"instock","12":"taxable","13":"shipping-taxable","14":"purchasable","15":"product-type-simple"},"acf":[],"brands":[{"id":1128,"name":"Natinuel","slug":"natinuel"}],"_links":{"self":[{"href":"https:\/\/skinstudio.ee\/lt\/wp-json\/wp\/v2\/product\/46716","targetHints":{"allow":["GET"]}}],"collection":[{"href":"https:\/\/skinstudio.ee\/lt\/wp-json\/wp\/v2\/product"}],"about":[{"href":"https:\/\/skinstudio.ee\/lt\/wp-json\/wp\/v2\/types\/product"}],"version-history":[{"count":0,"href":"https:\/\/skinstudio.ee\/lt\/wp-json\/wp\/v2\/product\/46716\/revisions"}],"wp:featuredmedia":[{"embeddable":true,"href":"https:\/\/skinstudio.ee\/lt\/wp-json\/wp\/v2\/media\/67533"}],"wp:attachment":[{"href":"https:\/\/skinstudio.ee\/lt\/wp-json\/wp\/v2\/media?parent=46716"}],"wp:term":[{"taxonomy":"pwb-brand","embeddable":true,"href":"https:\/\/skinstudio.ee\/lt\/wp-json\/wp\/v2\/pwb-brand?post=46716"},{"taxonomy":"product_brand","embeddable":true,"href":"https:\/\/skinstudio.ee\/lt\/wp-json\/wp\/v2\/product_brand?post=46716"},{"taxonomy":"product_cat","embeddable":true,"href":"https:\/\/skinstudio.ee\/lt\/wp-json\/wp\/v2\/product_cat?post=46716"},{"taxonomy":"product_tag","embeddable":true,"href":"https:\/\/skinstudio.ee\/lt\/wp-json\/wp\/v2\/product_tag?post=46716"},{"taxonomy":"giftcard-category","embeddable":true,"href":"https:\/\/skinstudio.ee\/lt\/wp-json\/wp\/v2\/giftcard-category?post=46716"}],"curies":[{"name":"wp","href":"https:\/\/api.w.org\/{rel}","templated":true}]}}