{"id":46731,"date":"2025-08-24T09:06:24","date_gmt":"2025-08-24T09:06:24","guid":{"rendered":"https:\/\/skinstudio.ee\/?post_type=product&#038;p=46731"},"modified":"2026-01-19T15:13:30","modified_gmt":"2026-01-19T15:13:30","slug":"protector-spf-50-face-cream","status":"publish","type":"product","link":"https:\/\/skinstudio.ee\/lt\/catalog\/natinuel\/protector-spf-50-face-cream\/","title":{"rendered":"Protector SPF 50+ Face Cream"},"content":{"rendered":"<p data-start=\"1004\" data-end=\"1472\">Daugiafunkcinis bioceutinis kremas, kuris suteikia auk\u0161t\u0105 ir veiksming\u0105 apsaug\u0105 nuo ultravioletini\u0173 spinduli\u0173, stiprina odos barjer\u0105 ir turi stipr\u0173 antioksidacin\u012f poveik\u012f, biologi\u0161kai saugant l\u0105steli\u0173 strukt\u016bras \u012fvairiuose odos sluoksniuose. Tinka vis\u0173 tip\u0173 odai, net ir jautriausiai bei \u0161velniausiai vaik\u0173 odai, taip pat odai, linkusiai \u012f hiperpigmentacij\u0105. Rekomenduojama naudoti visus metus, net \u017eiem\u0105, siekiant apsaugoti od\u0105 ekstremaliausiomis klimato s\u0105lygomis.<\/p>\n<p data-start=\"1474\" data-end=\"1492\"><strong data-start=\"1474\" data-end=\"1484\">T\u016bris:<\/strong> 50 ml<\/p>\n","protected":false},"excerpt":{"rendered":"<p data-start=\"1570\" data-end=\"1603\">Veido kremas nuo saul\u0117s SPF 50+<\/p>\n<h2 data-start=\"1605\" data-end=\"1887\"><strong data-start=\"1605\" data-end=\"1656\">Natinuel &#8211; Protector SPF 50+ Face Cream savyb\u0117s<\/strong><\/h2>\n<p data-start=\"1605\" data-end=\"1887\">\u2714\ufe0f Suteikia labai auk\u0161t\u0105 UVA\/UVB apsaug\u0105<br data-start=\"1699\" data-end=\"1702\" \/>\u2714\ufe0f Padeda i\u0161vengti fotosen\u0117jimo ir pigmentacijos<br data-start=\"1750\" data-end=\"1753\" \/>\u2714\ufe0f Apsaugo l\u0105steli\u0173 DNR nuo pa\u017eeidim\u0173<br data-start=\"1790\" data-end=\"1793\" \/>\u2714\ufe0f Stiprina odos barjer\u0105 ir palaiko dr\u0117gm\u0119<br data-start=\"1835\" data-end=\"1838\" \/>\u2714\ufe0f Tinka jautriai odai ir kasdieniam naudojimui<\/p>\n","protected":false},"featured_media":67527,"template":"","meta":[],"pwb-brand":[1128],"product_brand":[],"product_cat":[746,732],"product_tag":[],"giftcard-category":[],"class_list":{"0":"post-46731","1":"product","2":"type-product","3":"status-publish","4":"has-post-thumbnail","6":"pwb-brand-natinuel","7":"product_cat-jautriai-odai","8":"product_cat-spf-apsauga","10":"first","11":"instock","12":"taxable","13":"shipping-taxable","14":"purchasable","15":"product-type-simple"},"acf":[],"brands":[{"id":1128,"name":"Natinuel","slug":"natinuel"}],"_links":{"self":[{"href":"https:\/\/skinstudio.ee\/lt\/wp-json\/wp\/v2\/product\/46731","targetHints":{"allow":["GET"]}}],"collection":[{"href":"https:\/\/skinstudio.ee\/lt\/wp-json\/wp\/v2\/product"}],"about":[{"href":"https:\/\/skinstudio.ee\/lt\/wp-json\/wp\/v2\/types\/product"}],"version-history":[{"count":0,"href":"https:\/\/skinstudio.ee\/lt\/wp-json\/wp\/v2\/product\/46731\/revisions"}],"wp:featuredmedia":[{"embeddable":true,"href":"https:\/\/skinstudio.ee\/lt\/wp-json\/wp\/v2\/media\/67527"}],"wp:attachment":[{"href":"https:\/\/skinstudio.ee\/lt\/wp-json\/wp\/v2\/media?parent=46731"}],"wp:term":[{"taxonomy":"pwb-brand","embeddable":true,"href":"https:\/\/skinstudio.ee\/lt\/wp-json\/wp\/v2\/pwb-brand?post=46731"},{"taxonomy":"product_brand","embeddable":true,"href":"https:\/\/skinstudio.ee\/lt\/wp-json\/wp\/v2\/product_brand?post=46731"},{"taxonomy":"product_cat","embeddable":true,"href":"https:\/\/skinstudio.ee\/lt\/wp-json\/wp\/v2\/product_cat?post=46731"},{"taxonomy":"product_tag","embeddable":true,"href":"https:\/\/skinstudio.ee\/lt\/wp-json\/wp\/v2\/product_tag?post=46731"},{"taxonomy":"giftcard-category","embeddable":true,"href":"https:\/\/skinstudio.ee\/lt\/wp-json\/wp\/v2\/giftcard-category?post=46731"}],"curies":[{"name":"wp","href":"https:\/\/api.w.org\/{rel}","templated":true}]}}