{"id":46753,"date":"2025-08-24T09:18:10","date_gmt":"2025-08-24T09:18:10","guid":{"rendered":"https:\/\/skinstudio.ee\/?post_type=product&#038;p=46753"},"modified":"2026-01-19T15:13:29","modified_gmt":"2026-01-19T15:13:29","slug":"cromo-plus-face-and-body-lotion","status":"publish","type":"product","link":"https:\/\/skinstudio.ee\/lt\/catalog\/natinuel\/cromo-plus-face-and-body-lotion\/","title":{"rendered":"Cromo Plus Face and Body Lotion"},"content":{"rendered":"<p data-start=\"1158\" data-end=\"1573\">Skirtas apsaugai nuo fotosen\u0117jimo ir aktinin\u0117s eritemos prevencijai. Tuo pa\u010diu metu produktas pagerina odos atspalv\u012f, sustiprindamas \u012fdeg\u012f auk\u0161\u010diausiu lygiu pagal visus estetinius parametrus: tolygum\u0105, ry\u0161kum\u0105 ir patvarum\u0105. Apsaugo l\u0105steli\u0173 DNR nuo UV sukeltos \u017ealos, ma\u017eina sudirginim\u0105 ir saugo nuo nudegim\u0173 saul\u0117je, padeda ilgiau i\u0161laikyti \u012fdeg\u012f. Suteikia plat\u0173 biologin\u012f apsaugos poveik\u012f nuo laisv\u0173j\u0173 radikal\u0173.<\/p>\n<p data-start=\"1575\" data-end=\"1594\"><strong data-start=\"1575\" data-end=\"1585\">T\u016bris:<\/strong> 100 ml<\/p>\n","protected":false},"excerpt":{"rendered":"<p data-start=\"1672\" data-end=\"1718\">Veido ir k\u016bno losjonas su apsauga nuo saul\u0117s<\/p>\n<h2 data-start=\"1720\" data-end=\"2039\"><strong data-start=\"1720\" data-end=\"1774\">Natinuel &#8211; Cromo Plus Face and Body Lotion savyb\u0117s<\/strong><\/h2>\n<p data-start=\"1720\" data-end=\"2039\">\u2714\ufe0f I\u0161lygina odos ton\u0105 ir daro \u012fdeg\u012f tolygesn\u012f bei ilgiau i\u0161liekant\u012f<br data-start=\"1844\" data-end=\"1847\" \/>\u2714\ufe0f Apsaugo nuo fotosen\u0117jimo ir laisv\u0173j\u0173 radikal\u0173 pa\u017eeidim\u0173<br data-start=\"1905\" data-end=\"1908\" \/>\u2714\ufe0f Apsaugo l\u0105steli\u0173 DNR nuo UV \u017ealos<br data-start=\"1944\" data-end=\"1947\" \/>\u2714\ufe0f Ma\u017eina sudirginim\u0105 ir saugo nuo saul\u0117s nudegim\u0173<br data-start=\"1997\" data-end=\"2000\" \/>\u2714\ufe0f Palaiko odos dr\u0117gm\u0119 ir elastingum\u0105<\/p>\n","protected":false},"featured_media":67521,"template":"","meta":[],"pwb-brand":[1128],"product_brand":[],"product_cat":[758,750],"product_tag":[],"giftcard-category":[],"class_list":{"0":"post-46753","1":"product","2":"type-product","3":"status-publish","4":"has-post-thumbnail","6":"pwb-brand-natinuel","7":"product_cat-kuno-prieziura","8":"product_cat-odos-senejimas","10":"first","11":"instock","12":"taxable","13":"shipping-taxable","14":"purchasable","15":"product-type-simple"},"acf":[],"brands":[{"id":1128,"name":"Natinuel","slug":"natinuel"}],"_links":{"self":[{"href":"https:\/\/skinstudio.ee\/lt\/wp-json\/wp\/v2\/product\/46753","targetHints":{"allow":["GET"]}}],"collection":[{"href":"https:\/\/skinstudio.ee\/lt\/wp-json\/wp\/v2\/product"}],"about":[{"href":"https:\/\/skinstudio.ee\/lt\/wp-json\/wp\/v2\/types\/product"}],"version-history":[{"count":0,"href":"https:\/\/skinstudio.ee\/lt\/wp-json\/wp\/v2\/product\/46753\/revisions"}],"wp:featuredmedia":[{"embeddable":true,"href":"https:\/\/skinstudio.ee\/lt\/wp-json\/wp\/v2\/media\/67521"}],"wp:attachment":[{"href":"https:\/\/skinstudio.ee\/lt\/wp-json\/wp\/v2\/media?parent=46753"}],"wp:term":[{"taxonomy":"pwb-brand","embeddable":true,"href":"https:\/\/skinstudio.ee\/lt\/wp-json\/wp\/v2\/pwb-brand?post=46753"},{"taxonomy":"product_brand","embeddable":true,"href":"https:\/\/skinstudio.ee\/lt\/wp-json\/wp\/v2\/product_brand?post=46753"},{"taxonomy":"product_cat","embeddable":true,"href":"https:\/\/skinstudio.ee\/lt\/wp-json\/wp\/v2\/product_cat?post=46753"},{"taxonomy":"product_tag","embeddable":true,"href":"https:\/\/skinstudio.ee\/lt\/wp-json\/wp\/v2\/product_tag?post=46753"},{"taxonomy":"giftcard-category","embeddable":true,"href":"https:\/\/skinstudio.ee\/lt\/wp-json\/wp\/v2\/giftcard-category?post=46753"}],"curies":[{"name":"wp","href":"https:\/\/api.w.org\/{rel}","templated":true}]}}