{"id":46772,"date":"2025-08-24T09:29:13","date_gmt":"2025-08-24T09:29:13","guid":{"rendered":"https:\/\/skinstudio.ee\/?post_type=product&#038;p=46772"},"modified":"2026-01-19T15:13:30","modified_gmt":"2026-01-19T15:13:30","slug":"perfect-c-face-decollete-hands-cream","status":"publish","type":"product","link":"https:\/\/skinstudio.ee\/lt\/catalog\/natinuel\/perfect-c-face-decollete-hands-cream\/","title":{"rendered":"Perfect C Face Decollete Hands Cream"},"content":{"rendered":"<p data-start=\"941\" data-end=\"1218\">BB kremas \u012fvairiems odos tr\u016bkumams ma\u017einti. Daugiaveiksmis naujos kartos bioceutinis kremas. Nauju b\u016bdu veikia biocheminius mechanizmus, atsakingus u\u017e melanino gamyb\u0105, palaiko optimali\u0105 fibroblast\u0173 bioaktyvum\u0105 ir suteikia stipri\u0105 antioksidacin\u0119 apsaug\u0105 nuo laisv\u0173j\u0173 radikal\u0173.<\/p>\n<p data-start=\"1220\" data-end=\"1238\"><strong data-start=\"1220\" data-end=\"1230\">T\u016bris:<\/strong> 25 ml<\/p>\n","protected":false},"excerpt":{"rendered":"<p data-start=\"1316\" data-end=\"1363\">Daugiaveiksmis kremas su tonizuojan\u010diu efektu<\/p>\n<h2 data-start=\"1365\" data-end=\"1704\"><strong data-start=\"1365\" data-end=\"1424\">Natinuel &#8211; Perfect C Face Decollete Hands Cream savyb\u0117s<\/strong><\/h2>\n<p data-start=\"1365\" data-end=\"1704\">\u2714\ufe0f I\u0161lygina odos atspalv\u012f ir suteikia \u0161vyt\u0117jimo<br data-start=\"1474\" data-end=\"1477\" \/>\u2714\ufe0f Maskuoja netobulumus ir pagerina tekst\u016br\u0105<br data-start=\"1521\" data-end=\"1524\" \/>\u2714\ufe0f Stimuliuoja fibroblast\u0173 aktyvum\u0105 ir melanino reguliacij\u0105<br data-start=\"1583\" data-end=\"1586\" \/>\u2714\ufe0f Suteikia stipri\u0105 antioksidacin\u0119 apsaug\u0105 nuo laisv\u0173j\u0173 radikal\u0173<br data-start=\"1650\" data-end=\"1653\" \/>\u2714\ufe0f Apsaugo nuo fotosen\u0117jimo ir ma\u017eina sudirginim\u0105<\/p>\n","protected":false},"featured_media":67513,"template":"","meta":[],"pwb-brand":[1128],"product_brand":[],"product_cat":[736,758,750],"product_tag":[],"giftcard-category":[],"class_list":{"0":"post-46772","1":"product","2":"type-product","3":"status-publish","4":"has-post-thumbnail","6":"pwb-brand-natinuel","7":"product_cat-dekolte-sritis","8":"product_cat-kuno-prieziura","9":"product_cat-senstanti-oda","11":"first","12":"instock","13":"taxable","14":"shipping-taxable","15":"purchasable","16":"product-type-simple"},"acf":[],"brands":[{"id":1128,"name":"Natinuel","slug":"natinuel"}],"_links":{"self":[{"href":"https:\/\/skinstudio.ee\/lt\/wp-json\/wp\/v2\/product\/46772","targetHints":{"allow":["GET"]}}],"collection":[{"href":"https:\/\/skinstudio.ee\/lt\/wp-json\/wp\/v2\/product"}],"about":[{"href":"https:\/\/skinstudio.ee\/lt\/wp-json\/wp\/v2\/types\/product"}],"version-history":[{"count":0,"href":"https:\/\/skinstudio.ee\/lt\/wp-json\/wp\/v2\/product\/46772\/revisions"}],"wp:featuredmedia":[{"embeddable":true,"href":"https:\/\/skinstudio.ee\/lt\/wp-json\/wp\/v2\/media\/67513"}],"wp:attachment":[{"href":"https:\/\/skinstudio.ee\/lt\/wp-json\/wp\/v2\/media?parent=46772"}],"wp:term":[{"taxonomy":"pwb-brand","embeddable":true,"href":"https:\/\/skinstudio.ee\/lt\/wp-json\/wp\/v2\/pwb-brand?post=46772"},{"taxonomy":"product_brand","embeddable":true,"href":"https:\/\/skinstudio.ee\/lt\/wp-json\/wp\/v2\/product_brand?post=46772"},{"taxonomy":"product_cat","embeddable":true,"href":"https:\/\/skinstudio.ee\/lt\/wp-json\/wp\/v2\/product_cat?post=46772"},{"taxonomy":"product_tag","embeddable":true,"href":"https:\/\/skinstudio.ee\/lt\/wp-json\/wp\/v2\/product_tag?post=46772"},{"taxonomy":"giftcard-category","embeddable":true,"href":"https:\/\/skinstudio.ee\/lt\/wp-json\/wp\/v2\/giftcard-category?post=46772"}],"curies":[{"name":"wp","href":"https:\/\/api.w.org\/{rel}","templated":true}]}}