{"id":46904,"date":"2025-08-24T10:35:34","date_gmt":"2025-08-24T10:35:34","guid":{"rendered":"https:\/\/skinstudio.ee\/?post_type=product&#038;p=46904"},"modified":"2026-01-19T15:13:30","modified_gmt":"2026-01-19T15:13:30","slug":"trico-lotion","status":"publish","type":"product","link":"https:\/\/skinstudio.ee\/lt\/catalog\/natinuel\/trico-lotion\/","title":{"rendered":"Trico Lotion"},"content":{"rendered":"<p data-start=\"856\" data-end=\"1197\">Greitai \u012fsigeriantis losjonas, nepaliekantis p\u0117dsak\u0173 ant plauk\u0173, be paraben\u0173 ir kvapikli\u0173, pasi\u017eymintis dideliu biologiniu aktyvumu. Sud\u0117tyje yra augimo faktori\u0173 ir vario peptid\u0173 derinys, kurie veikia sinergi\u0161kai, kad atgaivint\u0173 plauk\u0173 folikulus. Reguliuoja plauk\u0173 gyvenimo cikl\u0105 ir padeda kovoti su plauk\u0173 slinkimu. Skatina plauk\u0173 augim\u0105.<\/p>\n<p data-start=\"1199\" data-end=\"1217\"><strong data-start=\"1199\" data-end=\"1209\">T\u016bris:<\/strong> 30 ml<\/p>\n","protected":false},"excerpt":{"rendered":"<p data-start=\"1285\" data-end=\"1331\">Stimuliuojantis losjonas nuo plauk\u0173 slinkimo<\/p>\n<h2 data-start=\"1333\" data-end=\"1606\"><strong data-start=\"1333\" data-end=\"1368\">Natinuel &#8211; Trico Lotion savyb\u0117s<\/strong><\/h2>\n<p data-start=\"1333\" data-end=\"1606\">\u2714\ufe0f Gerina galvos odos mikrocirkuliacij\u0105 ir aktyvina plauk\u0173 folikulus<br data-start=\"1439\" data-end=\"1442\" \/>\u2714\ufe0f Slopina DHT, padedant i\u0161vengti plauk\u0173 slinkimo<br data-start=\"1491\" data-end=\"1494\" \/>\u2714\ufe0f Maitina ir stiprina plaukus, gerina galvos odos b\u016bkl\u0119<br data-start=\"1550\" data-end=\"1553\" \/>\u2714\ufe0f Normalizuoja plauk\u0173 augimo cikl\u0105 ir didina tank\u012f<\/p>\n","protected":false},"featured_media":67701,"template":"","meta":[],"pwb-brand":[1128],"product_brand":[],"product_cat":[763],"product_tag":[],"giftcard-category":[],"class_list":{"0":"post-46904","1":"product","2":"type-product","3":"status-publish","4":"has-post-thumbnail","6":"pwb-brand-natinuel","7":"product_cat-plauku-prieziura","9":"first","10":"instock","11":"taxable","12":"shipping-taxable","13":"purchasable","14":"product-type-simple"},"acf":[],"brands":[{"id":1128,"name":"Natinuel","slug":"natinuel"}],"_links":{"self":[{"href":"https:\/\/skinstudio.ee\/lt\/wp-json\/wp\/v2\/product\/46904","targetHints":{"allow":["GET"]}}],"collection":[{"href":"https:\/\/skinstudio.ee\/lt\/wp-json\/wp\/v2\/product"}],"about":[{"href":"https:\/\/skinstudio.ee\/lt\/wp-json\/wp\/v2\/types\/product"}],"version-history":[{"count":0,"href":"https:\/\/skinstudio.ee\/lt\/wp-json\/wp\/v2\/product\/46904\/revisions"}],"wp:featuredmedia":[{"embeddable":true,"href":"https:\/\/skinstudio.ee\/lt\/wp-json\/wp\/v2\/media\/67701"}],"wp:attachment":[{"href":"https:\/\/skinstudio.ee\/lt\/wp-json\/wp\/v2\/media?parent=46904"}],"wp:term":[{"taxonomy":"pwb-brand","embeddable":true,"href":"https:\/\/skinstudio.ee\/lt\/wp-json\/wp\/v2\/pwb-brand?post=46904"},{"taxonomy":"product_brand","embeddable":true,"href":"https:\/\/skinstudio.ee\/lt\/wp-json\/wp\/v2\/product_brand?post=46904"},{"taxonomy":"product_cat","embeddable":true,"href":"https:\/\/skinstudio.ee\/lt\/wp-json\/wp\/v2\/product_cat?post=46904"},{"taxonomy":"product_tag","embeddable":true,"href":"https:\/\/skinstudio.ee\/lt\/wp-json\/wp\/v2\/product_tag?post=46904"},{"taxonomy":"giftcard-category","embeddable":true,"href":"https:\/\/skinstudio.ee\/lt\/wp-json\/wp\/v2\/giftcard-category?post=46904"}],"curies":[{"name":"wp","href":"https:\/\/api.w.org\/{rel}","templated":true}]}}