{"id":46920,"date":"2025-08-24T10:44:01","date_gmt":"2025-08-24T10:44:01","guid":{"rendered":"https:\/\/skinstudio.ee\/?post_type=product&#038;p=46920"},"modified":"2026-01-19T15:13:30","modified_gmt":"2026-01-19T15:13:30","slug":"physilogy-shampoo","status":"publish","type":"product","link":"https:\/\/skinstudio.ee\/lt\/catalog\/natinuel\/physilogy-shampoo\/","title":{"rendered":"Physilogy Shampoo"},"content":{"rendered":"<p data-start=\"1109\" data-end=\"1529\">Produktas skirtas \u0161velniam galvos odos ir plauk\u0173 valymui su mink\u0161tomis, kremin\u0117mis putomis. Formul\u0117 sukurta be SLES ir SLS pavir\u0161iaus aktyvi\u0173j\u0173 med\u017eiag\u0173, tod\u0117l leid\u017eia veiksmingai i\u0161valyti nepa\u017eeid\u017eiant odos hidro-lipidinio barjero. Maitinan\u010dios med\u017eiagos suteikia plaukams blizgesio ir palengvina \u0161ukavim\u0105. Kvie\u010di\u0173 baltymai apr\u016bpina plaukus maistin\u0117mis med\u017eiagomis, tod\u0117l jie tampa stipresni, sveikesni ir atsparesni.<\/p>\n<p data-start=\"1531\" data-end=\"1550\"><strong data-start=\"1531\" data-end=\"1541\">T\u016bris:<\/strong> 250 ml<\/p>\n","protected":false},"excerpt":{"rendered":"<p data-start=\"1749\" data-end=\"1811\">Fiziologinis \u0161amp\u016bnas \u0161velniam plauk\u0173 ir galvos odos valymui<\/p>\n<h2 data-start=\"1813\" data-end=\"2111\"><strong data-start=\"1813\" data-end=\"1853\">Natinuel &#8211; Physilogy Shampoo savyb\u0117s<\/strong><\/h2>\n<p data-start=\"1813\" data-end=\"2111\">\u2714\ufe0f \u0160velniai valo, nepa\u017eeid\u017eiant odos hidro-lipidinio barjero<br data-start=\"1916\" data-end=\"1919\" \/>\u2714\ufe0f Turi antiseptin\u012f poveik\u012f ir daro plaukus \u0161ilkiniais<br data-start=\"1973\" data-end=\"1976\" \/>\u2714\ufe0f Pa\u0161alina sausum\u0105 ir skilin\u0117jim\u0105<br data-start=\"2010\" data-end=\"2013\" \/>\u2714\ufe0f Atkuria elastingum\u0105 ir suteikia apimties<br data-start=\"2056\" data-end=\"2059\" \/>\u2714\ufe0f Padaro plaukus lengvai i\u0161\u0161ukuojamus ir mink\u0161tus<\/p>\n","protected":false},"featured_media":67505,"template":"","meta":[],"pwb-brand":[1128],"product_brand":[],"product_cat":[763],"product_tag":[],"giftcard-category":[],"class_list":{"0":"post-46920","1":"product","2":"type-product","3":"status-publish","4":"has-post-thumbnail","6":"pwb-brand-natinuel","7":"product_cat-plauku-prieziura","9":"first","10":"instock","11":"taxable","12":"shipping-taxable","13":"purchasable","14":"product-type-simple"},"acf":[],"brands":[{"id":1128,"name":"Natinuel","slug":"natinuel"}],"_links":{"self":[{"href":"https:\/\/skinstudio.ee\/lt\/wp-json\/wp\/v2\/product\/46920","targetHints":{"allow":["GET"]}}],"collection":[{"href":"https:\/\/skinstudio.ee\/lt\/wp-json\/wp\/v2\/product"}],"about":[{"href":"https:\/\/skinstudio.ee\/lt\/wp-json\/wp\/v2\/types\/product"}],"version-history":[{"count":0,"href":"https:\/\/skinstudio.ee\/lt\/wp-json\/wp\/v2\/product\/46920\/revisions"}],"wp:featuredmedia":[{"embeddable":true,"href":"https:\/\/skinstudio.ee\/lt\/wp-json\/wp\/v2\/media\/67505"}],"wp:attachment":[{"href":"https:\/\/skinstudio.ee\/lt\/wp-json\/wp\/v2\/media?parent=46920"}],"wp:term":[{"taxonomy":"pwb-brand","embeddable":true,"href":"https:\/\/skinstudio.ee\/lt\/wp-json\/wp\/v2\/pwb-brand?post=46920"},{"taxonomy":"product_brand","embeddable":true,"href":"https:\/\/skinstudio.ee\/lt\/wp-json\/wp\/v2\/product_brand?post=46920"},{"taxonomy":"product_cat","embeddable":true,"href":"https:\/\/skinstudio.ee\/lt\/wp-json\/wp\/v2\/product_cat?post=46920"},{"taxonomy":"product_tag","embeddable":true,"href":"https:\/\/skinstudio.ee\/lt\/wp-json\/wp\/v2\/product_tag?post=46920"},{"taxonomy":"giftcard-category","embeddable":true,"href":"https:\/\/skinstudio.ee\/lt\/wp-json\/wp\/v2\/giftcard-category?post=46920"}],"curies":[{"name":"wp","href":"https:\/\/api.w.org\/{rel}","templated":true}]}}