{"id":46935,"date":"2025-08-24T10:54:02","date_gmt":"2025-08-24T10:54:02","guid":{"rendered":"https:\/\/skinstudio.ee\/?post_type=product&#038;p=46935"},"modified":"2026-01-19T15:13:30","modified_gmt":"2026-01-19T15:13:30","slug":"ozone-vital","status":"publish","type":"product","link":"https:\/\/skinstudio.ee\/lt\/catalog\/natinuel\/ozone-vital\/","title":{"rendered":"Ozone Vital"},"content":{"rendered":"<p data-start=\"805\" data-end=\"1012\"><strong>OZONE VITAL<\/strong> \u2013 preparatas, kurio sud\u0117tyje yra ozonuot\u0173 aliej\u0173 ir beta-gliciretin\u0117s r\u016bg\u0161ties. Produktas turi daug naudojimo indikacij\u0173 ir gali b\u016bti derinamas su kitomis priemon\u0117mis veido ir k\u016bno proced\u016brose.<\/p>\n<p data-start=\"1014\" data-end=\"1033\"><strong data-start=\"1014\" data-end=\"1024\">T\u016bris:<\/strong> 100 ml<\/p>\n","protected":false},"excerpt":{"rendered":"<p data-start=\"1063\" data-end=\"1122\">Raminamasis ir atgaivinantis ozonuotas pur\u0161kiamas aliejus<\/p>\n<h2 data-start=\"1124\" data-end=\"1513\"><strong data-start=\"1124\" data-end=\"1158\">Natinuel &#8211; Ozone Vital savyb\u0117s<\/strong><\/h2>\n<p data-start=\"1124\" data-end=\"1513\">\u2714\ufe0f Suteikia antibakterin\u012f ir antimikrobin\u012f poveik\u012f<br data-start=\"1211\" data-end=\"1214\" \/>\u2714\ufe0f Pagerina kraujotak\u0105 ir prisotina l\u0105steles deguonimi<br data-start=\"1268\" data-end=\"1271\" \/>\u2714\ufe0f Palaiko l\u0105steli\u0173 metabolizm\u0105, skatina riebal\u0173 skaidym\u0105 ir neutralizuoja laisvuosius radikalus<br data-start=\"1367\" data-end=\"1370\" \/>\u2714\ufe0f Turi prie\u0161u\u017edegimin\u012f, nuo patinimo, analgezin\u012f ir imunomoduliuojant\u012f poveik\u012f<br data-start=\"1449\" data-end=\"1452\" \/>\u2714\ufe0f Paspartina \u017eaizd\u0173 gijim\u0105 ir suteikia neurotrofin\u012f efekt\u0105<\/p>\n","protected":false},"featured_media":67499,"template":"","meta":[],"pwb-brand":[1128],"product_brand":[],"product_cat":[758],"product_tag":[],"giftcard-category":[],"class_list":{"0":"post-46935","1":"product","2":"type-product","3":"status-publish","4":"has-post-thumbnail","6":"pwb-brand-natinuel","7":"product_cat-kuno-prieziura","9":"first","10":"instock","11":"sale","12":"taxable","13":"shipping-taxable","14":"purchasable","15":"product-type-simple"},"acf":[],"brands":[{"id":1128,"name":"Natinuel","slug":"natinuel"}],"_links":{"self":[{"href":"https:\/\/skinstudio.ee\/lt\/wp-json\/wp\/v2\/product\/46935","targetHints":{"allow":["GET"]}}],"collection":[{"href":"https:\/\/skinstudio.ee\/lt\/wp-json\/wp\/v2\/product"}],"about":[{"href":"https:\/\/skinstudio.ee\/lt\/wp-json\/wp\/v2\/types\/product"}],"version-history":[{"count":0,"href":"https:\/\/skinstudio.ee\/lt\/wp-json\/wp\/v2\/product\/46935\/revisions"}],"wp:featuredmedia":[{"embeddable":true,"href":"https:\/\/skinstudio.ee\/lt\/wp-json\/wp\/v2\/media\/67499"}],"wp:attachment":[{"href":"https:\/\/skinstudio.ee\/lt\/wp-json\/wp\/v2\/media?parent=46935"}],"wp:term":[{"taxonomy":"pwb-brand","embeddable":true,"href":"https:\/\/skinstudio.ee\/lt\/wp-json\/wp\/v2\/pwb-brand?post=46935"},{"taxonomy":"product_brand","embeddable":true,"href":"https:\/\/skinstudio.ee\/lt\/wp-json\/wp\/v2\/product_brand?post=46935"},{"taxonomy":"product_cat","embeddable":true,"href":"https:\/\/skinstudio.ee\/lt\/wp-json\/wp\/v2\/product_cat?post=46935"},{"taxonomy":"product_tag","embeddable":true,"href":"https:\/\/skinstudio.ee\/lt\/wp-json\/wp\/v2\/product_tag?post=46935"},{"taxonomy":"giftcard-category","embeddable":true,"href":"https:\/\/skinstudio.ee\/lt\/wp-json\/wp\/v2\/giftcard-category?post=46935"}],"curies":[{"name":"wp","href":"https:\/\/api.w.org\/{rel}","templated":true}]}}