{"id":46958,"date":"2025-08-24T10:59:36","date_gmt":"2025-08-24T10:59:36","guid":{"rendered":"https:\/\/skinstudio.ee\/?post_type=product&#038;p=46958"},"modified":"2026-01-19T15:13:28","modified_gmt":"2026-01-19T15:13:28","slug":"body-vital","status":"publish","type":"product","link":"https:\/\/skinstudio.ee\/lt\/catalog\/natinuel\/body-vital\/","title":{"rendered":"Body Vital"},"content":{"rendered":"<p data-start=\"866\" data-end=\"1216\">BODY VITAL \u2013 k\u016bno losjonas, skirtas sausai odai. Sud\u0117tyje yra bioaktyvi\u0173 kompleks\u0173 ir \u201eLipomoist\u201c, kurie greitai atstato optimal\u0173 dr\u0117gm\u0117s lyg\u012f. Sustiprintas \u201eChronodyn\u201c \u2013 nauja sudedam\u0105ja dalimi, atkurian\u010dia l\u0105steli\u0173 metabolizm\u0105, suteikian\u010dia odai patrauklumo, dr\u0117gm\u0117s, glotnumo, \u0161velnumo, aksominio poj\u016b\u010dio bei komforto ir geros savijautos jausmo.<\/p>\n<p data-start=\"1218\" data-end=\"1237\"><strong data-start=\"1218\" data-end=\"1228\">T\u016bris:<\/strong> 150 ml<\/p>\n","protected":false},"excerpt":{"rendered":"<p data-start=\"1320\" data-end=\"1366\">Intensyviai dr\u0117kinantis k\u016bno losjonas-kremas<\/p>\n<h2 data-start=\"1368\" data-end=\"1614\"><strong data-start=\"1368\" data-end=\"1401\">Natinuel &#8211; Body Vital savyb\u0117s<\/strong><\/h2>\n<p data-start=\"1368\" data-end=\"1614\">\u2714\ufe0f I\u0161 karto atkuria ir ilgai i\u0161laiko dr\u0117gm\u0119<br data-start=\"1447\" data-end=\"1450\" \/>\u2714\ufe0f Palieka od\u0105 \u0161velni\u0105, glotni\u0105 ir komforti\u0161k\u0105<br data-start=\"1496\" data-end=\"1499\" \/>\u2714\ufe0f Suteikia gaivinant\u012f ir raminant\u012f poj\u016bt\u012f<br data-start=\"1541\" data-end=\"1544\" \/>\u2714\ufe0f Suteikia \u012fdegiui \u0161vyt\u0117jimo, pagerindamas jo atspalv\u012f ir patvarum\u0105<\/p>\n","protected":false},"featured_media":67494,"template":"","meta":[],"pwb-brand":[1128],"product_brand":[],"product_cat":[758],"product_tag":[],"giftcard-category":[],"class_list":{"0":"post-46958","1":"product","2":"type-product","3":"status-publish","4":"has-post-thumbnail","6":"pwb-brand-natinuel","7":"product_cat-kuno-prieziura","9":"first","10":"instock","11":"taxable","12":"shipping-taxable","13":"purchasable","14":"product-type-simple"},"acf":[],"brands":[{"id":1128,"name":"Natinuel","slug":"natinuel"}],"_links":{"self":[{"href":"https:\/\/skinstudio.ee\/lt\/wp-json\/wp\/v2\/product\/46958","targetHints":{"allow":["GET"]}}],"collection":[{"href":"https:\/\/skinstudio.ee\/lt\/wp-json\/wp\/v2\/product"}],"about":[{"href":"https:\/\/skinstudio.ee\/lt\/wp-json\/wp\/v2\/types\/product"}],"version-history":[{"count":0,"href":"https:\/\/skinstudio.ee\/lt\/wp-json\/wp\/v2\/product\/46958\/revisions"}],"wp:featuredmedia":[{"embeddable":true,"href":"https:\/\/skinstudio.ee\/lt\/wp-json\/wp\/v2\/media\/67494"}],"wp:attachment":[{"href":"https:\/\/skinstudio.ee\/lt\/wp-json\/wp\/v2\/media?parent=46958"}],"wp:term":[{"taxonomy":"pwb-brand","embeddable":true,"href":"https:\/\/skinstudio.ee\/lt\/wp-json\/wp\/v2\/pwb-brand?post=46958"},{"taxonomy":"product_brand","embeddable":true,"href":"https:\/\/skinstudio.ee\/lt\/wp-json\/wp\/v2\/product_brand?post=46958"},{"taxonomy":"product_cat","embeddable":true,"href":"https:\/\/skinstudio.ee\/lt\/wp-json\/wp\/v2\/product_cat?post=46958"},{"taxonomy":"product_tag","embeddable":true,"href":"https:\/\/skinstudio.ee\/lt\/wp-json\/wp\/v2\/product_tag?post=46958"},{"taxonomy":"giftcard-category","embeddable":true,"href":"https:\/\/skinstudio.ee\/lt\/wp-json\/wp\/v2\/giftcard-category?post=46958"}],"curies":[{"name":"wp","href":"https:\/\/api.w.org\/{rel}","templated":true}]}}