{"id":46974,"date":"2025-08-24T11:13:27","date_gmt":"2025-08-24T11:13:27","guid":{"rendered":"https:\/\/skinstudio.ee\/?post_type=product&#038;p=46974"},"modified":"2026-01-19T15:13:28","modified_gmt":"2026-01-19T15:13:28","slug":"body-plus-25-lotion","status":"publish","type":"product","link":"https:\/\/skinstudio.ee\/lt\/catalog\/natinuel\/body-plus-25-lotion\/","title":{"rendered":"Body Plus 25 Lotion"},"content":{"rendered":"<p data-start=\"1213\" data-end=\"1808\"><strong>BODY PLUS 25<\/strong> \u2013 k\u016bno tonikas, praturtintas naujausiais aktyviais ingredientais, skirtas kasdienei hipotoni\u0161kos ir sustor\u0117jusios odos prie\u017ei\u016brai. Jo formul\u0117je yra stipriai ir specifi\u0161kai veikian\u010di\u0173 biochemini\u0173 med\u017eiag\u0173, galin\u010di\u0173 paveikti \u012fvairius estetinius tr\u016bkumus. \u012evairios laisvos AHA r\u016bg\u0161tys yra derinamos su nauju specifiniu peptidu, kuris \u017eymiai biostimuliuoja fibroblastus. \u0160i\u0173 med\u017eiag\u0173 sinergija padeda palaikyti l\u0105steli\u0173 med\u017eiag\u0173 apykaitos pusiausvyr\u0105 ir skatina tiek DEJ, tiek dermos komponent\u0173 regeneracij\u0105. Produktas u\u017etikrina visi\u0161k\u0105 odos revitalizacij\u0105 ir strukt\u016brin\u012f atjauninim\u0105.<\/p>\n<p data-start=\"1810\" data-end=\"1829\"><strong data-start=\"1810\" data-end=\"1820\">T\u016bris:<\/strong> 150 ml<\/p>\n","protected":false},"excerpt":{"rendered":"<p data-start=\"1908\" data-end=\"1942\">Biostimuliuojantis k\u016bno losjonas<\/p>\n<h2 data-start=\"1944\" data-end=\"2322\"><strong data-start=\"1944\" data-end=\"1986\">Natinuel &#8211; Body Plus 25 Lotion savyb\u0117s<\/strong><\/h2>\n<p data-start=\"1944\" data-end=\"2322\">\u2714\ufe0f Stimuliuoja l\u0105steli\u0173 atsinaujinim\u0105 ir aktyvina fibroblastus<br data-start=\"2051\" data-end=\"2054\" \/>\u2714\ufe0f \u017dymiai pagerina odos glotnum\u0105, palikdamas j\u0105 \u0161velni\u0105 ir \u0161ilkin\u0119<br data-start=\"2120\" data-end=\"2123\" \/>\u2714\ufe0f Skatina kolageno, elastino ir glikozaminoglikan\u0173 sintez\u0119<br data-start=\"2182\" data-end=\"2185\" \/>\u2714\ufe0f Palaiko dermo-epiderminio junginio (DEJ) ir tarpl\u0105stelin\u0117s matricos (ECM) regeneracij\u0105<br data-start=\"2274\" data-end=\"2277\" \/>\u2714\ufe0f Pagerina odos tonus\u0105, stangrum\u0105 ir tank\u012f<\/p>\n","protected":false},"featured_media":67489,"template":"","meta":[],"pwb-brand":[1128],"product_brand":[],"product_cat":[758],"product_tag":[],"giftcard-category":[],"class_list":{"0":"post-46974","1":"product","2":"type-product","3":"status-publish","4":"has-post-thumbnail","6":"pwb-brand-natinuel","7":"product_cat-kuno-prieziura","9":"first","10":"instock","11":"taxable","12":"shipping-taxable","13":"purchasable","14":"product-type-simple"},"acf":[],"brands":[{"id":1128,"name":"Natinuel","slug":"natinuel"}],"_links":{"self":[{"href":"https:\/\/skinstudio.ee\/lt\/wp-json\/wp\/v2\/product\/46974","targetHints":{"allow":["GET"]}}],"collection":[{"href":"https:\/\/skinstudio.ee\/lt\/wp-json\/wp\/v2\/product"}],"about":[{"href":"https:\/\/skinstudio.ee\/lt\/wp-json\/wp\/v2\/types\/product"}],"version-history":[{"count":0,"href":"https:\/\/skinstudio.ee\/lt\/wp-json\/wp\/v2\/product\/46974\/revisions"}],"wp:featuredmedia":[{"embeddable":true,"href":"https:\/\/skinstudio.ee\/lt\/wp-json\/wp\/v2\/media\/67489"}],"wp:attachment":[{"href":"https:\/\/skinstudio.ee\/lt\/wp-json\/wp\/v2\/media?parent=46974"}],"wp:term":[{"taxonomy":"pwb-brand","embeddable":true,"href":"https:\/\/skinstudio.ee\/lt\/wp-json\/wp\/v2\/pwb-brand?post=46974"},{"taxonomy":"product_brand","embeddable":true,"href":"https:\/\/skinstudio.ee\/lt\/wp-json\/wp\/v2\/product_brand?post=46974"},{"taxonomy":"product_cat","embeddable":true,"href":"https:\/\/skinstudio.ee\/lt\/wp-json\/wp\/v2\/product_cat?post=46974"},{"taxonomy":"product_tag","embeddable":true,"href":"https:\/\/skinstudio.ee\/lt\/wp-json\/wp\/v2\/product_tag?post=46974"},{"taxonomy":"giftcard-category","embeddable":true,"href":"https:\/\/skinstudio.ee\/lt\/wp-json\/wp\/v2\/giftcard-category?post=46974"}],"curies":[{"name":"wp","href":"https:\/\/api.w.org\/{rel}","templated":true}]}}