{"id":46991,"date":"2025-08-24T11:24:26","date_gmt":"2025-08-24T11:24:26","guid":{"rendered":"https:\/\/skinstudio.ee\/?post_type=product&#038;p=46991"},"modified":"2026-01-19T15:13:28","modified_gmt":"2026-01-19T15:13:28","slug":"body-prime-cream","status":"publish","type":"product","link":"https:\/\/skinstudio.ee\/lt\/catalog\/natinuel\/body-prime-cream\/","title":{"rendered":"Body Prime Cream"},"content":{"rendered":"<p data-start=\"1075\" data-end=\"1483\"><strong>BODY PRIME<\/strong> sud\u0117tyje yra \u0161iuo metu veiksmingiausi\u0173 med\u017eiag\u0173, skirt\u0173 strukt\u016briniam poveikiui celiulitui. Kremas skatina riebalini\u0173 l\u0105steli\u0173 palaipsn\u012f virtim\u0105 \u201enauju\u201c audiniu \u2013 lygiu, stangriu, be duobu\u010di\u0173 ar nelygum\u0173. Jis pagerina skys\u010di\u0173 drena\u017e\u0105 ir med\u017eiag\u0173 apykaitos atliek\u0173 \u0161alinim\u0105, palaipsniui suma\u017eina celiulito zon\u0173 apimt\u012f ir formuoja nauj\u0105 siluet\u0105, kurio nebereikia sl\u0117pti, o galima dr\u0105siai parodyti.<\/p>\n<p data-start=\"1485\" data-end=\"1503\"><strong data-start=\"1485\" data-end=\"1495\">T\u016bris:<\/strong> 60 ml<\/p>\n","protected":false},"excerpt":{"rendered":"<p data-start=\"1582\" data-end=\"1628\">Anticeliulitinis ir k\u016bn\u0105 formuojantis kremas<\/p>\n<h2 data-start=\"1630\" data-end=\"2008\"><strong data-start=\"1630\" data-end=\"1669\">Natinuel &#8211; Body Prime Cream savyb\u0117s<\/strong><\/h2>\n<p data-start=\"1630\" data-end=\"2008\">\u2714\ufe0f Suma\u017eina duobu\u010di\u0173 ir \u201eapelsino \u017eievel\u0117s\u201c tekst\u016bros matomum\u0105<br data-start=\"1734\" data-end=\"1737\" \/>\u2714\ufe0f Skatina lygios, stangrios ir tonizuotos odos formavim\u0105si<br data-start=\"1796\" data-end=\"1799\" \/>\u2714\ufe0f Veikia adipocit\u0173 biochemij\u0105, stimuliuoja lipoliz\u0119 ir stabdo riebal\u0173 kaupim\u0105si<br data-start=\"1879\" data-end=\"1882\" \/>\u2714\ufe0f Pagerina limfos drena\u017e\u0105, suma\u017eina s\u0105stov\u012f ir pa\u0161alina toksinus<br data-start=\"1947\" data-end=\"1950\" \/>\u2714\ufe0f Pagerina mikrocirkuliacij\u0105 ir stiprina odos strukt\u016br\u0105<\/p>\n","protected":false},"featured_media":67484,"template":"","meta":[],"pwb-brand":[1128],"product_brand":[],"product_cat":[758],"product_tag":[],"giftcard-category":[],"class_list":{"0":"post-46991","1":"product","2":"type-product","3":"status-publish","4":"has-post-thumbnail","6":"pwb-brand-natinuel","7":"product_cat-kuno-prieziura","9":"first","10":"instock","11":"taxable","12":"shipping-taxable","13":"purchasable","14":"product-type-simple"},"acf":[],"brands":[{"id":1128,"name":"Natinuel","slug":"natinuel"}],"_links":{"self":[{"href":"https:\/\/skinstudio.ee\/lt\/wp-json\/wp\/v2\/product\/46991","targetHints":{"allow":["GET"]}}],"collection":[{"href":"https:\/\/skinstudio.ee\/lt\/wp-json\/wp\/v2\/product"}],"about":[{"href":"https:\/\/skinstudio.ee\/lt\/wp-json\/wp\/v2\/types\/product"}],"version-history":[{"count":0,"href":"https:\/\/skinstudio.ee\/lt\/wp-json\/wp\/v2\/product\/46991\/revisions"}],"wp:featuredmedia":[{"embeddable":true,"href":"https:\/\/skinstudio.ee\/lt\/wp-json\/wp\/v2\/media\/67484"}],"wp:attachment":[{"href":"https:\/\/skinstudio.ee\/lt\/wp-json\/wp\/v2\/media?parent=46991"}],"wp:term":[{"taxonomy":"pwb-brand","embeddable":true,"href":"https:\/\/skinstudio.ee\/lt\/wp-json\/wp\/v2\/pwb-brand?post=46991"},{"taxonomy":"product_brand","embeddable":true,"href":"https:\/\/skinstudio.ee\/lt\/wp-json\/wp\/v2\/product_brand?post=46991"},{"taxonomy":"product_cat","embeddable":true,"href":"https:\/\/skinstudio.ee\/lt\/wp-json\/wp\/v2\/product_cat?post=46991"},{"taxonomy":"product_tag","embeddable":true,"href":"https:\/\/skinstudio.ee\/lt\/wp-json\/wp\/v2\/product_tag?post=46991"},{"taxonomy":"giftcard-category","embeddable":true,"href":"https:\/\/skinstudio.ee\/lt\/wp-json\/wp\/v2\/giftcard-category?post=46991"}],"curies":[{"name":"wp","href":"https:\/\/api.w.org\/{rel}","templated":true}]}}