{"id":47007,"date":"2025-08-24T11:44:44","date_gmt":"2025-08-24T11:44:44","guid":{"rendered":"https:\/\/skinstudio.ee\/?post_type=product&#038;p=47007"},"modified":"2026-01-19T15:13:28","modified_gmt":"2026-01-19T15:13:28","slug":"body-shower","status":"publish","type":"product","link":"https:\/\/skinstudio.ee\/lt\/catalog\/natinuel\/body-shower\/","title":{"rendered":"Body Shower"},"content":{"rendered":"<p data-start=\"865\" data-end=\"1112\">BODY SHOWER: fiziologinis du\u0161o gelis da\u017enam naudojimui. U\u017etikrina optimali\u0105 odos \u0161var\u0105, nepa\u017eeisdamas hidro-lipidin\u0119 barjer\u0105, kurios pa\u017eeidimai da\u017eniausiai sukelia sausum\u0105 ir smulki\u0173 rauk\u0161li\u0173 atsiradim\u0105 odos pavir\u0161iuje. Dr\u0117kina ir mink\u0161tina od\u0105.<\/p>\n<p data-start=\"1114\" data-end=\"1133\"><strong data-start=\"1114\" data-end=\"1124\">T\u016bris:<\/strong> 200 ml<\/p>\n","protected":false},"excerpt":{"rendered":"<p data-start=\"1282\" data-end=\"1314\">Fiziologinis du\u0161o gelis-kremas<\/p>\n<h2 data-start=\"1316\" data-end=\"1615\"><strong data-start=\"1316\" data-end=\"1350\">Natinuel &#8211; Body Shower savyb\u0117s<\/strong><\/h2>\n<p data-start=\"1316\" data-end=\"1615\">\u2714\ufe0f \u0160velniai valo od\u0105, nepa\u017eeid\u017eiant hidro-lipidin\u0117s barjero<br data-start=\"1412\" data-end=\"1415\" \/>\u2714\ufe0f Dr\u0117kina ir apsaugo nuo sausumo bei tempimo jausmo<br data-start=\"1467\" data-end=\"1470\" \/>\u2714\ufe0f Palieka od\u0105 \u0161velni\u0105, lygi\u0105 ir \u0161ilkin\u0119<br data-start=\"1510\" data-end=\"1513\" \/>\u2714\ufe0f Palaiko odos elastingum\u0105 ir suteikia gaivumo poj\u016bt\u012f<br data-start=\"1567\" data-end=\"1570\" \/>\u2714\ufe0f Turi tonizuojant\u012f ir antiseptin\u012f poveik\u012f<\/p>\n","protected":false},"featured_media":67479,"template":"","meta":[],"pwb-brand":[1128],"product_brand":[],"product_cat":[758],"product_tag":[],"giftcard-category":[],"class_list":{"0":"post-47007","1":"product","2":"type-product","3":"status-publish","4":"has-post-thumbnail","6":"pwb-brand-natinuel","7":"product_cat-kuno-prieziura","9":"first","10":"instock","11":"taxable","12":"shipping-taxable","13":"purchasable","14":"product-type-simple"},"acf":[],"brands":[{"id":1128,"name":"Natinuel","slug":"natinuel"}],"_links":{"self":[{"href":"https:\/\/skinstudio.ee\/lt\/wp-json\/wp\/v2\/product\/47007","targetHints":{"allow":["GET"]}}],"collection":[{"href":"https:\/\/skinstudio.ee\/lt\/wp-json\/wp\/v2\/product"}],"about":[{"href":"https:\/\/skinstudio.ee\/lt\/wp-json\/wp\/v2\/types\/product"}],"version-history":[{"count":0,"href":"https:\/\/skinstudio.ee\/lt\/wp-json\/wp\/v2\/product\/47007\/revisions"}],"wp:featuredmedia":[{"embeddable":true,"href":"https:\/\/skinstudio.ee\/lt\/wp-json\/wp\/v2\/media\/67479"}],"wp:attachment":[{"href":"https:\/\/skinstudio.ee\/lt\/wp-json\/wp\/v2\/media?parent=47007"}],"wp:term":[{"taxonomy":"pwb-brand","embeddable":true,"href":"https:\/\/skinstudio.ee\/lt\/wp-json\/wp\/v2\/pwb-brand?post=47007"},{"taxonomy":"product_brand","embeddable":true,"href":"https:\/\/skinstudio.ee\/lt\/wp-json\/wp\/v2\/product_brand?post=47007"},{"taxonomy":"product_cat","embeddable":true,"href":"https:\/\/skinstudio.ee\/lt\/wp-json\/wp\/v2\/product_cat?post=47007"},{"taxonomy":"product_tag","embeddable":true,"href":"https:\/\/skinstudio.ee\/lt\/wp-json\/wp\/v2\/product_tag?post=47007"},{"taxonomy":"giftcard-category","embeddable":true,"href":"https:\/\/skinstudio.ee\/lt\/wp-json\/wp\/v2\/giftcard-category?post=47007"}],"curies":[{"name":"wp","href":"https:\/\/api.w.org\/{rel}","templated":true}]}}