{"id":48085,"date":"2025-05-21T13:44:02","date_gmt":"2025-05-21T13:44:02","guid":{"rendered":"https:\/\/skinstudio.ee\/?post_type=product&#038;p=48085"},"modified":"2026-03-23T13:20:58","modified_gmt":"2026-03-23T13:20:58","slug":"adaptogel-cleanser","status":"publish","type":"product","link":"https:\/\/skinstudio.ee\/lt\/catalog\/instytutum\/adaptogel-cleanser\/","title":{"rendered":"Adaptogel Cleanser"},"content":{"rendered":"<div class=\"product-description\" style=\"font-size: 15px; line-height: 1.7; color: #333;\">\n<p data-start=\"2258\" data-end=\"2504\"><strong data-start=\"2258\" data-end=\"2295\">Adaptogel Cleanser nuo Instytutum<\/strong> &#8211; naujos kartos valomasis gelis, derinantis efektyvum\u0105 ir \u0161velnum\u0105. Formul\u0117 \u0161velniai pa\u0161alina makia\u017e\u0105, perteklin\u012f sebum\u0105 ir miesto aplinkos ne\u0161varumus, nepa\u017eeisdama nat\u016bralios odos pusiausvyros ir mikrobiomo.<\/p>\n<p data-start=\"2506\" data-end=\"2824\">Priemon\u0117 skirta palaikyti odos \u0161var\u0105, komfort\u0105 ir atsparum\u0105 kasdieniams aplinkos streso veiksniams. Sud\u0117tyje naudojamos \u0161velnios augalin\u0117s kilm\u0117s nejonin\u0117s pavir\u0161inio aktyvumo med\u017eiagos, kurios efektyviai valo neperd\u017eiovindamos odos ir nesukeldamos tempimo poj\u016b\u010dio, pad\u0117damos i\u0161saugoti nat\u016bralias apsaugines funkcijas.<\/p>\n<p data-start=\"2826\" data-end=\"2869\"><strong data-start=\"2826\" data-end=\"2869\">Pagrindini\u0173 veikli\u0173j\u0173 med\u017eiag\u0173 poveikis<\/strong><\/p>\n<ul data-start=\"2871\" data-end=\"3174\">\n<li data-start=\"2871\" data-end=\"2972\">\n<p data-start=\"2873\" data-end=\"2972\"><strong data-start=\"2873\" data-end=\"2896\">\u017den\u0161enio ekstraktas<\/strong> &#8211; palaiko odos gyvybingum\u0105 ir padeda didinti atsparum\u0105 streso veiksniams.<\/p>\n<\/li>\n<li data-start=\"2973\" data-end=\"3071\">\n<p data-start=\"2975\" data-end=\"3071\"><strong data-start=\"2975\" data-end=\"3002\">Reishi grybo ekstraktas<\/strong> &#8211; padeda stiprinti apsaugines odos funkcijas ir palaikyti balans\u0105.<\/p>\n<\/li>\n<li data-start=\"3072\" data-end=\"3174\">\n<p data-start=\"3074\" data-end=\"3174\"><strong data-start=\"3074\" data-end=\"3096\">Alavijo ekstraktas<\/strong> &#8211; suteikia raminant\u012f poveik\u012f ir padeda i\u0161laikyti gaivumo bei komforto poj\u016bt\u012f.<\/p>\n<\/li>\n<\/ul>\n<p data-start=\"3176\" data-end=\"3364\">\u0160velni gelio tekst\u016bra lengvai pasiskirsto ant dr\u0117gnos odos, valo be agresyvaus poveikio ir nusiplauna nepalikdama tempimo jausmo. Po valymo oda jau\u010diasi \u0161vari, subalansuota ir komforti\u0161ka.<\/p>\n<p data-start=\"3366\" data-end=\"3557\"><strong data-start=\"3366\" data-end=\"3399\">Kam tinka Adaptogel Cleanser:<\/strong> vis\u0173 tip\u0173 odai, \u012fskaitant jautri\u0105, ypa\u010d esant polinkiui \u012f mi\u0161ri\u0105 ar riebi\u0105 od\u0105 ar u\u017edegiminius b\u0117rimus. Tinka kasdieniam naudojimui ir yra saugus aki\u0173 zonai.<\/p>\n<p data-start=\"3559\" data-end=\"3576\"><strong data-start=\"3559\" data-end=\"3569\">T\u016bris:<\/strong> 100 ml<\/p>\n<\/div>\n","protected":false},"excerpt":{"rendered":"<p data-start=\"3875\" data-end=\"3904\">Adaptogeninis valomasis gelis<\/p>\n<h2 data-start=\"3906\" data-end=\"3949\"><strong data-start=\"3906\" data-end=\"3949\">Instytutum &#8211; Adaptogel Cleanser Savyb\u0117s<\/strong><\/h2>\n<p data-start=\"3951\" data-end=\"4155\">\u2714\ufe0f Giliai valo nepa\u017eeisdamas odos balanso<br data-start=\"3992\" data-end=\"3995\" \/>\u2714\ufe0f Be sulfat\u0173 ir ma\u017eai putojanti formul\u0117<br data-start=\"4035\" data-end=\"4038\" \/>\u2714\ufe0f Pa\u0161alina makia\u017e\u0105 ir perteklin\u012f sebum\u0105<br data-start=\"4078\" data-end=\"4081\" \/>\u2714\ufe0f Palaiko apsaugin\u012f barjer\u0105 ir mikrobiom\u0105<br data-start=\"4123\" data-end=\"4126\" \/>\u2714\ufe0f Gaivina, dr\u0117kina ir ramina<\/p>\n","protected":false},"featured_media":61347,"template":"","meta":[],"pwb-brand":[1208],"product_brand":[],"product_cat":[742,746,748,718],"product_tag":[],"giftcard-category":[],"class_list":{"0":"post-48085","1":"product","2":"type-product","3":"status-publish","4":"has-post-thumbnail","6":"pwb-brand-instytutum","7":"product_cat-berimai","8":"product_cat-jautriai-odai","9":"product_cat-taukainai-adai-lt","10":"product_cat-valymas","12":"first","13":"instock","14":"taxable","15":"shipping-taxable","16":"purchasable","17":"product-type-simple"},"acf":[],"brands":[{"id":1208,"name":"Instytutum","slug":"instytutum"}],"_links":{"self":[{"href":"https:\/\/skinstudio.ee\/lt\/wp-json\/wp\/v2\/product\/48085","targetHints":{"allow":["GET"]}}],"collection":[{"href":"https:\/\/skinstudio.ee\/lt\/wp-json\/wp\/v2\/product"}],"about":[{"href":"https:\/\/skinstudio.ee\/lt\/wp-json\/wp\/v2\/types\/product"}],"version-history":[{"count":1,"href":"https:\/\/skinstudio.ee\/lt\/wp-json\/wp\/v2\/product\/48085\/revisions"}],"predecessor-version":[{"id":83730,"href":"https:\/\/skinstudio.ee\/lt\/wp-json\/wp\/v2\/product\/48085\/revisions\/83730"}],"wp:featuredmedia":[{"embeddable":true,"href":"https:\/\/skinstudio.ee\/lt\/wp-json\/wp\/v2\/media\/61347"}],"wp:attachment":[{"href":"https:\/\/skinstudio.ee\/lt\/wp-json\/wp\/v2\/media?parent=48085"}],"wp:term":[{"taxonomy":"pwb-brand","embeddable":true,"href":"https:\/\/skinstudio.ee\/lt\/wp-json\/wp\/v2\/pwb-brand?post=48085"},{"taxonomy":"product_brand","embeddable":true,"href":"https:\/\/skinstudio.ee\/lt\/wp-json\/wp\/v2\/product_brand?post=48085"},{"taxonomy":"product_cat","embeddable":true,"href":"https:\/\/skinstudio.ee\/lt\/wp-json\/wp\/v2\/product_cat?post=48085"},{"taxonomy":"product_tag","embeddable":true,"href":"https:\/\/skinstudio.ee\/lt\/wp-json\/wp\/v2\/product_tag?post=48085"},{"taxonomy":"giftcard-category","embeddable":true,"href":"https:\/\/skinstudio.ee\/lt\/wp-json\/wp\/v2\/giftcard-category?post=48085"}],"curies":[{"name":"wp","href":"https:\/\/api.w.org\/{rel}","templated":true}]}}