{"id":48150,"date":"2023-05-24T17:56:48","date_gmt":"2023-05-24T17:56:48","guid":{"rendered":"https:\/\/skinstudio.ee\/?post_type=product&#038;p=48150"},"modified":"2026-03-30T11:37:14","modified_gmt":"2026-03-30T11:37:14","slug":"superbiotic-regenerating-cream-next-gen","status":"publish","type":"product","link":"https:\/\/skinstudio.ee\/lt\/catalog\/instytutum\/superbiotic-regenerating-cream-next-gen\/","title":{"rendered":"SuperBiotic Regenerating Cream Next-Gen"},"content":{"rendered":"<p data-start=\"2534\" data-end=\"2863\"><strong data-start=\"2534\" data-end=\"2592\">SuperBiotic Regenerating Cream Next-Gen nuo Instytutum<\/strong> &#8211; pa\u017eangus atkuriamasis kremas su keramidais, pre- ir probiotikais, skirtas odos barjero stiprinimui ir mikrobiomo balanso atk\u016brimui. Formul\u0117 veikia ne tik jautrumo simptomus, bet ir j\u0173 prie\u017eastis, pad\u0117dama suma\u017einti paraudim\u0105, sudirginim\u0105 ir ankstyvo sen\u0117jimo po\u017eymius.<\/p>\n<p data-start=\"2865\" data-end=\"3091\">Kremas veikia pagal <strong>INSIDE &amp; OUT Technology<\/strong> princip\u0105: palaiko aktyvi\u0173j\u0173 med\u017eiag\u0173 stabilum\u0105, stiprina odos apsaugines funkcijas ir skatina atsinaujinim\u0105. Oda tampa atsparesn\u0117, ma\u017e\u0117ja reaktyvumas, ger\u0117ja bendras tonas ir tankis.<\/p>\n<p data-start=\"3093\" data-end=\"3227\">Tinka kasdieniam naudojimui bei odos atstatymui po r\u016bg\u0161\u010di\u0173, retinolio ir intensyvi\u0173 proced\u016br\u0173, u\u017etikrinant komfort\u0105 net jautriai odai.<\/p>\n<p data-start=\"3229\" data-end=\"3260\"><strong>Pagrindini\u0173 komponent\u0173 veikimas:<\/strong><\/p>\n<p data-start=\"3262\" data-end=\"3390\"><strong data-start=\"3262\" data-end=\"3319\">3% Pre- &amp; Probiotics Complex + 3% Brown Algae Extract<\/strong> &#8211; atkuria mikrobiom\u0105, aktyvina regeneracij\u0105 ir didina odos atsparum\u0105<\/p>\n<p data-start=\"3392\" data-end=\"3555\"><strong data-start=\"3392\" data-end=\"3479\">Barrier &amp; Protection Complex (Plant Ceramides + Squalane + Cherimoya + Albatrellus)<\/strong> &#8211; stiprina odos barjer\u0105, ma\u017eina jautrum\u0105 ir apsaugo nuo dr\u0117gm\u0117s praradimo<\/p>\n<p data-start=\"3557\" data-end=\"3695\"><strong data-start=\"3557\" data-end=\"3616\">Polyglutamic Acid + Provitamin B5 + antioxidant complex<\/strong> &#8211; u\u017etikrina gil\u0173 dr\u0117kinim\u0105, gerina elastingum\u0105 ir palaiko odos atsinaujinim\u0105<\/p>\n<p data-start=\"3697\" data-end=\"3928\">Kam tinka SuperBiotic Regenerating Cream Next-Gen: vis\u0173 tip\u0173 odai, ypa\u010d jautriai ir reaktyviai, linkusiai \u012f paraudim\u0105, sudirginim\u0105 ir barjero pa\u017eeidimus. Tinka atstatymui po r\u016bg\u0161\u010di\u0173, retinolio ir piling\u0173 bei kasdieninei prie\u017ei\u016brai.<\/p>\n<p data-start=\"3930\" data-end=\"3950\"><strong>T\u016bris:<\/strong> 15 ml \/ 50 ml<\/p>\n","protected":false},"excerpt":{"rendered":"<p data-start=\"4244\" data-end=\"4277\">Atstatomasis kremas su keramidais<\/p>\n<h2 data-start=\"4279\" data-end=\"4343\"><strong data-start=\"4279\" data-end=\"4343\">INSTYTUTUM &#8211; SuperBiotic Regenerating Cream Next-Gen Savyb\u0117s<\/strong><\/h2>\n<p data-start=\"4345\" data-end=\"4556\">\u2714\ufe0f Stiprina odos barjer\u0105 ir ma\u017eina jautrum\u0105<br data-start=\"4388\" data-end=\"4391\" \/>\u2714\ufe0f Atkuria odos mikrobiomo balans\u0105<br data-start=\"4425\" data-end=\"4428\" \/>\u2714\ufe0f Ma\u017eina paraudim\u0105 ir u\u017edegimines reakcijas<br data-start=\"4472\" data-end=\"4475\" \/>\u2714\ufe0f Intensyviai dr\u0117kina ir gerina elastingum\u0105<br data-start=\"4519\" data-end=\"4522\" \/>\u2714\ufe0f Didina odos atsparum\u0105 stresui<\/p>\n<p data-start=\"4558\" data-end=\"4593\"><span style=\"text-decoration: underline; color: #0000ff;\"><a style=\"color: #0000ff; text-decoration: underline;\" href=\"https:\/\/skinstudio.ee\/lt\/catalog\/instytutum\/superbiotic-regenerating-cream-pod\/\">Taip pat prieinama refill versija!<\/a><\/span><\/p>\n","protected":false},"featured_media":88884,"template":"","meta":[],"pwb-brand":[1208],"product_brand":[],"product_cat":[742,738,746,1407,750,748,754],"product_tag":[],"giftcard-category":[],"class_list":{"0":"post-48150","1":"product","2":"type-product","3":"status-publish","4":"has-post-thumbnail","6":"pwb-brand-instytutum","7":"product_cat-berimai","8":"product_cat-drekinimas","9":"product_cat-jautriai-odai","10":"product_cat-naujiena","11":"product_cat-senstanti-oda","12":"product_cat-taukainai-adai-lt","13":"product_cat-travel-size-lt","14":"pa_suurus-15ml-lt","15":"pa_suurus-50ml-lt","17":"first","18":"instock","19":"taxable","20":"shipping-taxable","21":"purchasable","22":"product-type-variable"},"acf":[],"brands":[{"id":1208,"name":"Instytutum","slug":"instytutum"}],"_links":{"self":[{"href":"https:\/\/skinstudio.ee\/lt\/wp-json\/wp\/v2\/product\/48150","targetHints":{"allow":["GET"]}}],"collection":[{"href":"https:\/\/skinstudio.ee\/lt\/wp-json\/wp\/v2\/product"}],"about":[{"href":"https:\/\/skinstudio.ee\/lt\/wp-json\/wp\/v2\/types\/product"}],"version-history":[{"count":5,"href":"https:\/\/skinstudio.ee\/lt\/wp-json\/wp\/v2\/product\/48150\/revisions"}],"predecessor-version":[{"id":88929,"href":"https:\/\/skinstudio.ee\/lt\/wp-json\/wp\/v2\/product\/48150\/revisions\/88929"}],"wp:featuredmedia":[{"embeddable":true,"href":"https:\/\/skinstudio.ee\/lt\/wp-json\/wp\/v2\/media\/88884"}],"wp:attachment":[{"href":"https:\/\/skinstudio.ee\/lt\/wp-json\/wp\/v2\/media?parent=48150"}],"wp:term":[{"taxonomy":"pwb-brand","embeddable":true,"href":"https:\/\/skinstudio.ee\/lt\/wp-json\/wp\/v2\/pwb-brand?post=48150"},{"taxonomy":"product_brand","embeddable":true,"href":"https:\/\/skinstudio.ee\/lt\/wp-json\/wp\/v2\/product_brand?post=48150"},{"taxonomy":"product_cat","embeddable":true,"href":"https:\/\/skinstudio.ee\/lt\/wp-json\/wp\/v2\/product_cat?post=48150"},{"taxonomy":"product_tag","embeddable":true,"href":"https:\/\/skinstudio.ee\/lt\/wp-json\/wp\/v2\/product_tag?post=48150"},{"taxonomy":"giftcard-category","embeddable":true,"href":"https:\/\/skinstudio.ee\/lt\/wp-json\/wp\/v2\/giftcard-category?post=48150"}],"curies":[{"name":"wp","href":"https:\/\/api.w.org\/{rel}","templated":true}]}}