{"id":48162,"date":"2023-05-24T17:56:47","date_gmt":"2023-05-24T17:56:47","guid":{"rendered":"https:\/\/skinstudio.ee\/?post_type=product&#038;p=48162"},"modified":"2026-02-27T12:02:13","modified_gmt":"2026-02-27T12:02:13","slug":"hydrafusion-4d-hydrating-water-burst-cream","status":"publish","type":"product","link":"https:\/\/skinstudio.ee\/lt\/catalog\/instytutum\/hydrafusion-4d-hydrating-water-burst-cream\/","title":{"rendered":"HydraFusion 4D Hydrating Water Burst Cream"},"content":{"rendered":"<p data-start=\"1823\" data-end=\"2190\"><strong data-start=\"1823\" data-end=\"1884\">HydraFusion 4D Hydrating Water Burst Cream nuo Instytutum<\/strong> &#8211; pa\u017eangus atkuriamasis vandens kremas su i\u0161skirtiniu water-burst efektu, kuris akimirksniu prisotina od\u0105 dr\u0117gme. Keturi\u0173 molekulini\u0173 dyd\u017ei\u0173 hialurono r\u016bg\u0161tis sukuria trimat\u012f dr\u0117kinimo tinkl\u0105, veikiant\u012f skirtinguose odos sluoksniuose ir padedant\u012f palaikyti optimal\u0173 dr\u0117gm\u0117s balans\u0105 i\u0161 i\u0161or\u0117s ir i\u0161 vidaus.<\/p>\n<p data-start=\"2192\" data-end=\"2348\">Lengvos gelin\u0117s tekst\u016bros kremas dr\u0117kina iki 24 valand\u0173, padeda gerinti tekst\u016br\u0105 ir suteikia lygesn\u0119, gaivesn\u0119 bei elastingesn\u0119 i\u0161vaizd\u0105 be sunkumo poj\u016b\u010dio.<\/p>\n<p data-start=\"2350\" data-end=\"2393\"><strong data-start=\"2350\" data-end=\"2393\">Pagrindini\u0173 veikli\u0173j\u0173 med\u017eiag\u0173 poveikis<\/strong><\/p>\n<ul data-start=\"2394\" data-end=\"2662\">\n<li data-start=\"2394\" data-end=\"2489\">\n<p data-start=\"2396\" data-end=\"2489\"><strong data-start=\"2396\" data-end=\"2427\">4 hialurono r\u016bg\u0161ties formos<\/strong> &#8211; u\u017etikrina daugialyg\u012f 3D dr\u0117kinim\u0105 ir palaiko elastingum\u0105.<\/p>\n<\/li>\n<li data-start=\"2490\" data-end=\"2573\">\n<p data-start=\"2492\" data-end=\"2573\"><strong data-start=\"2492\" data-end=\"2519\">Skvalanas ir glicerinas<\/strong> &#8211; padeda i\u0161laikyti dr\u0117gm\u0119 ir stiprina odos barjer\u0105.<\/p>\n<\/li>\n<li data-start=\"2574\" data-end=\"2662\">\n<p data-start=\"2576\" data-end=\"2662\"><strong data-start=\"2576\" data-end=\"2609\">Papainas (papajos ekstraktas)<\/strong> &#8211; \u0161velniai skatina atsinaujinim\u0105 ir gerina tekst\u016br\u0105.<\/p>\n<\/li>\n<\/ul>\n<p data-start=\"2664\" data-end=\"2806\">Rezultatas &#8211; oda tampa lygesn\u0117, giliai sudr\u0117kinta ir elastingesn\u0117, suma\u017e\u0117ja smulki\u0173 linij\u0173 matomumas, atsiranda nat\u016bralus ir gaivus spindesys.<\/p>\n<p data-start=\"2808\" data-end=\"3022\"><strong data-start=\"2808\" data-end=\"2865\">Kam tinka HydraFusion 4D Hydrating Water Burst Cream:<\/strong> normaliai, sausai ir dehidratuotai odai, ypa\u010d esant tempimo poj\u016b\u010diui, papilk\u0117jimui ar suma\u017e\u0117jusiam elastingumui. Tinka kasdieniam naudojimui ryte ir vakare.<\/p>\n<p data-start=\"3024\" data-end=\"3050\"><strong data-start=\"3024\" data-end=\"3034\">T\u016bris:<\/strong> 15 ml \/ 50 ml<\/p>\n","protected":false},"excerpt":{"rendered":"<p data-start=\"3189\" data-end=\"3251\">Dr\u0117kinamasis gelinis kremas su 4 hialurono r\u016bg\u0161ties formomis<\/p>\n<h2 data-start=\"3253\" data-end=\"3320\"><strong data-start=\"3253\" data-end=\"3320\">Instytutum &#8211; HydraFusion 4D Hydrating Water Burst Cream Savyb\u0117s<\/strong><\/h2>\n<p data-start=\"3322\" data-end=\"3531\">\u2714\ufe0f Giliai ir ilgai dr\u0117kina od\u0105<br data-start=\"3352\" data-end=\"3355\" \/>\u2714\ufe0f Gerina elastingum\u0105 ir ma\u017eina smulkias linijas<br data-start=\"3403\" data-end=\"3406\" \/>\u2714\ufe0f Gerina tekst\u016br\u0105 ir skatina atsinaujinim\u0105<br data-start=\"3449\" data-end=\"3452\" \/>\u2714\ufe0f Suteikia odai spindesio ir glotnumo<br data-start=\"3490\" data-end=\"3493\" \/>\u2714\ufe0f Palaiko barjer\u0105 ir ma\u017eina sausum\u0105<\/p>\n","protected":false},"featured_media":48163,"template":"","meta":[],"pwb-brand":[1208],"product_brand":[],"product_cat":[738,746,748,754],"product_tag":[],"giftcard-category":[],"class_list":{"0":"post-48162","1":"product","2":"type-product","3":"status-publish","4":"has-post-thumbnail","6":"pwb-brand-instytutum","7":"product_cat-drekinimas","8":"product_cat-jautriai-odai","9":"product_cat-taukainai-adai-lt","10":"product_cat-travel-size-lt","11":"pa_suurus-15ml-lt","12":"pa_suurus-50ml-lt","14":"first","15":"instock","16":"taxable","17":"shipping-taxable","18":"purchasable","19":"product-type-variable"},"acf":[],"brands":[{"id":1208,"name":"Instytutum","slug":"instytutum"}],"_links":{"self":[{"href":"https:\/\/skinstudio.ee\/lt\/wp-json\/wp\/v2\/product\/48162","targetHints":{"allow":["GET"]}}],"collection":[{"href":"https:\/\/skinstudio.ee\/lt\/wp-json\/wp\/v2\/product"}],"about":[{"href":"https:\/\/skinstudio.ee\/lt\/wp-json\/wp\/v2\/types\/product"}],"version-history":[{"count":2,"href":"https:\/\/skinstudio.ee\/lt\/wp-json\/wp\/v2\/product\/48162\/revisions"}],"predecessor-version":[{"id":83885,"href":"https:\/\/skinstudio.ee\/lt\/wp-json\/wp\/v2\/product\/48162\/revisions\/83885"}],"wp:featuredmedia":[{"embeddable":true,"href":"https:\/\/skinstudio.ee\/lt\/wp-json\/wp\/v2\/media\/48163"}],"wp:attachment":[{"href":"https:\/\/skinstudio.ee\/lt\/wp-json\/wp\/v2\/media?parent=48162"}],"wp:term":[{"taxonomy":"pwb-brand","embeddable":true,"href":"https:\/\/skinstudio.ee\/lt\/wp-json\/wp\/v2\/pwb-brand?post=48162"},{"taxonomy":"product_brand","embeddable":true,"href":"https:\/\/skinstudio.ee\/lt\/wp-json\/wp\/v2\/product_brand?post=48162"},{"taxonomy":"product_cat","embeddable":true,"href":"https:\/\/skinstudio.ee\/lt\/wp-json\/wp\/v2\/product_cat?post=48162"},{"taxonomy":"product_tag","embeddable":true,"href":"https:\/\/skinstudio.ee\/lt\/wp-json\/wp\/v2\/product_tag?post=48162"},{"taxonomy":"giftcard-category","embeddable":true,"href":"https:\/\/skinstudio.ee\/lt\/wp-json\/wp\/v2\/giftcard-category?post=48162"}],"curies":[{"name":"wp","href":"https:\/\/api.w.org\/{rel}","templated":true}]}}