{"id":48169,"date":"2023-05-24T17:56:47","date_gmt":"2023-05-24T17:56:47","guid":{"rendered":"https:\/\/skinstudio.ee\/?post_type=product&#038;p=48169"},"modified":"2026-02-27T11:23:03","modified_gmt":"2026-02-27T11:23:03","slug":"c-illuminating-3d-moisturizer","status":"publish","type":"product","link":"https:\/\/skinstudio.ee\/lt\/catalog\/instytutum\/c-illuminating-3d-moisturizer\/","title":{"rendered":"C-Illuminating 3D Moisturizer"},"content":{"rendered":"<p data-start=\"1931\" data-end=\"2210\"><strong data-start=\"1931\" data-end=\"1991\">Brightening C-Illuminating 3D Moisturizer nuo Instytutum<\/strong> &#8211; inovatyvus dr\u0117kinamasis kremas, padedantis suvienodinti odos ton\u0105, pagerinti stangrum\u0105 ir suteikti intensyv\u0173 dr\u0117kinim\u0105. Jis ma\u017eina papilk\u0117jim\u0105, vizualiai i\u0161lygina odos pavir\u0161i\u0173 ir atkuria daugiamat\u012f, \u0161vytint\u012f efekt\u0105.<\/p>\n<p data-start=\"2212\" data-end=\"2335\">Kremas sukuria matom\u0105 \u201e3D \u0161vyt\u0117jimo\u201c efekt\u0105 \u2014 oda atrodo lygesn\u0117, putlesn\u0117 ir labiau pri\u017ei\u016br\u0117ta, su sveiku, tolygiu fini\u0161u.<\/p>\n<p data-start=\"2337\" data-end=\"2380\"><strong data-start=\"2337\" data-end=\"2380\">Pagrindini\u0173 veikli\u0173j\u0173 med\u017eiag\u0173 poveikis<\/strong><\/p>\n<ul data-start=\"2381\" data-end=\"2668\">\n<li data-start=\"2381\" data-end=\"2506\">\n<p data-start=\"2383\" data-end=\"2506\"><strong data-start=\"2383\" data-end=\"2424\">Vitaminas C (3-O-Ethyl Ascorbic Acid)<\/strong> &#8211; ma\u017eina pigmentacij\u0105, sustiprina \u0161vyt\u0117jim\u0105 ir suteikia antioksidacin\u0119 apsaug\u0105.<\/p>\n<\/li>\n<li data-start=\"2507\" data-end=\"2580\">\n<p data-start=\"2509\" data-end=\"2580\"><strong data-start=\"2509\" data-end=\"2525\">Tripeptide-1<\/strong> &#8211; skatina kolageno sintez\u0119 ir gerina odos stangrum\u0105.<\/p>\n<\/li>\n<li data-start=\"2581\" data-end=\"2668\">\n<p data-start=\"2583\" data-end=\"2668\"><strong data-start=\"2583\" data-end=\"2617\">Daugiapakop\u0117 hialurono r\u016bg\u0161tis<\/strong> &#8211; u\u017etikrina daugiasluoksn\u012f ir ilgalaik\u012f dr\u0117kinim\u0105.<\/p>\n<\/li>\n<\/ul>\n<p data-start=\"2670\" data-end=\"2816\">Tekst\u016bra vidutini\u0161kai sodri ir maitinanti, ta\u010diau komforti\u0161ka: kremas tolygiai pasiskirsto, suteikia \u0161vytint\u012f efekt\u0105 ir pilnumo poj\u016bt\u012f be sunkumo.<\/p>\n<p data-start=\"2818\" data-end=\"3085\"><strong data-start=\"2818\" data-end=\"2874\">Kam tinka Brightening C-Illuminating 3D Moisturizer:<\/strong> normaliai, sausai ir mi\u0161riai odai, ypa\u010d papilk\u0117jusiai ir dehidratuotai odai su suma\u017e\u0117jusiu stangrumu. Rekomenduojamas \u0161altuoju met\u0173 laiku arba laikotarpiais, kai odai reikia intensyvesnio maitinimo ir atk\u016brimo.<\/p>\n<p data-start=\"3087\" data-end=\"3113\"><strong data-start=\"3087\" data-end=\"3097\">T\u016bris:<\/strong> 15 ml \/ 50 ml<\/p>\n","protected":false},"excerpt":{"rendered":"<p data-start=\"3425\" data-end=\"3466\">Dr\u0117kinamasis kremas su \u0161vyt\u0117jimo efektu<\/p>\n<h2 data-start=\"3468\" data-end=\"3522\"><strong data-start=\"3468\" data-end=\"3522\">Instytutum &#8211; C-Illuminating 3D Moisturizer Savyb\u0117s<\/strong><\/h2>\n<p data-start=\"3524\" data-end=\"3735\">\u2714\ufe0f Suteikia odai momentin\u012f \u0161vyt\u0117jim\u0105<br data-start=\"3560\" data-end=\"3563\" \/>\u2714\ufe0f Ma\u017eina pigmentacij\u0105 ir suvienodina ton\u0105<br data-start=\"3605\" data-end=\"3608\" \/>\u2714\ufe0f U\u017etikrina daugiasluoksn\u012f dr\u0117kinim\u0105<br data-start=\"3645\" data-end=\"3648\" \/>\u2714\ufe0f Gerina odos stangrum\u0105 ir tank\u012f<br data-start=\"3681\" data-end=\"3684\" \/>\u2714\ufe0f Palaiko odos barjer\u0105 ir antioksidacin\u0119 apsaug\u0105<\/p>\n","protected":false},"featured_media":61482,"template":"","meta":[],"pwb-brand":[1208],"product_brand":[],"product_cat":[738,746,752,740,750,754,730],"product_tag":[],"giftcard-category":[],"class_list":{"0":"post-48169","1":"product","2":"type-product","3":"status-publish","4":"has-post-thumbnail","6":"pwb-brand-instytutum","7":"product_cat-drekinimas","8":"product_cat-jautriai-odai","9":"product_cat-pigmentacija-lt","10":"product_cat-sausai-odai","11":"product_cat-senstanti-oda","12":"product_cat-travel-size-lt","13":"product_cat-vitaminas-c","14":"pa_suurus-15ml-lt","15":"pa_suurus-50ml-lt","17":"first","18":"instock","19":"sale","20":"taxable","21":"shipping-taxable","22":"purchasable","23":"product-type-variable"},"acf":[],"brands":[{"id":1208,"name":"Instytutum","slug":"instytutum"}],"_links":{"self":[{"href":"https:\/\/skinstudio.ee\/lt\/wp-json\/wp\/v2\/product\/48169","targetHints":{"allow":["GET"]}}],"collection":[{"href":"https:\/\/skinstudio.ee\/lt\/wp-json\/wp\/v2\/product"}],"about":[{"href":"https:\/\/skinstudio.ee\/lt\/wp-json\/wp\/v2\/types\/product"}],"version-history":[{"count":3,"href":"https:\/\/skinstudio.ee\/lt\/wp-json\/wp\/v2\/product\/48169\/revisions"}],"predecessor-version":[{"id":83838,"href":"https:\/\/skinstudio.ee\/lt\/wp-json\/wp\/v2\/product\/48169\/revisions\/83838"}],"wp:featuredmedia":[{"embeddable":true,"href":"https:\/\/skinstudio.ee\/lt\/wp-json\/wp\/v2\/media\/61482"}],"wp:attachment":[{"href":"https:\/\/skinstudio.ee\/lt\/wp-json\/wp\/v2\/media?parent=48169"}],"wp:term":[{"taxonomy":"pwb-brand","embeddable":true,"href":"https:\/\/skinstudio.ee\/lt\/wp-json\/wp\/v2\/pwb-brand?post=48169"},{"taxonomy":"product_brand","embeddable":true,"href":"https:\/\/skinstudio.ee\/lt\/wp-json\/wp\/v2\/product_brand?post=48169"},{"taxonomy":"product_cat","embeddable":true,"href":"https:\/\/skinstudio.ee\/lt\/wp-json\/wp\/v2\/product_cat?post=48169"},{"taxonomy":"product_tag","embeddable":true,"href":"https:\/\/skinstudio.ee\/lt\/wp-json\/wp\/v2\/product_tag?post=48169"},{"taxonomy":"giftcard-category","embeddable":true,"href":"https:\/\/skinstudio.ee\/lt\/wp-json\/wp\/v2\/giftcard-category?post=48169"}],"curies":[{"name":"wp","href":"https:\/\/api.w.org\/{rel}","templated":true}]}}