{"id":48247,"date":"2025-02-24T14:07:12","date_gmt":"2025-02-24T14:07:12","guid":{"rendered":"https:\/\/skinstudio.ee\/?post_type=product&#038;p=48247"},"modified":"2026-03-23T13:36:59","modified_gmt":"2026-03-23T13:36:59","slug":"revitalizing-cryoshot-hydrating-serum","status":"publish","type":"product","link":"https:\/\/skinstudio.ee\/lt\/catalog\/instytutum\/revitalizing-cryoshot-hydrating-serum\/","title":{"rendered":"Revitalizing Cryoshot Hydrating Serum"},"content":{"rendered":"<p data-start=\"2572\" data-end=\"2915\"><strong data-start=\"2572\" data-end=\"2615\">Revitalizing Cryoshot Hydrating Serum nuo Instytutum<\/strong> &#8211; momentinis gaivumo ir spindesio efektas stres\u0105 patirian\u010diai odai. \u0160is inovatyvus serumo kompleksas sujungia krioterapijos \u012fkv\u0117pt\u0105 v\u0117sinant\u012f poveik\u012f su auk\u0161to veiksmingumo aktyviosiomis med\u017eiagomis, pad\u0117damas suma\u017einti paburkim\u0105 ir paraudim\u0105, atkurti odos tonus\u0105 bei palaikyti apsaugines funkcijas.<\/p>\n<p data-start=\"2917\" data-end=\"3124\">Formul\u0117 skirta intensyviam dr\u0117kinimui, odos komforto atk\u016brimui ir bendros i\u0161vaizdos gerinimui. Priemon\u0117 padeda palaikyti tolygesn\u012f atspalv\u012f, ma\u017einti nuovargio po\u017eymius ir sugr\u0105\u017einti gaiv\u0173, pri\u017ei\u016br\u0117t\u0105 vaizd\u0105.<\/p>\n<p data-start=\"3126\" data-end=\"3169\"><strong data-start=\"3126\" data-end=\"3169\">Pagrindini\u0173 veikli\u0173j\u0173 med\u017eiag\u0173 poveikis<\/strong><\/p>\n<ul data-start=\"3171\" data-end=\"3491\">\n<li data-start=\"3171\" data-end=\"3295\">\n<p data-start=\"3173\" data-end=\"3295\"><strong data-start=\"3173\" data-end=\"3193\">10% niacinamidas<\/strong> &#8211; padeda suvienodinti odos ton\u0105, palaiko apsaugin\u0119 barjerin\u0119 funkcij\u0105 ir ma\u017eina paraudimo matomum\u0105.<\/p>\n<\/li>\n<li data-start=\"3296\" data-end=\"3404\">\n<p data-start=\"3298\" data-end=\"3404\"><strong data-start=\"3298\" data-end=\"3336\">Daugiamolekulin\u0117 hialurono r\u016bg\u0161tis<\/strong> &#8211; u\u017etikrina daugiasluoksn\u012f dr\u0117kinim\u0105 ir palaiko odos elastingum\u0105.<\/p>\n<\/li>\n<li data-start=\"3405\" data-end=\"3491\">\n<p data-start=\"3407\" data-end=\"3491\"><strong data-start=\"3407\" data-end=\"3429\">Peptid\u0173 kompleksas<\/strong> &#8211; padeda i\u0161laikyti odos stangrum\u0105 ir gerinti bendr\u0105 i\u0161vaizd\u0105.<\/p>\n<\/li>\n<\/ul>\n<p data-start=\"3493\" data-end=\"3729\">Lengva serumo tekst\u016bra greitai \u012fsigeria, suteikdama momentin\u012f gaivumo ir komforto poj\u016bt\u012f be lipnumo ar sunkumo. U\u017etepus oda tampa lygesn\u0117 ir geriau sudr\u0117kinta, o v\u0117sinantis efektas padeda vizualiai atgaivinti ir tonizuoti odos i\u0161vaizd\u0105.<\/p>\n<p data-start=\"3731\" data-end=\"3995\"><strong data-start=\"3731\" data-end=\"3770\">Kam tinka Revitalizing Cryoshot Hydrating Serum:<\/strong> vis\u0173 tip\u0173 odai, \u012fskaitant jautri\u0105, ypa\u010d esant polinkiui \u012f paraudim\u0105, sausum\u0105, papilk\u0117jim\u0105, ankstyvas rauk\u0161les ar nuovargio po\u017eymius. Tinka kasdieniam naudojimui ryte ir vakare, taip pat greitam odos atgaivinimui dienos metu.<\/p>\n<p data-start=\"3997\" data-end=\"4013\"><strong data-start=\"3997\" data-end=\"4007\">T\u016bris:<\/strong> 30 ml<\/p>\n","protected":false},"excerpt":{"rendered":"<p data-start=\"4402\" data-end=\"4427\">Krio dr\u0117kinamasis serumas<\/p>\n<h2 data-start=\"4429\" data-end=\"4491\"><strong data-start=\"4429\" data-end=\"4491\">Instytutum &#8211; Revitalizing Cryoshot Hydrating Serum Savyb\u0117s<\/strong><\/h2>\n<p data-start=\"4493\" data-end=\"4757\">\u2714\ufe0f Akimirksniu dr\u0117kina ir suteikia gaivi\u0105 i\u0161vaizd\u0105<br data-start=\"4543\" data-end=\"4546\" \/>\u2714\ufe0f Padeda suma\u017einti paburkim\u0105, paraudim\u0105 ir nuovargio po\u017eymius<br data-start=\"4608\" data-end=\"4611\" \/>\u2714\ufe0f Suvienodina odos ton\u0105 ir sugr\u0105\u017eina spindes\u012f<br data-start=\"4657\" data-end=\"4660\" \/>\u2714\ufe0f Palaiko apsaugin\u012f barjer\u0105 ir kolageno palaikym\u0105<br data-start=\"4710\" data-end=\"4713\" \/>\u2714\ufe0f Tinka vis\u0173 tip\u0173 odai, \u012fskaitant jautri\u0105<\/p>\n","protected":false},"featured_media":62626,"template":"","meta":[],"pwb-brand":[1208],"product_brand":[],"product_cat":[738,746,740,724,748],"product_tag":[],"giftcard-category":[],"class_list":{"0":"post-48247","1":"product","2":"type-product","3":"status-publish","4":"has-post-thumbnail","6":"pwb-brand-instytutum","7":"product_cat-drekinimas","8":"product_cat-jautriai-odai","9":"product_cat-sausai-odai","10":"product_cat-serumai","11":"product_cat-taukainai-adai-lt","13":"first","14":"instock","15":"taxable","16":"shipping-taxable","17":"purchasable","18":"product-type-simple"},"acf":[],"brands":[{"id":1208,"name":"Instytutum","slug":"instytutum"}],"_links":{"self":[{"href":"https:\/\/skinstudio.ee\/lt\/wp-json\/wp\/v2\/product\/48247","targetHints":{"allow":["GET"]}}],"collection":[{"href":"https:\/\/skinstudio.ee\/lt\/wp-json\/wp\/v2\/product"}],"about":[{"href":"https:\/\/skinstudio.ee\/lt\/wp-json\/wp\/v2\/types\/product"}],"version-history":[{"count":1,"href":"https:\/\/skinstudio.ee\/lt\/wp-json\/wp\/v2\/product\/48247\/revisions"}],"predecessor-version":[{"id":83738,"href":"https:\/\/skinstudio.ee\/lt\/wp-json\/wp\/v2\/product\/48247\/revisions\/83738"}],"wp:featuredmedia":[{"embeddable":true,"href":"https:\/\/skinstudio.ee\/lt\/wp-json\/wp\/v2\/media\/62626"}],"wp:attachment":[{"href":"https:\/\/skinstudio.ee\/lt\/wp-json\/wp\/v2\/media?parent=48247"}],"wp:term":[{"taxonomy":"pwb-brand","embeddable":true,"href":"https:\/\/skinstudio.ee\/lt\/wp-json\/wp\/v2\/pwb-brand?post=48247"},{"taxonomy":"product_brand","embeddable":true,"href":"https:\/\/skinstudio.ee\/lt\/wp-json\/wp\/v2\/product_brand?post=48247"},{"taxonomy":"product_cat","embeddable":true,"href":"https:\/\/skinstudio.ee\/lt\/wp-json\/wp\/v2\/product_cat?post=48247"},{"taxonomy":"product_tag","embeddable":true,"href":"https:\/\/skinstudio.ee\/lt\/wp-json\/wp\/v2\/product_tag?post=48247"},{"taxonomy":"giftcard-category","embeddable":true,"href":"https:\/\/skinstudio.ee\/lt\/wp-json\/wp\/v2\/giftcard-category?post=48247"}],"curies":[{"name":"wp","href":"https:\/\/api.w.org\/{rel}","templated":true}]}}