{"id":48254,"date":"2024-02-03T10:50:29","date_gmt":"2024-02-03T10:50:29","guid":{"rendered":"https:\/\/skinstudio.ee\/?post_type=product&#038;p=48254"},"modified":"2026-02-27T12:18:30","modified_gmt":"2026-02-27T12:18:30","slug":"fancy-match-lip-gloss","status":"publish","type":"product","link":"https:\/\/skinstudio.ee\/lt\/catalog\/instytutum\/fancy-match-lip-gloss\/","title":{"rendered":"Fancy Match Lip Gloss"},"content":{"rendered":"<p data-start=\"1357\" data-end=\"1658\"><strong data-start=\"1357\" data-end=\"1397\">Fancy Match Lip Gloss nuo INSTYTUTUM<\/strong> &#8211; l\u016bp\u0173 blizgis, kuris sujungia dekoratyvin\u0119 kosmetik\u0105 ir \u0161velni\u0105 l\u016bp\u0173 prie\u017ei\u016br\u0105 viename produkte. Jo tirpstanti, itin \u0161velni tekst\u016bra tolygiai pasiskirsto, nelimpa ir sukuria stiklinio blizgesio efekt\u0105, vizualiai padarydama l\u016bpas glotnesnes ir i\u0161rai\u0161kingesnes.<\/p>\n<p data-start=\"1660\" data-end=\"1975\">Formul\u0117 sukurta ne tik spalvai ir spindesiui suteikti, bet ir nat\u016braliai l\u016bp\u0173 formai pary\u0161kinti. Lengvas dilg\u010diojimas ir \u0161ilumos poj\u016btis po naudojimo sukuria vizual\u0173 apimties efekt\u0105, i\u0161ry\u0161kina kont\u016br\u0105 ir i\u0161lygina pavir\u0161i\u0173. Blizgis pary\u0161kina l\u016bpas, suteikia joms pri\u017ei\u016br\u0117t\u0105, pilnesn\u0119 i\u0161vaizd\u0105 ir komfort\u0105 vis\u0105 dien\u0105.<\/p>\n<p data-start=\"1977\" data-end=\"2123\">Universalus atspalvis prisitaiko prie nat\u016bralios l\u016bp\u0173 spalvos, tod\u0117l Fancy Match Lip Gloss puikiai tinka tiek dieniniam, tiek vakariniam makia\u017eui.<\/p>\n<p data-start=\"2125\" data-end=\"2144\"><strong data-start=\"2125\" data-end=\"2135\">T\u016bris:<\/strong> 3,5 ml<\/p>\n","protected":false},"excerpt":{"rendered":"<p data-start=\"2392\" data-end=\"2429\">L\u016bp\u0173 blizgis su prie\u017ei\u016bros poveikiu<\/p>\n<h2 data-start=\"2431\" data-end=\"2477\"><strong data-start=\"2431\" data-end=\"2477\">INSTYTUTUM &#8211; Fancy Match Lip Gloss Savyb\u0117s<\/strong><\/h2>\n<p data-start=\"2479\" data-end=\"2702\">\u2714\ufe0f Maitina ir dr\u0117kina l\u016bpas vis\u0105 dien\u0105<br data-start=\"2517\" data-end=\"2520\" \/>\u2714\ufe0f Suteikia vizual\u0173 apimties efekt\u0105 su lengvu dilg\u010diojimu<br data-start=\"2577\" data-end=\"2580\" \/>\u2714\ufe0f Universalus atspalvis, tinkantis daugeliui<br data-start=\"2625\" data-end=\"2628\" \/>\u2714\ufe0f Liftingo ir glotninantis efektas<br data-start=\"2663\" data-end=\"2666\" \/>\u2714\ufe0f Nelimpanti, komforti\u0161ka apdaila<\/p>\n","protected":false},"featured_media":61427,"template":"","meta":[],"pwb-brand":[1208],"product_brand":[],"product_cat":[760,771],"product_tag":[],"giftcard-category":[],"class_list":{"0":"post-48254","1":"product","2":"type-product","3":"status-publish","4":"has-post-thumbnail","6":"pwb-brand-instytutum","7":"product_cat-lupu-prieziura","8":"product_cat-makiazas","10":"first","11":"instock","12":"taxable","13":"shipping-taxable","14":"purchasable","15":"product-type-simple"},"acf":[],"brands":[{"id":1208,"name":"Instytutum","slug":"instytutum"}],"_links":{"self":[{"href":"https:\/\/skinstudio.ee\/lt\/wp-json\/wp\/v2\/product\/48254","targetHints":{"allow":["GET"]}}],"collection":[{"href":"https:\/\/skinstudio.ee\/lt\/wp-json\/wp\/v2\/product"}],"about":[{"href":"https:\/\/skinstudio.ee\/lt\/wp-json\/wp\/v2\/types\/product"}],"version-history":[{"count":1,"href":"https:\/\/skinstudio.ee\/lt\/wp-json\/wp\/v2\/product\/48254\/revisions"}],"predecessor-version":[{"id":83911,"href":"https:\/\/skinstudio.ee\/lt\/wp-json\/wp\/v2\/product\/48254\/revisions\/83911"}],"wp:featuredmedia":[{"embeddable":true,"href":"https:\/\/skinstudio.ee\/lt\/wp-json\/wp\/v2\/media\/61427"}],"wp:attachment":[{"href":"https:\/\/skinstudio.ee\/lt\/wp-json\/wp\/v2\/media?parent=48254"}],"wp:term":[{"taxonomy":"pwb-brand","embeddable":true,"href":"https:\/\/skinstudio.ee\/lt\/wp-json\/wp\/v2\/pwb-brand?post=48254"},{"taxonomy":"product_brand","embeddable":true,"href":"https:\/\/skinstudio.ee\/lt\/wp-json\/wp\/v2\/product_brand?post=48254"},{"taxonomy":"product_cat","embeddable":true,"href":"https:\/\/skinstudio.ee\/lt\/wp-json\/wp\/v2\/product_cat?post=48254"},{"taxonomy":"product_tag","embeddable":true,"href":"https:\/\/skinstudio.ee\/lt\/wp-json\/wp\/v2\/product_tag?post=48254"},{"taxonomy":"giftcard-category","embeddable":true,"href":"https:\/\/skinstudio.ee\/lt\/wp-json\/wp\/v2\/giftcard-category?post=48254"}],"curies":[{"name":"wp","href":"https:\/\/api.w.org\/{rel}","templated":true}]}}