{"id":48389,"date":"2023-05-24T17:56:47","date_gmt":"2023-05-24T17:56:47","guid":{"rendered":"https:\/\/skinstudio.ee\/?post_type=product&#038;p=48389"},"modified":"2026-02-27T11:51:27","modified_gmt":"2026-02-27T11:51:27","slug":"flawless-pads","status":"publish","type":"product","link":"https:\/\/skinstudio.ee\/lt\/catalog\/instytutum\/flawless-pads\/","title":{"rendered":"Flawless Pads"},"content":{"rendered":"<p data-start=\"2035\" data-end=\"2316\"><strong data-start=\"2035\" data-end=\"2067\">Flawless Pads nuo Instytutum<\/strong> &#8211; kasdienis daugiafunkcis r\u016bg\u0161tinis \u0161veitiklis i\u0161 anksto sudr\u0117kint\u0173 diskeli\u0173 formatu, kuris atnaujina, suvienodina ir atgaivina od\u0105. Formul\u0117 u\u017etikrina \u0161veln\u0173, bet veiksming\u0105 eksfoliavim\u0105, gerina tekst\u016br\u0105 ir suteikia lygesn\u0119 bei spindin\u010di\u0105 i\u0161vaizd\u0105.<\/p>\n<p data-start=\"2318\" data-end=\"2473\">Diskeliai veikia kaip aktyvus prie\u017ei\u016bros \u017eingsnis, skatindami palaipsn\u012f atsinaujinim\u0105, ma\u017eindami poras ir gerindami bendr\u0105 odos ton\u0105 reguliariai naudojant.<\/p>\n<p data-start=\"2475\" data-end=\"2518\"><strong data-start=\"2475\" data-end=\"2518\">Pagrindini\u0173 veikli\u0173j\u0173 med\u017eiag\u0173 poveikis<\/strong><\/p>\n<ul data-start=\"2519\" data-end=\"2837\">\n<li data-start=\"2519\" data-end=\"2656\">\n<p data-start=\"2521\" data-end=\"2656\"><strong data-start=\"2521\" data-end=\"2591\">R\u016bg\u0161\u010di\u0173 kompleksas (glikolio, pieno, citrinos ir salicilo r\u016bg\u0161tys)<\/strong> &#8211; \u0161velniai pa\u0161alina negyvas l\u0105steles ir skatina atsinaujinim\u0105.<\/p>\n<\/li>\n<li data-start=\"2657\" data-end=\"2728\">\n<p data-start=\"2659\" data-end=\"2728\"><strong data-start=\"2659\" data-end=\"2675\">Niacinamidas<\/strong> &#8211; suvienodina ton\u0105 ir padeda ma\u017einti pigmentacij\u0105.<\/p>\n<\/li>\n<li data-start=\"2729\" data-end=\"2837\">\n<p data-start=\"2731\" data-end=\"2837\"><strong data-start=\"2731\" data-end=\"2794\">Provitaminas B5, hialurono r\u016bg\u0161tis ir portulakos ekstraktas<\/strong> &#8211; dr\u0117kina, ramina ir palaiko odos barjer\u0105.<\/p>\n<\/li>\n<\/ul>\n<p data-start=\"2839\" data-end=\"2994\">Rezultatas &#8211; oda atrodo lygesn\u0117, \u0161varesn\u0117 ir tolygesn\u0117, suma\u017e\u0117ja por\u0173, tamsi\u0173 d\u0117mi\u0173 ir smulki\u0173 rauk\u0161li\u0173 matomumas, atsiranda gaivus ir nat\u016bralus spindesys.<\/p>\n<p data-start=\"2996\" data-end=\"3171\"><strong data-start=\"2996\" data-end=\"3024\">Kam tinka Flawless Pads:<\/strong> odai su nelygia tekst\u016bra, i\u0161sipl\u0117tusiomis poromis, papilk\u0117jimu ir pigmentacijos po\u017eymiais. Tinka palaipsniui \u012ftraukti r\u016bg\u0161tis pagal odos jautrum\u0105.<\/p>\n<p data-start=\"3173\" data-end=\"3193\"><strong data-start=\"3173\" data-end=\"3183\">T\u016bris:<\/strong> 60 vnt.<\/p>\n","protected":false},"excerpt":{"rendered":"<p data-start=\"3608\" data-end=\"3669\">Dr\u0117kinantys r\u016bg\u0161tiniai diskeliai giliam odos atsinaujinimui<\/p>\n<h2 data-start=\"3671\" data-end=\"3709\"><strong data-start=\"3671\" data-end=\"3709\">Instytutum &#8211; Flawless Pads Savyb\u0117s<\/strong><\/h2>\n<p data-start=\"3711\" data-end=\"3939\">\u2714\ufe0f \u0160velniai atnaujina od\u0105, pa\u0161alindami negyvas l\u0105steles<br data-start=\"3766\" data-end=\"3769\" \/>\u2714\ufe0f Ma\u017eina poras ir gerina tekst\u016br\u0105<br data-start=\"3803\" data-end=\"3806\" \/>\u2714\ufe0f \u0160viesina tamsias d\u0117mes ir ma\u017eina hiperpigmentacij\u0105<br data-start=\"3859\" data-end=\"3862\" \/>\u2714\ufe0f Ma\u017eina smulkias rauk\u0161les ir sen\u0117jimo po\u017eymius<br data-start=\"3910\" data-end=\"3913\" \/>\u2714\ufe0f Dr\u0117kina ir ramina od\u0105<\/p>\n","protected":false},"featured_media":62631,"template":"","meta":[],"pwb-brand":[1208],"product_brand":[],"product_cat":[742,744,752,750,720,748,722],"product_tag":[],"giftcard-category":[],"class_list":{"0":"post-48389","1":"product","2":"type-product","3":"status-publish","4":"has-post-thumbnail","6":"pwb-brand-instytutum","7":"product_cat-berimai","8":"product_cat-issipletusios-poros","9":"product_cat-pigmentacija-lt","10":"product_cat-senstanti-oda","11":"product_cat-sveitikliai-ir-pilingai","12":"product_cat-taukainai-adai-lt","13":"product_cat-toneriai","15":"first","16":"instock","17":"taxable","18":"shipping-taxable","19":"purchasable","20":"product-type-simple"},"acf":[],"brands":[{"id":1208,"name":"Instytutum","slug":"instytutum"}],"_links":{"self":[{"href":"https:\/\/skinstudio.ee\/lt\/wp-json\/wp\/v2\/product\/48389","targetHints":{"allow":["GET"]}}],"collection":[{"href":"https:\/\/skinstudio.ee\/lt\/wp-json\/wp\/v2\/product"}],"about":[{"href":"https:\/\/skinstudio.ee\/lt\/wp-json\/wp\/v2\/types\/product"}],"version-history":[{"count":1,"href":"https:\/\/skinstudio.ee\/lt\/wp-json\/wp\/v2\/product\/48389\/revisions"}],"predecessor-version":[{"id":83871,"href":"https:\/\/skinstudio.ee\/lt\/wp-json\/wp\/v2\/product\/48389\/revisions\/83871"}],"wp:featuredmedia":[{"embeddable":true,"href":"https:\/\/skinstudio.ee\/lt\/wp-json\/wp\/v2\/media\/62631"}],"wp:attachment":[{"href":"https:\/\/skinstudio.ee\/lt\/wp-json\/wp\/v2\/media?parent=48389"}],"wp:term":[{"taxonomy":"pwb-brand","embeddable":true,"href":"https:\/\/skinstudio.ee\/lt\/wp-json\/wp\/v2\/pwb-brand?post=48389"},{"taxonomy":"product_brand","embeddable":true,"href":"https:\/\/skinstudio.ee\/lt\/wp-json\/wp\/v2\/product_brand?post=48389"},{"taxonomy":"product_cat","embeddable":true,"href":"https:\/\/skinstudio.ee\/lt\/wp-json\/wp\/v2\/product_cat?post=48389"},{"taxonomy":"product_tag","embeddable":true,"href":"https:\/\/skinstudio.ee\/lt\/wp-json\/wp\/v2\/product_tag?post=48389"},{"taxonomy":"giftcard-category","embeddable":true,"href":"https:\/\/skinstudio.ee\/lt\/wp-json\/wp\/v2\/giftcard-category?post=48389"}],"curies":[{"name":"wp","href":"https:\/\/api.w.org\/{rel}","templated":true}]}}