{"id":48399,"date":"2023-05-24T17:56:47","date_gmt":"2023-05-24T17:56:47","guid":{"rendered":"https:\/\/skinstudio.ee\/?post_type=product&#038;p=48399"},"modified":"2026-02-27T11:56:13","modified_gmt":"2026-02-27T11:56:13","slug":"powerful-retinoil","status":"publish","type":"product","link":"https:\/\/skinstudio.ee\/lt\/catalog\/instytutum\/powerful-retinoil\/","title":{"rendered":"Powerful RetinOil"},"content":{"rendered":"<p data-start=\"2105\" data-end=\"2423\"><strong data-start=\"2105\" data-end=\"2142\">Powerful RetinOil nuo Instytutum<\/strong> &#8211; prabangus retinoid\u0173 aliejus veidui, kaklui ir dekolt\u0117 sri\u010diai, suteikiantis intensyv\u0173 maitinim\u0105, atsinaujinim\u0105 ir kov\u0105 su sen\u0117jimo po\u017eymiais. Formul\u0117 skirta rauk\u0161l\u0117ms, pigmentacijai, nelygiai tekst\u016brai ir stangrumo praradimui, padedant atkurti lygesn\u0119 ir gaivesn\u0119 odos i\u0161vaizd\u0105.<\/p>\n<p data-start=\"2425\" data-end=\"2635\">Aliejus sujungia pa\u017eangi\u0105 retinoid\u0173 technologij\u0105 su verting\u0173 augalini\u0173 aliej\u0173 kompleksu, sukuriant daugiasluoksn\u0119 maitinam\u0105j\u0105 prie\u017ei\u016br\u0105, kuri palaiko odos regeneracij\u0105 ir padeda i\u0161laikyti tank\u012f bei elastingum\u0105.<\/p>\n<p data-start=\"2637\" data-end=\"2680\"><strong data-start=\"2637\" data-end=\"2680\">Pagrindini\u0173 veikli\u0173j\u0173 med\u017eiag\u0173 poveikis<\/strong><\/p>\n<ul data-start=\"2681\" data-end=\"2988\">\n<li data-start=\"2681\" data-end=\"2795\">\n<p data-start=\"2683\" data-end=\"2795\"><strong data-start=\"2683\" data-end=\"2736\">Granactive Retinoid (Hydroxypinacolone Retinoate)<\/strong> &#8211; skatina odos atsinaujinim\u0105 ir padeda ma\u017einti rauk\u0161les.<\/p>\n<\/li>\n<li data-start=\"2796\" data-end=\"2882\">\n<p data-start=\"2798\" data-end=\"2882\"><strong data-start=\"2798\" data-end=\"2811\">Bakuchiol<\/strong> &#8211; sustiprina sen\u0117jim\u0105 stabdant\u012f poveik\u012f ir padeda suvienodinti ton\u0105.<\/p>\n<\/li>\n<li data-start=\"2883\" data-end=\"2988\">\n<p data-start=\"2885\" data-end=\"2988\"><strong data-start=\"2885\" data-end=\"2938\">15 verting\u0173 aliej\u0173 ir avie\u010di\u0173 kamienin\u0117s l\u0105stel\u0117s<\/strong> &#8211; maitina, mink\u0161tina ir palaiko barjero atk\u016brim\u0105.<\/p>\n<\/li>\n<\/ul>\n<p data-start=\"2990\" data-end=\"3131\">Rezultatas &#8211; oda tampa lygesn\u0117, tolygesn\u0117 ir spindinti, suma\u017e\u0117ja rauk\u0161li\u0173 ir tamsi\u0173 d\u0117mi\u0173 matomumas, pager\u0117ja stangrumas ir komforto poj\u016btis.<\/p>\n<p data-start=\"3133\" data-end=\"3312\"><strong data-start=\"3133\" data-end=\"3166\">Kam tinka Powerful Retin Oil:<\/strong> odai su matomais sen\u0117jimo po\u017eymiais, sausumu, nelygia tekst\u016bra ir suma\u017e\u0117jusiu stangrumu. Tinka naudoti vakare esant gerai retinoid\u0173 tolerancijai.<\/p>\n<p data-start=\"3314\" data-end=\"3332\"><strong data-start=\"3314\" data-end=\"3324\">T\u016bris:<\/strong> 30 ml<\/p>\n","protected":false},"excerpt":{"rendered":"<p data-start=\"3801\" data-end=\"3834\">Koncentruotas retinolio aliejus<\/p>\n<h2 data-start=\"3836\" data-end=\"3878\"><strong data-start=\"3836\" data-end=\"3878\">Instytutum &#8211; Powerful RetinOil Savyb\u0117s<\/strong><\/h2>\n<p data-start=\"3880\" data-end=\"4130\">\u2714\ufe0f Akivaizd\u017eiai i\u0161lygina rauk\u0161les ir ma\u017eina sen\u0117jimo po\u017eymius<br data-start=\"3941\" data-end=\"3944\" \/>\u2714\ufe0f Gerina ton\u0105 ir tekst\u016br\u0105, ma\u017eina poras<br data-start=\"3984\" data-end=\"3987\" \/>\u2714\ufe0f Didina odos stangrum\u0105 ir tank\u012f<br data-start=\"4020\" data-end=\"4023\" \/>\u2714\ufe0f Intensyviai maitina, dr\u0117kina ir palaiko regeneracij\u0105<br data-start=\"4078\" data-end=\"4081\" \/>\u2714\ufe0f \u0160viesina tamsias d\u0117mes ir ma\u017eina papilk\u0117jim\u0105<\/p>\n","protected":false},"featured_media":61512,"template":"","meta":[],"pwb-brand":[1208],"product_brand":[],"product_cat":[736,738,752,740,750,728],"product_tag":[],"giftcard-category":[],"class_list":{"0":"post-48399","1":"product","2":"type-product","3":"status-publish","4":"has-post-thumbnail","6":"pwb-brand-instytutum","7":"product_cat-dekolte-sritis","8":"product_cat-drekinimas","9":"product_cat-pigmentacija-lt","10":"product_cat-sausai-odai","11":"product_cat-senstanti-oda","12":"product_cat-vitaminas-a-retinolis","14":"first","15":"instock","16":"taxable","17":"shipping-taxable","18":"purchasable","19":"product-type-simple"},"acf":[],"brands":[{"id":1208,"name":"Instytutum","slug":"instytutum"}],"_links":{"self":[{"href":"https:\/\/skinstudio.ee\/lt\/wp-json\/wp\/v2\/product\/48399","targetHints":{"allow":["GET"]}}],"collection":[{"href":"https:\/\/skinstudio.ee\/lt\/wp-json\/wp\/v2\/product"}],"about":[{"href":"https:\/\/skinstudio.ee\/lt\/wp-json\/wp\/v2\/types\/product"}],"version-history":[{"count":1,"href":"https:\/\/skinstudio.ee\/lt\/wp-json\/wp\/v2\/product\/48399\/revisions"}],"predecessor-version":[{"id":83877,"href":"https:\/\/skinstudio.ee\/lt\/wp-json\/wp\/v2\/product\/48399\/revisions\/83877"}],"wp:featuredmedia":[{"embeddable":true,"href":"https:\/\/skinstudio.ee\/lt\/wp-json\/wp\/v2\/media\/61512"}],"wp:attachment":[{"href":"https:\/\/skinstudio.ee\/lt\/wp-json\/wp\/v2\/media?parent=48399"}],"wp:term":[{"taxonomy":"pwb-brand","embeddable":true,"href":"https:\/\/skinstudio.ee\/lt\/wp-json\/wp\/v2\/pwb-brand?post=48399"},{"taxonomy":"product_brand","embeddable":true,"href":"https:\/\/skinstudio.ee\/lt\/wp-json\/wp\/v2\/product_brand?post=48399"},{"taxonomy":"product_cat","embeddable":true,"href":"https:\/\/skinstudio.ee\/lt\/wp-json\/wp\/v2\/product_cat?post=48399"},{"taxonomy":"product_tag","embeddable":true,"href":"https:\/\/skinstudio.ee\/lt\/wp-json\/wp\/v2\/product_tag?post=48399"},{"taxonomy":"giftcard-category","embeddable":true,"href":"https:\/\/skinstudio.ee\/lt\/wp-json\/wp\/v2\/giftcard-category?post=48399"}],"curies":[{"name":"wp","href":"https:\/\/api.w.org\/{rel}","templated":true}]}}