{"id":48464,"date":"2025-06-09T12:46:11","date_gmt":"2025-06-09T12:46:11","guid":{"rendered":"https:\/\/skinstudio.ee\/?post_type=product&#038;p=48464"},"modified":"2026-03-13T13:21:41","modified_gmt":"2026-03-13T13:21:41","slug":"collagen-reactive-pm","status":"publish","type":"product","link":"https:\/\/skinstudio.ee\/lt\/catalog\/hydropeptide\/collagen-reactive-pm\/","title":{"rendered":"Collagen Reactive PM"},"content":{"rendered":"<p data-start=\"5020\" data-end=\"5353\"><strong data-start=\"5020\" data-end=\"5063\">Collagen ReActivate PM nuo HydroPeptide<\/strong> &#8211; auk\u0161tos veiksmingumo naktinis serumo kremas, skirtas intensyviam odos atsinaujinimui ir elastingumo palaikymui miego metu. Formul\u0117 sujungia peptidus, \u0161veln\u0173 retinoid\u0105 ir antioksidantus, kurie padeda aktyvinti odos atsinaujinimo procesus, palaiko kolageno sintez\u0119 ir gerina odos tekst\u016br\u0105.<\/p>\n<p data-start=\"5355\" data-end=\"5674\">Patentota <strong data-start=\"5365\" data-end=\"5375\">NIMNI\u2122<\/strong> technologija skatina kolageno gamyb\u0105 skirtinguose odos sluoksniuose. Kartu su peptidais ir dr\u0117kinamaisiais komponentais formul\u0117 padeda didinti odos tank\u012f ir elastingum\u0105, lyginti rauk\u0161les bei matomai pagerinti odos ton\u0105 ir tekst\u016br\u0105. Jau po keli\u0173 naudojim\u0173 oda atrodo lygesn\u0117, stangresn\u0117 ir gaivesn\u0117.<\/p>\n<p data-start=\"5676\" data-end=\"5708\"><strong data-start=\"5676\" data-end=\"5708\">Aktyvi\u0173 komponent\u0173 veikimas:<\/strong><\/p>\n<p data-start=\"5710\" data-end=\"5833\">\u2022 <strong data-start=\"5712\" data-end=\"5758\">NIMNI\u2122 Technology + Palmitoyl Tripeptide-5<\/strong>: skatina kolageno sintez\u0119 ir padeda pagerinti odos tank\u012f bei elastingum\u0105<\/p>\n<p data-start=\"5835\" data-end=\"5950\">\u2022 <strong data-start=\"5837\" data-end=\"5865\">Retinyl Sunflowerseedate<\/strong>: \u0161velnus retinoidas, kuris skatina odos atsinaujinim\u0105 ir padeda i\u0161lyginti tekst\u016br\u0105<\/p>\n<p data-start=\"5952\" data-end=\"6045\">\u2022 <strong data-start=\"5954\" data-end=\"5988\">Sodium Hyaluronate + Panthenol<\/strong>: intensyviai dr\u0117kina ir padeda palaikyti odos komfort\u0105<\/p>\n<p data-start=\"6047\" data-end=\"6178\"><strong data-start=\"6047\" data-end=\"6083\">Kam tinka Collagen ReActivate PM<\/strong>: brand\u017eiai, papilk\u0117jusiai ir pavargusiai odai su elastingumo suma\u017e\u0117jimo ir rauk\u0161li\u0173 po\u017eymiais.<\/p>\n<p data-start=\"6180\" data-end=\"6196\"><strong data-start=\"6180\" data-end=\"6190\">T\u016bris:<\/strong> 30 ml<\/p>\n","protected":false},"excerpt":{"rendered":"<p data-start=\"6275\" data-end=\"6314\">Kolagen\u0105 aktyvuojantis naktinis serumas<\/p>\n<h2 data-start=\"6316\" data-end=\"6363\"><strong data-start=\"6316\" data-end=\"6363\">HydroPeptide &#8211; Collagen Reactive PM Savyb\u0117s<\/strong><\/h2>\n<p data-start=\"6365\" data-end=\"6557\" data-is-last-node=\"\" data-is-only-node=\"\">\u2714\ufe0f Aktyviai skatina kolageno gamyb\u0105<br data-start=\"6400\" data-end=\"6403\" \/>\u2714\ufe0f Didina odos tank\u012f ir elastingum\u0105<br data-start=\"6438\" data-end=\"6441\" \/>\u2714\ufe0f Lygina rauk\u0161les ir nelygi\u0105 tekst\u016br\u0105<br data-start=\"6479\" data-end=\"6482\" \/>\u2714\ufe0f Gerina odos ton\u0105 ir bendr\u0105 i\u0161vaizd\u0105<br data-start=\"6520\" data-end=\"6523\" \/>\u2714\ufe0f Suteikia antioksidacin\u0119 apsaug\u0105<\/p>\n","protected":false},"featured_media":61639,"template":"","meta":[],"pwb-brand":[1212],"product_brand":[],"product_cat":[738,750,728],"product_tag":[],"giftcard-category":[],"class_list":{"0":"post-48464","1":"product","2":"type-product","3":"status-publish","4":"has-post-thumbnail","6":"pwb-brand-hydropeptide","7":"product_cat-drekinimas","8":"product_cat-senstanti-oda","9":"product_cat-vitaminas-a-retinolis","11":"first","12":"instock","13":"taxable","14":"shipping-taxable","15":"purchasable","16":"product-type-simple"},"acf":[],"brands":[{"id":1212,"name":"HydroPeptide","slug":"hydropeptide"}],"_links":{"self":[{"href":"https:\/\/skinstudio.ee\/lt\/wp-json\/wp\/v2\/product\/48464","targetHints":{"allow":["GET"]}}],"collection":[{"href":"https:\/\/skinstudio.ee\/lt\/wp-json\/wp\/v2\/product"}],"about":[{"href":"https:\/\/skinstudio.ee\/lt\/wp-json\/wp\/v2\/types\/product"}],"version-history":[{"count":1,"href":"https:\/\/skinstudio.ee\/lt\/wp-json\/wp\/v2\/product\/48464\/revisions"}],"predecessor-version":[{"id":85704,"href":"https:\/\/skinstudio.ee\/lt\/wp-json\/wp\/v2\/product\/48464\/revisions\/85704"}],"wp:featuredmedia":[{"embeddable":true,"href":"https:\/\/skinstudio.ee\/lt\/wp-json\/wp\/v2\/media\/61639"}],"wp:attachment":[{"href":"https:\/\/skinstudio.ee\/lt\/wp-json\/wp\/v2\/media?parent=48464"}],"wp:term":[{"taxonomy":"pwb-brand","embeddable":true,"href":"https:\/\/skinstudio.ee\/lt\/wp-json\/wp\/v2\/pwb-brand?post=48464"},{"taxonomy":"product_brand","embeddable":true,"href":"https:\/\/skinstudio.ee\/lt\/wp-json\/wp\/v2\/product_brand?post=48464"},{"taxonomy":"product_cat","embeddable":true,"href":"https:\/\/skinstudio.ee\/lt\/wp-json\/wp\/v2\/product_cat?post=48464"},{"taxonomy":"product_tag","embeddable":true,"href":"https:\/\/skinstudio.ee\/lt\/wp-json\/wp\/v2\/product_tag?post=48464"},{"taxonomy":"giftcard-category","embeddable":true,"href":"https:\/\/skinstudio.ee\/lt\/wp-json\/wp\/v2\/giftcard-category?post=48464"}],"curies":[{"name":"wp","href":"https:\/\/api.w.org\/{rel}","templated":true}]}}