{"id":48469,"date":"2025-01-12T09:57:44","date_gmt":"2025-01-12T09:57:44","guid":{"rendered":"https:\/\/skinstudio.ee\/?post_type=product&#038;p=48469"},"modified":"2026-03-13T13:37:12","modified_gmt":"2026-03-13T13:37:12","slug":"clear-rescue","status":"publish","type":"product","link":"https:\/\/skinstudio.ee\/lt\/catalog\/hydropeptide\/clear-rescue\/","title":{"rendered":"Clear Rescue"},"content":{"rendered":"<p data-start=\"1888\" data-end=\"2162\"><strong data-start=\"1888\" data-end=\"1921\">Clear Rescue nuo HydroPeptide<\/strong> &#8211; valomasis serumas, skirtas kompleksinei akn\u0117s linkusios odos prie\u017ei\u016brai. Formul\u0117 su 0,5% salicilo r\u016bg\u0161timi ir HydroPeptide peptid\u0173 technologija padeda \u0161velniai i\u0161valyti poras, reguliuoti riebal\u0173 i\u0161siskyrim\u0105 ir pagerinti bendr\u0105 odos b\u016bkl\u0119.<\/p>\n<p data-start=\"2164\" data-end=\"2394\">Serumas veikia keliais lygiais: padeda reguliuoti bakterijas, sukelian\u010dias b\u0117rimus, tirpdo poras kem\u0161an\u010dius ne\u0161varumus ir palaiko nat\u016brali\u0105 odos apsaug\u0105. Toks poveikis padeda odai tapti \u0161varesnei, lygesnei ir labiau subalansuotai.<\/p>\n<p data-start=\"2396\" data-end=\"2574\">Raminantys ir atkuriamieji komponentai padeda suma\u017einti matom\u0105 paraudim\u0105 ir kartu palaiko odos apsaugin\u012f barjer\u0105. Reguliariai naudojant oda atrodo \u0161varesn\u0117, ramesn\u0117 ir tolygesn\u0117.<\/p>\n<p data-start=\"2576\" data-end=\"2608\"><strong data-start=\"2576\" data-end=\"2608\">Aktyvi\u0173 komponent\u0173 veikimas:<\/strong><\/p>\n<p data-start=\"2610\" data-end=\"2706\">\u2022 <strong data-start=\"2612\" data-end=\"2637\">Salicylic Acid (0.5%)<\/strong>: \u0161velniai eksfolijuoja od\u0105, valo poras ir padeda suma\u017einti b\u0117rimus<\/p>\n<p data-start=\"2708\" data-end=\"2806\">\u2022 <strong data-start=\"2710\" data-end=\"2742\">HydroPeptide Peptide Complex<\/strong>: padeda palaikyti odos atsinaujinim\u0105 ir gerinti odos tekst\u016br\u0105<\/p>\n<p data-start=\"2808\" data-end=\"2920\">\u2022 <strong data-start=\"2810\" data-end=\"2842\">Lactobacillus Ferment Lysate<\/strong>: padeda palaikyti odos mikrobiomos balans\u0105 ir ma\u017einti u\u017edegimines reakcijas<\/p>\n<p data-start=\"2922\" data-end=\"3064\"><strong data-start=\"2922\" data-end=\"2948\">Kam tinka Clear Rescue<\/strong>: akn\u0117s linkusiai odai, esant padid\u0117jusiam riebal\u0173 i\u0161siskyrimui, po akn\u0117s likusioms d\u0117m\u0117ms ir netolygiam odos tonui.<\/p>\n<p data-start=\"3066\" data-end=\"3082\"><strong data-start=\"3066\" data-end=\"3076\">T\u016bris:<\/strong> 30 ml<\/p>\n","protected":false},"excerpt":{"rendered":"<p data-start=\"3438\" data-end=\"3466\">Valomasis anti-akn\u0117s serumas<\/p>\n<h2 data-start=\"3468\" data-end=\"3507\"><strong data-start=\"3468\" data-end=\"3507\">HydroPeptide &#8211; Clear Rescue Savyb\u0117s<\/strong><\/h2>\n<p data-start=\"3509\" data-end=\"3715\" data-is-last-node=\"\" data-is-only-node=\"\">\u2714\ufe0f Padeda kontroliuoti akn\u0119 sukelian\u010dias bakterijas<br data-start=\"3560\" data-end=\"3563\" \/>\u2714\ufe0f Valo poras ir ma\u017eina riebal\u0173 pertekli\u0173<br data-start=\"3604\" data-end=\"3607\" \/>\u2714\ufe0f Ma\u017eina paraudim\u0105 ir u\u017edegim\u0105<br data-start=\"3638\" data-end=\"3641\" \/>\u2714\ufe0f Gerina bendr\u0105 odos \u0161varum\u0105<br data-start=\"3670\" data-end=\"3673\" \/>\u2714\ufe0f Padeda i\u0161vengti nauj\u0173 b\u0117rim\u0173 atsiradimo<\/p>\n","protected":false},"featured_media":61679,"template":"","meta":[],"pwb-brand":[1212],"product_brand":[],"product_cat":[742,724,748],"product_tag":[],"giftcard-category":[],"class_list":{"0":"post-48469","1":"product","2":"type-product","3":"status-publish","4":"has-post-thumbnail","6":"pwb-brand-hydropeptide","7":"product_cat-berimai","8":"product_cat-serumai","9":"product_cat-taukainai-adai-lt","11":"first","12":"instock","13":"taxable","14":"shipping-taxable","15":"purchasable","16":"product-type-simple"},"acf":[],"brands":[{"id":1212,"name":"HydroPeptide","slug":"hydropeptide"}],"_links":{"self":[{"href":"https:\/\/skinstudio.ee\/lt\/wp-json\/wp\/v2\/product\/48469","targetHints":{"allow":["GET"]}}],"collection":[{"href":"https:\/\/skinstudio.ee\/lt\/wp-json\/wp\/v2\/product"}],"about":[{"href":"https:\/\/skinstudio.ee\/lt\/wp-json\/wp\/v2\/types\/product"}],"version-history":[{"count":1,"href":"https:\/\/skinstudio.ee\/lt\/wp-json\/wp\/v2\/product\/48469\/revisions"}],"predecessor-version":[{"id":85730,"href":"https:\/\/skinstudio.ee\/lt\/wp-json\/wp\/v2\/product\/48469\/revisions\/85730"}],"wp:featuredmedia":[{"embeddable":true,"href":"https:\/\/skinstudio.ee\/lt\/wp-json\/wp\/v2\/media\/61679"}],"wp:attachment":[{"href":"https:\/\/skinstudio.ee\/lt\/wp-json\/wp\/v2\/media?parent=48469"}],"wp:term":[{"taxonomy":"pwb-brand","embeddable":true,"href":"https:\/\/skinstudio.ee\/lt\/wp-json\/wp\/v2\/pwb-brand?post=48469"},{"taxonomy":"product_brand","embeddable":true,"href":"https:\/\/skinstudio.ee\/lt\/wp-json\/wp\/v2\/product_brand?post=48469"},{"taxonomy":"product_cat","embeddable":true,"href":"https:\/\/skinstudio.ee\/lt\/wp-json\/wp\/v2\/product_cat?post=48469"},{"taxonomy":"product_tag","embeddable":true,"href":"https:\/\/skinstudio.ee\/lt\/wp-json\/wp\/v2\/product_tag?post=48469"},{"taxonomy":"giftcard-category","embeddable":true,"href":"https:\/\/skinstudio.ee\/lt\/wp-json\/wp\/v2\/giftcard-category?post=48469"}],"curies":[{"name":"wp","href":"https:\/\/api.w.org\/{rel}","templated":true}]}}