{"id":48481,"date":"2024-05-10T12:52:05","date_gmt":"2024-05-10T12:52:05","guid":{"rendered":"https:\/\/skinstudio.ee\/?post_type=product&#038;p=48481"},"modified":"2026-03-13T13:58:10","modified_gmt":"2026-03-13T13:58:10","slug":"solar-dew","status":"publish","type":"product","link":"https:\/\/skinstudio.ee\/lt\/catalog\/hydropeptide\/solar-dew\/","title":{"rendered":"Solar Dew"},"content":{"rendered":"<p data-start=\"1837\" data-end=\"2119\"><strong data-start=\"1837\" data-end=\"1867\">Solar Dew nuo HydroPeptide<\/strong> &#8211; lengvas mineralinis apsauginis serumas nuo saul\u0117s, kuris u\u017etikrina kasdien\u0119 odos apsaug\u0105 ir padeda palaikyti optimal\u0173 dr\u0117gm\u0117s balans\u0105. \u0160ilkin\u0117 tekst\u016bra lengvai pasiskirsto ant odos, greitai \u012fsigeria ir suteikia nat\u016bral\u0173 \u0161vyt\u0117jim\u0105 be balto atspalvio.<\/p>\n<p data-start=\"2121\" data-end=\"2395\">Formul\u0117 sujungia mineralinius UV filtrus ir maitinan\u010dias sudedam\u0105sias dalis, kurios padeda apsaugoti od\u0105 nuo aplinkos streso ir i\u0161laikyti dr\u0117gm\u0117s pusiausvyr\u0105 visos dienos metu. Lengva konsistencija leid\u017eia patogiai naudoti produkt\u0105 kasdien, paliekant od\u0105 lygi\u0105 ir \u0161vytin\u010di\u0105.<\/p>\n<p data-start=\"2397\" data-end=\"2576\">Patentinis <strong data-start=\"2408\" data-end=\"2433\">CellRenew-16 peptidas<\/strong> kartu su antioksidantus palaikan\u010diomis sudedamosiomis dalimis stiprina nat\u016bralius odos apsaugos mechanizmus ir padeda palaikyti jos atsparum\u0105.<\/p>\n<p data-start=\"2578\" data-end=\"2610\"><strong data-start=\"2578\" data-end=\"2610\">Aktyvi\u0173 komponent\u0173 veikimas:<\/strong><\/p>\n<p data-start=\"2612\" data-end=\"2746\">\u2022 <strong data-start=\"2614\" data-end=\"2638\">CellRenew-16 Peptide<\/strong>: HydroPeptide patentuotas peptidas, palaikantis odos apsaugos mechanizmus ir strukt\u016brini\u0173 baltym\u0173 sintez\u0119<\/p>\n<p data-start=\"2748\" data-end=\"2879\">\u2022 <strong data-start=\"2750\" data-end=\"2783\">Titanium Dioxide + Zinc Oxide<\/strong>: 100% mineraliniai UV filtrai, u\u017etikrinantys plataus spektro apsaug\u0105 nuo UVA ir UVB spinduli\u0173<\/p>\n<p data-start=\"2881\" data-end=\"2989\">\u2022 <strong data-start=\"2883\" data-end=\"2919\">Squalane + Hydrogenated Lecithin<\/strong>: maitina od\u0105, stiprina apsaugin\u012f barjer\u0105 ir padeda i\u0161laikyti dr\u0117gm\u0119<\/p>\n<p data-start=\"2991\" data-end=\"3135\"><strong data-start=\"2991\" data-end=\"3014\">Kam tinka Solar Dew<\/strong>: vis\u0173 tip\u0173 odai, \u012fskaitant jautri\u0105 od\u0105, kuriai reikalinga lengva mineralin\u0117 apsauga nuo saul\u0117s ir papildomas dr\u0117kinimas.<\/p>\n<p data-start=\"3137\" data-end=\"3153\"><strong data-start=\"3137\" data-end=\"3147\">T\u016bris:<\/strong> 40 ml<\/p>\n","protected":false},"excerpt":{"rendered":"<p data-start=\"3356\" data-end=\"3405\">Lengvas mineralinis apsauginis serumas nuo saul\u0117s<\/p>\n<h2 data-start=\"3407\" data-end=\"3443\"><strong data-start=\"3407\" data-end=\"3443\">HydroPeptide &#8211; Solar Dew Savyb\u0117s<\/strong><\/h2>\n<p data-start=\"3445\" data-end=\"3667\" data-is-last-node=\"\" data-is-only-node=\"\">\u2714\ufe0f U\u017etikrina plataus spektro SPF 30 apsaug\u0105<br data-start=\"3488\" data-end=\"3491\" \/>\u2714\ufe0f Stiprina nat\u016bral\u0173 odos apsaugin\u012f barjer\u0105<br data-start=\"3534\" data-end=\"3537\" \/>\u2714\ufe0f Padeda neutralizuoti laisv\u0173j\u0173 radikal\u0173 poveik\u012f<br data-start=\"3586\" data-end=\"3589\" \/>\u2714\ufe0f Suteikia lengv\u0105 dr\u0117kinim\u0105 ir komfort\u0105<br data-start=\"3629\" data-end=\"3632\" \/>\u2714\ufe0f Palieka od\u0105 nat\u016braliai \u0161vytin\u010di\u0105<\/p>\n","protected":false},"featured_media":61719,"template":"","meta":[],"pwb-brand":[1212],"product_brand":[],"product_cat":[732],"product_tag":[],"giftcard-category":[],"class_list":{"0":"post-48481","1":"product","2":"type-product","3":"status-publish","4":"has-post-thumbnail","6":"pwb-brand-hydropeptide","7":"product_cat-spf-apsauga","9":"first","10":"instock","11":"taxable","12":"shipping-taxable","13":"purchasable","14":"product-type-simple"},"acf":[],"brands":[{"id":1212,"name":"HydroPeptide","slug":"hydropeptide"}],"_links":{"self":[{"href":"https:\/\/skinstudio.ee\/lt\/wp-json\/wp\/v2\/product\/48481","targetHints":{"allow":["GET"]}}],"collection":[{"href":"https:\/\/skinstudio.ee\/lt\/wp-json\/wp\/v2\/product"}],"about":[{"href":"https:\/\/skinstudio.ee\/lt\/wp-json\/wp\/v2\/types\/product"}],"version-history":[{"count":1,"href":"https:\/\/skinstudio.ee\/lt\/wp-json\/wp\/v2\/product\/48481\/revisions"}],"predecessor-version":[{"id":85774,"href":"https:\/\/skinstudio.ee\/lt\/wp-json\/wp\/v2\/product\/48481\/revisions\/85774"}],"wp:featuredmedia":[{"embeddable":true,"href":"https:\/\/skinstudio.ee\/lt\/wp-json\/wp\/v2\/media\/61719"}],"wp:attachment":[{"href":"https:\/\/skinstudio.ee\/lt\/wp-json\/wp\/v2\/media?parent=48481"}],"wp:term":[{"taxonomy":"pwb-brand","embeddable":true,"href":"https:\/\/skinstudio.ee\/lt\/wp-json\/wp\/v2\/pwb-brand?post=48481"},{"taxonomy":"product_brand","embeddable":true,"href":"https:\/\/skinstudio.ee\/lt\/wp-json\/wp\/v2\/product_brand?post=48481"},{"taxonomy":"product_cat","embeddable":true,"href":"https:\/\/skinstudio.ee\/lt\/wp-json\/wp\/v2\/product_cat?post=48481"},{"taxonomy":"product_tag","embeddable":true,"href":"https:\/\/skinstudio.ee\/lt\/wp-json\/wp\/v2\/product_tag?post=48481"},{"taxonomy":"giftcard-category","embeddable":true,"href":"https:\/\/skinstudio.ee\/lt\/wp-json\/wp\/v2\/giftcard-category?post=48481"}],"curies":[{"name":"wp","href":"https:\/\/api.w.org\/{rel}","templated":true}]}}