{"id":48518,"date":"2024-02-02T10:30:34","date_gmt":"2024-02-02T10:30:34","guid":{"rendered":"https:\/\/skinstudio.ee\/?post_type=product&#038;p=48518"},"modified":"2026-03-13T14:09:09","modified_gmt":"2026-03-13T14:09:09","slug":"retinol-routine-booster","status":"publish","type":"product","link":"https:\/\/skinstudio.ee\/lt\/catalog\/hydropeptide\/retinol-routine-booster\/","title":{"rendered":"Retinol Routine Booster"},"content":{"rendered":"<p data-start=\"2297\" data-end=\"2655\"><strong data-start=\"2297\" data-end=\"2341\">Retinol Routine Booster nuo HydroPeptide<\/strong> &#8211; didelio efektyvumo retinolio serumas su 1% retinoliu, skirtas intensyviam odos atsinaujinimui ir matom\u0173 sen\u0117jimo po\u017eymi\u0173 korekcijai. Formul\u0117 sujungia pa\u017eang\u0173 retinoid\u0173 kompleks\u0105 ir patentuot\u0105 HydroPeptide peptid\u0173 technologij\u0105, padedan\u010di\u0105 pagerinti odos tank\u012f, i\u0161lyginti tekst\u016br\u0105 ir suteikti tolygesn\u012f odos ton\u0105.<\/p>\n<p data-start=\"2657\" data-end=\"2949\"><strong data-start=\"2657\" data-end=\"2695\">Universal Tri-Retinol technologija<\/strong> apjungia tris pa\u017eangias retinoid\u0173 formas, kurios palaipsniui i\u0161siskiria odoje ir u\u017etikrina optimal\u0173 aktyvi\u0173j\u0173 med\u017eiag\u0173 veikim\u0105 bei ger\u0105 toleravim\u0105. Toks veikimo principas skatina odos atsinaujinim\u0105, ma\u017eina rauk\u0161li\u0173 matomum\u0105 ir gerina bendr\u0105 odos kokyb\u0119.<\/p>\n<p data-start=\"2951\" data-end=\"3167\">Formul\u0117 papildyta \u0161viesinan\u010diomis ir dr\u0117kinan\u010diomis sudedamosiomis dalimis, kurios padeda suma\u017einti pigmentacijos po\u017eymius, stiprina odos apsaugin\u012f barjer\u0105 ir suteikia odai stangresn\u0119, lygesn\u0119 bei \u0161vytin\u010di\u0105 i\u0161vaizd\u0105.<\/p>\n<p data-start=\"3169\" data-end=\"3201\"><strong data-start=\"3169\" data-end=\"3201\">Aktyvi\u0173 komponent\u0173 veikimas:<\/strong><\/p>\n<p data-start=\"3203\" data-end=\"3358\">\u2022 <strong data-start=\"3205\" data-end=\"3287\">1% Triple Retinol Complex (Retinol + Retinyl Linoleate + Glyceryl Diretinoate)<\/strong>: skatina odos atsinaujinim\u0105, lygina rauk\u0161les ir gerina odos tekst\u016br\u0105<\/p>\n<p data-start=\"3360\" data-end=\"3499\">\u2022 <strong data-start=\"3362\" data-end=\"3391\">CellRenew-16 Peptide (5%)<\/strong>: HydroPeptide patentuotas peptidas, skatinantis strukt\u016brini\u0173 baltym\u0173 sintez\u0119 ir stiprinantis odos barjer\u0105<\/p>\n<p data-start=\"3501\" data-end=\"3617\">\u2022 <strong data-start=\"3503\" data-end=\"3518\">Niacinamide<\/strong>: padeda suvienodinti odos ton\u0105, ma\u017eina pigmentacijos matomum\u0105 ir palaiko apsaugin\u0119 odos funkcij\u0105<\/p>\n<p data-start=\"3619\" data-end=\"3738\"><strong data-start=\"3619\" data-end=\"3656\">Kam tinka Retinol Routine Booster<\/strong>: odai su ry\u0161kiais sen\u0117jimo po\u017eymiais, netolygiu tonu, rauk\u0161l\u0117mis ir pigmentacija.<\/p>\n<p data-start=\"3740\" data-end=\"3756\"><strong data-start=\"3740\" data-end=\"3750\">T\u016bris:<\/strong> 30 ml<\/p>\n","protected":false},"excerpt":{"rendered":"<p data-start=\"4287\" data-end=\"4326\">1% retinolio odos atsinaujinimo serumas<\/p>\n<h2 data-start=\"4328\" data-end=\"4378\"><strong data-start=\"4328\" data-end=\"4378\">HydroPeptide &#8211; Retinol Routine Booster Savyb\u0117s<\/strong><\/h2>\n<p data-start=\"4380\" data-end=\"4581\" data-is-last-node=\"\" data-is-only-node=\"\">\u2714\ufe0f Intensyviai skatina odos atsinaujinim\u0105<br data-start=\"4421\" data-end=\"4424\" \/>\u2714\ufe0f Matomai ma\u017eina rauk\u0161li\u0173 gyl\u012f<br data-start=\"4455\" data-end=\"4458\" \/>\u2714\ufe0f Didina odos tank\u012f ir elastingum\u0105<br data-start=\"4493\" data-end=\"4496\" \/>\u2714\ufe0f \u0160viesina pigmentacij\u0105 ir suvienodina ton\u0105<br data-start=\"4540\" data-end=\"4543\" \/>\u2714\ufe0f Suteikia odai glotnumo ir \u0161vyt\u0117jimo<\/p>\n","protected":false},"featured_media":61739,"template":"","meta":[],"pwb-brand":[1212],"product_brand":[],"product_cat":[752,750,724,728],"product_tag":[],"giftcard-category":[],"class_list":{"0":"post-48518","1":"product","2":"type-product","3":"status-publish","4":"has-post-thumbnail","6":"pwb-brand-hydropeptide","7":"product_cat-pigmentacija-lt","8":"product_cat-senstanti-oda","9":"product_cat-serumai","10":"product_cat-vitaminas-a-retinolis","12":"first","13":"instock","14":"taxable","15":"shipping-taxable","16":"purchasable","17":"product-type-simple"},"acf":[],"brands":[{"id":1212,"name":"HydroPeptide","slug":"hydropeptide"}],"_links":{"self":[{"href":"https:\/\/skinstudio.ee\/lt\/wp-json\/wp\/v2\/product\/48518","targetHints":{"allow":["GET"]}}],"collection":[{"href":"https:\/\/skinstudio.ee\/lt\/wp-json\/wp\/v2\/product"}],"about":[{"href":"https:\/\/skinstudio.ee\/lt\/wp-json\/wp\/v2\/types\/product"}],"version-history":[{"count":1,"href":"https:\/\/skinstudio.ee\/lt\/wp-json\/wp\/v2\/product\/48518\/revisions"}],"predecessor-version":[{"id":85796,"href":"https:\/\/skinstudio.ee\/lt\/wp-json\/wp\/v2\/product\/48518\/revisions\/85796"}],"wp:featuredmedia":[{"embeddable":true,"href":"https:\/\/skinstudio.ee\/lt\/wp-json\/wp\/v2\/media\/61739"}],"wp:attachment":[{"href":"https:\/\/skinstudio.ee\/lt\/wp-json\/wp\/v2\/media?parent=48518"}],"wp:term":[{"taxonomy":"pwb-brand","embeddable":true,"href":"https:\/\/skinstudio.ee\/lt\/wp-json\/wp\/v2\/pwb-brand?post=48518"},{"taxonomy":"product_brand","embeddable":true,"href":"https:\/\/skinstudio.ee\/lt\/wp-json\/wp\/v2\/product_brand?post=48518"},{"taxonomy":"product_cat","embeddable":true,"href":"https:\/\/skinstudio.ee\/lt\/wp-json\/wp\/v2\/product_cat?post=48518"},{"taxonomy":"product_tag","embeddable":true,"href":"https:\/\/skinstudio.ee\/lt\/wp-json\/wp\/v2\/product_tag?post=48518"},{"taxonomy":"giftcard-category","embeddable":true,"href":"https:\/\/skinstudio.ee\/lt\/wp-json\/wp\/v2\/giftcard-category?post=48518"}],"curies":[{"name":"wp","href":"https:\/\/api.w.org\/{rel}","templated":true}]}}