{"id":48529,"date":"2023-08-18T14:44:40","date_gmt":"2023-08-18T14:44:40","guid":{"rendered":"https:\/\/skinstudio.ee\/?post_type=product&#038;p=48529"},"modified":"2026-03-13T14:17:30","modified_gmt":"2026-03-13T14:17:30","slug":"daily-drench","status":"publish","type":"product","link":"https:\/\/skinstudio.ee\/lt\/catalog\/hydropeptide\/daily-drench\/","title":{"rendered":"Daily Drench"},"content":{"rendered":"<p data-start=\"1786\" data-end=\"2063\"><strong data-start=\"1786\" data-end=\"1819\">Daily Drench nuo HydroPeptide<\/strong> &#8211; intensyvus peptidinis serumas su triguba hialurono r\u016bg\u0161timi, skirtas giliam ir ilgalaikiam odos dr\u0117kinimui. Gaivi gelio-serumo tekst\u016bra akimirksniu prisotina od\u0105 dr\u0117gme ir padeda pagerinti jos elastingum\u0105, lygum\u0105 bei bendr\u0105 odos gyvybingum\u0105.<\/p>\n<p data-start=\"2065\" data-end=\"2314\">Formul\u0117 sujungia tris hialurono r\u016bg\u0161ties formas ir Australijos rosellos ekstrakt\u0105, suteikdama daugiasluoksn\u012f dr\u0117kinim\u0105, kuris gali i\u0161likti iki 72 valand\u0173 po naudojimo. \u0160is kompleksas padeda palaikyti optimal\u0173 dr\u0117gm\u0117s balans\u0105 ir gerina odos tekst\u016br\u0105.<\/p>\n<p data-start=\"2316\" data-end=\"2480\">Patentinis <strong data-start=\"2327\" data-end=\"2352\">CellRenew-16 peptidas<\/strong> skatina strukt\u016brini\u0173 baltym\u0173 ir pa\u010dios odos hialurono r\u016bg\u0161ties sintez\u0119, pad\u0117damas didinti odos tank\u012f, elastingum\u0105 ir atsparum\u0105.<\/p>\n<p data-start=\"2482\" data-end=\"2514\"><strong data-start=\"2482\" data-end=\"2514\">Aktyvi\u0173 komponent\u0173 veikimas:<\/strong><\/p>\n<p data-start=\"2516\" data-end=\"2623\">\u2022 <strong data-start=\"2518\" data-end=\"2552\">Triple Hyaluronic Acid Complex<\/strong>: u\u017etikrina daugiasluoksn\u012f dr\u0117kinim\u0105 ir padeda i\u0161laikyti dr\u0117gm\u0119 odoje<\/p>\n<p data-start=\"2625\" data-end=\"2759\">\u2022 <strong data-start=\"2627\" data-end=\"2651\">CellRenew-16 Peptide<\/strong>: HydroPeptide patentuotas peptidas, skatinantis strukt\u016brini\u0173 baltym\u0173 sintez\u0119 ir stiprinantis odos barjer\u0105<\/p>\n<p data-start=\"2761\" data-end=\"2863\">\u2022 <strong data-start=\"2763\" data-end=\"2804\">Hibiscus Sabdariffa (Rosella) Extract<\/strong>: padeda palaikyti dr\u0117gm\u0119 ir gerina odos gaivum\u0105 bei ton\u0105<\/p>\n<p data-start=\"2865\" data-end=\"2983\"><strong data-start=\"2865\" data-end=\"2891\">Kam tinka Daily Drench<\/strong>: vis\u0173 tip\u0173 odai, ypa\u010d dehidratuotai, papilk\u0117jusiai odai ir odai su suma\u017e\u0117jusiu elastingumu.<\/p>\n<p data-start=\"2985\" data-end=\"3001\"><strong data-start=\"2985\" data-end=\"2995\">T\u016bris:<\/strong> 30 ml<\/p>\n","protected":false},"excerpt":{"rendered":"<p data-start=\"3238\" data-end=\"3299\">Peptidinis dr\u0117kinamasis serumas su triguba hialurono r\u016bg\u0161timi<\/p>\n<h2 data-start=\"3301\" data-end=\"3340\"><strong data-start=\"3301\" data-end=\"3340\">HydroPeptide &#8211; Daily Drench Savyb\u0117s<\/strong><\/h2>\n<p data-start=\"3342\" data-end=\"3536\" data-is-last-node=\"\" data-is-only-node=\"\">\u2714\ufe0f Suteikia intensyv\u0173 dr\u0117kinim\u0105 iki 72 valand\u0173<br data-start=\"3388\" data-end=\"3391\" \/>\u2714\ufe0f Atkuria odos dr\u0117gm\u0117s balans\u0105<br data-start=\"3422\" data-end=\"3425\" \/>\u2714\ufe0f Gerina odos elastingum\u0105 ir tank\u012f<br data-start=\"3460\" data-end=\"3463\" \/>\u2714\ufe0f Ma\u017eina smulki\u0173 linij\u0173 matomum\u0105<br data-start=\"3496\" data-end=\"3499\" \/>\u2714\ufe0f Suteikia odai gaivumo ir \u0161vyt\u0117jimo<\/p>\n","protected":false},"featured_media":61749,"template":"","meta":[],"pwb-brand":[1212],"product_brand":[],"product_cat":[738,748],"product_tag":[],"giftcard-category":[],"class_list":{"0":"post-48529","1":"product","2":"type-product","3":"status-publish","4":"has-post-thumbnail","6":"pwb-brand-hydropeptide","7":"product_cat-drekinimas","8":"product_cat-taukainai-adai-lt","10":"first","11":"instock","12":"taxable","13":"shipping-taxable","14":"purchasable","15":"product-type-simple"},"acf":[],"brands":[{"id":1212,"name":"HydroPeptide","slug":"hydropeptide"}],"_links":{"self":[{"href":"https:\/\/skinstudio.ee\/lt\/wp-json\/wp\/v2\/product\/48529","targetHints":{"allow":["GET"]}}],"collection":[{"href":"https:\/\/skinstudio.ee\/lt\/wp-json\/wp\/v2\/product"}],"about":[{"href":"https:\/\/skinstudio.ee\/lt\/wp-json\/wp\/v2\/types\/product"}],"version-history":[{"count":1,"href":"https:\/\/skinstudio.ee\/lt\/wp-json\/wp\/v2\/product\/48529\/revisions"}],"predecessor-version":[{"id":85828,"href":"https:\/\/skinstudio.ee\/lt\/wp-json\/wp\/v2\/product\/48529\/revisions\/85828"}],"wp:featuredmedia":[{"embeddable":true,"href":"https:\/\/skinstudio.ee\/lt\/wp-json\/wp\/v2\/media\/61749"}],"wp:attachment":[{"href":"https:\/\/skinstudio.ee\/lt\/wp-json\/wp\/v2\/media?parent=48529"}],"wp:term":[{"taxonomy":"pwb-brand","embeddable":true,"href":"https:\/\/skinstudio.ee\/lt\/wp-json\/wp\/v2\/pwb-brand?post=48529"},{"taxonomy":"product_brand","embeddable":true,"href":"https:\/\/skinstudio.ee\/lt\/wp-json\/wp\/v2\/product_brand?post=48529"},{"taxonomy":"product_cat","embeddable":true,"href":"https:\/\/skinstudio.ee\/lt\/wp-json\/wp\/v2\/product_cat?post=48529"},{"taxonomy":"product_tag","embeddable":true,"href":"https:\/\/skinstudio.ee\/lt\/wp-json\/wp\/v2\/product_tag?post=48529"},{"taxonomy":"giftcard-category","embeddable":true,"href":"https:\/\/skinstudio.ee\/lt\/wp-json\/wp\/v2\/giftcard-category?post=48529"}],"curies":[{"name":"wp","href":"https:\/\/api.w.org\/{rel}","templated":true}]}}