{"id":48540,"date":"2023-05-24T17:56:48","date_gmt":"2023-05-24T17:56:48","guid":{"rendered":"https:\/\/skinstudio.ee\/?post_type=product&#038;p=48540"},"modified":"2026-02-19T15:02:23","modified_gmt":"2026-02-19T15:02:23","slug":"exfoliating-cleanser","status":"publish","type":"product","link":"https:\/\/skinstudio.ee\/lt\/catalog\/hydropeptide\/exfoliating-cleanser\/","title":{"rendered":"Exfoliating Cleanser"},"content":{"rendered":"<div class=\"given_product_description_long\">\n<p data-start=\"4445\" data-end=\"4731\"><strong data-start=\"4445\" data-end=\"4486\">Exfoliating Cleanser nuo HydroPeptide<\/strong> &#8211; valomasis produktas su peptid\u0173, alfa hidroksi r\u016bg\u0161\u010di\u0173 ir augalini\u0173 ekstrakt\u0173 kompleksu, skirtas kruop\u0161\u010diam ne\u0161varum\u0173 ir makia\u017eo pa\u0161alinimui bei \u0161velniam odos atnaujinimui. Formul\u0117 \u0161velniai valo neperd\u017eiovindama, palikdama od\u0105 gaivi\u0105 ir lygi\u0105.<\/p>\n<p data-start=\"4733\" data-end=\"4973\">Produktas skatina \u0161veln\u0173 negyv\u0173 l\u0105steli\u0173 eksfolijavim\u0105, padeda i\u0161vengti raginio sluoksnio stor\u0117jimo ir vizualiai suma\u017eina por\u0173 matomum\u0105. Aktyvi formul\u0117 padeda suvienodinti odos ton\u0105, pagerinti tekst\u016br\u0105 ir suteikia lengvumo poj\u016bt\u012f po valymo.<\/p>\n<p data-start=\"4975\" data-end=\"5000\"><strong data-start=\"4975\" data-end=\"5000\">Aktyv\u016bs ingredientai:<\/strong><\/p>\n<ul data-start=\"5002\" data-end=\"5240\">\n<li data-start=\"5002\" data-end=\"5098\">\n<p data-start=\"5004\" data-end=\"5098\"><strong data-start=\"5004\" data-end=\"5035\">Peptide Complex + Peptiskin<\/strong> &#8211; palaiko kolageno sintez\u0119 ir padeda ma\u017einti mimikos linijas<\/p>\n<\/li>\n<li data-start=\"5099\" data-end=\"5180\">\n<p data-start=\"5101\" data-end=\"5180\"><strong data-start=\"5101\" data-end=\"5124\">Glycolic Acid (AHA)<\/strong> &#8211; \u0161velniai atnaujina odos pavir\u0161i\u0173 ir gerina tekst\u016br\u0105<\/p>\n<\/li>\n<li data-start=\"5181\" data-end=\"5240\">\n<p data-start=\"5183\" data-end=\"5240\"><strong data-start=\"5183\" data-end=\"5203\">Jojoba Oil Beads<\/strong> &#8211; \u0161velniai eksfolijuoja be dirginimo<\/p>\n<\/li>\n<\/ul>\n<p data-start=\"5242\" data-end=\"5342\"><strong data-start=\"5242\" data-end=\"5256\">Kam tinka:<\/strong> visiems odos tipams; ypa\u010d blankiai odai, i\u0161sipl\u0117tusioms poroms ir nelygiai tekst\u016brai.<\/p>\n<p data-start=\"5344\" data-end=\"5369\"><strong data-start=\"5344\" data-end=\"5354\">T\u016bris:<\/strong> 30 ml \/ 200 ml<\/p>\n<\/div>\n","protected":false},"excerpt":{"rendered":"<div class=\"given_product_description_top\">\n<p data-start=\"5546\" data-end=\"5595\">Valomasis produktas su miorelaksuojan\u010diu poveikiu<\/p>\n<h2 data-start=\"5597\" data-end=\"5644\"><strong data-start=\"5597\" data-end=\"5644\">HydroPeptide &#8211; Exfoliating Cleanser Savyb\u0117s<\/strong><\/h2>\n<p data-start=\"5646\" data-end=\"5825\">\u2714\ufe0f Valo ir \u0161velniai atnaujina od\u0105<br data-start=\"5679\" data-end=\"5682\" \/>\u2714\ufe0f Skatina epidermio atsinaujinim\u0105<br data-start=\"5716\" data-end=\"5719\" \/>\u2714\ufe0f Suvienodina ton\u0105 ir mikroreljef\u0105<br data-start=\"5754\" data-end=\"5757\" \/>\u2714\ufe0f Ma\u017eina por\u0173 ir blankumo matomum\u0105<br data-start=\"5792\" data-end=\"5795\" \/>\u2714\ufe0f Tinka kasdieniam naudojimui<\/p>\n<\/div>\n","protected":false},"featured_media":61899,"template":"","meta":[],"pwb-brand":[1212],"product_brand":[],"product_cat":[746,752,740,754,718],"product_tag":[],"giftcard-category":[],"class_list":{"0":"post-48540","1":"product","2":"type-product","3":"status-publish","4":"has-post-thumbnail","6":"pwb-brand-hydropeptide","7":"product_cat-jautriai-odai","8":"product_cat-pigmentacija-lt","9":"product_cat-sausai-odai","10":"product_cat-travel-size-lt","11":"product_cat-valymas","12":"pa_suurus-200ml-lt","13":"pa_suurus-30ml-lt","15":"first","16":"instock","17":"taxable","18":"shipping-taxable","19":"purchasable","20":"product-type-variable"},"acf":[],"brands":[{"id":1212,"name":"HydroPeptide","slug":"hydropeptide"}],"_links":{"self":[{"href":"https:\/\/skinstudio.ee\/lt\/wp-json\/wp\/v2\/product\/48540","targetHints":{"allow":["GET"]}}],"collection":[{"href":"https:\/\/skinstudio.ee\/lt\/wp-json\/wp\/v2\/product"}],"about":[{"href":"https:\/\/skinstudio.ee\/lt\/wp-json\/wp\/v2\/types\/product"}],"version-history":[{"count":1,"href":"https:\/\/skinstudio.ee\/lt\/wp-json\/wp\/v2\/product\/48540\/revisions"}],"predecessor-version":[{"id":82733,"href":"https:\/\/skinstudio.ee\/lt\/wp-json\/wp\/v2\/product\/48540\/revisions\/82733"}],"wp:featuredmedia":[{"embeddable":true,"href":"https:\/\/skinstudio.ee\/lt\/wp-json\/wp\/v2\/media\/61899"}],"wp:attachment":[{"href":"https:\/\/skinstudio.ee\/lt\/wp-json\/wp\/v2\/media?parent=48540"}],"wp:term":[{"taxonomy":"pwb-brand","embeddable":true,"href":"https:\/\/skinstudio.ee\/lt\/wp-json\/wp\/v2\/pwb-brand?post=48540"},{"taxonomy":"product_brand","embeddable":true,"href":"https:\/\/skinstudio.ee\/lt\/wp-json\/wp\/v2\/product_brand?post=48540"},{"taxonomy":"product_cat","embeddable":true,"href":"https:\/\/skinstudio.ee\/lt\/wp-json\/wp\/v2\/product_cat?post=48540"},{"taxonomy":"product_tag","embeddable":true,"href":"https:\/\/skinstudio.ee\/lt\/wp-json\/wp\/v2\/product_tag?post=48540"},{"taxonomy":"giftcard-category","embeddable":true,"href":"https:\/\/skinstudio.ee\/lt\/wp-json\/wp\/v2\/giftcard-category?post=48540"}],"curies":[{"name":"wp","href":"https:\/\/api.w.org\/{rel}","templated":true}]}}