{"id":48573,"date":"2023-05-24T17:56:48","date_gmt":"2023-05-24T17:56:48","guid":{"rendered":"https:\/\/skinstudio.ee\/?post_type=product&#038;p=48573"},"modified":"2026-02-19T15:08:34","modified_gmt":"2026-02-19T15:08:34","slug":"cleansing-gel","status":"publish","type":"product","link":"https:\/\/skinstudio.ee\/lt\/catalog\/hydropeptide\/cleansing-gel\/","title":{"rendered":"Cleansing Gel"},"content":{"rendered":"<div class=\"given_product_description_long\">\n<p data-start=\"4391\" data-end=\"4635\"><strong data-start=\"4391\" data-end=\"4425\">Cleansing Gel nuo HydroPeptide<\/strong> &#8211; \u0161velnus valomasis gelis, skirtas delika\u010diam ne\u0161varum\u0173 ir makia\u017eo pa\u0161alinimui bei odos tonizavimui. Formul\u0117 palaiko optimal\u0173 vandens-lipid\u0173 balans\u0105, nesukelia sausumo ar tempimo poj\u016b\u010dio ir palieka od\u0105 gaivi\u0105.<\/p>\n<p data-start=\"4637\" data-end=\"4861\">Aktyvi formul\u0117 padeda raminti jautri\u0105 ir sudirgusi\u0105 od\u0105, skatina mink\u0161tinim\u0105 ir palaiko nat\u016bralias apsaugines funkcijas. \u0160velnus atnaujinamasis poveikis gerina glotnum\u0105 ir padeda i\u0161laikyti tolyg\u0173 ton\u0105 be agresyvaus poveikio.<\/p>\n<p data-start=\"4863\" data-end=\"4888\"><strong data-start=\"4863\" data-end=\"4888\">Aktyv\u016bs ingredientai:<\/strong><\/p>\n<ul data-start=\"4890\" data-end=\"5202\">\n<li data-start=\"4890\" data-end=\"4969\">\n<p data-start=\"4892\" data-end=\"4969\"><strong data-start=\"4892\" data-end=\"4921\">Amaranth Peptide Cleanser<\/strong> &#8211; \u0161velniai valo ir ma\u017eina pavir\u0161iaus \u012ftempim\u0105<\/p>\n<\/li>\n<li data-start=\"4970\" data-end=\"5129\">\n<p data-start=\"4972\" data-end=\"5129\"><strong data-start=\"4972\" data-end=\"5079\">Antioxidant Botanical Complex (Green Tea, Chamomile, Cucumber, Apple, Witch Hazel, Geranium, Calendula)<\/strong> &#8211; antioksidacin\u0117 apsauga ir raminantis poveikis<\/p>\n<\/li>\n<li data-start=\"5130\" data-end=\"5202\">\n<p data-start=\"5132\" data-end=\"5202\"><strong data-start=\"5132\" data-end=\"5159\">Peptiskin + Lactic Acid<\/strong> &#8211; palaiko atsinaujinim\u0105 ir gerina tekst\u016br\u0105<\/p>\n<\/li>\n<\/ul>\n<p data-start=\"5204\" data-end=\"5269\"><strong data-start=\"5204\" data-end=\"5218\">Kam tinka:<\/strong> visiems odos tipams; ypa\u010d jautriai ir sausai odai.<\/p>\n<p data-start=\"5271\" data-end=\"5296\"><strong data-start=\"5271\" data-end=\"5281\">T\u016bris:<\/strong> 30 ml \/ 200 ml<\/p>\n<\/div>\n","protected":false},"excerpt":{"rendered":"<div class=\"given_product_description_top\">\n<p data-start=\"5497\" data-end=\"5546\">\u0160velnus valomasis gelis su tonizuojan\u010diu poveikiu<\/p>\n<h2 data-start=\"5548\" data-end=\"5588\"><strong data-start=\"5548\" data-end=\"5588\">HydroPeptide &#8211; Cleansing Gel Savyb\u0117s<\/strong><\/h2>\n<p data-start=\"5590\" data-end=\"5757\">\u2714\ufe0f \u0160velniai valo neperd\u017eiovindamas<br data-start=\"5624\" data-end=\"5627\" \/>\u2714\ufe0f Palaiko vandens-lipid\u0173 balans\u0105<br data-start=\"5660\" data-end=\"5663\" \/>\u2714\ufe0f Ramina ir ma\u017eina dirginim\u0105<br data-start=\"5692\" data-end=\"5695\" \/>\u2714\ufe0f Gaivina ir gerina glotnum\u0105<br data-start=\"5724\" data-end=\"5727\" \/>\u2714\ufe0f Tinka kasdieniam naudojimui<\/p>\n<\/div>\n","protected":false},"featured_media":61894,"template":"","meta":[],"pwb-brand":[1212],"product_brand":[],"product_cat":[742,744,746,740,748,754,718],"product_tag":[],"giftcard-category":[],"class_list":{"0":"post-48573","1":"product","2":"type-product","3":"status-publish","4":"has-post-thumbnail","6":"pwb-brand-hydropeptide","7":"product_cat-berimai","8":"product_cat-issipletusios-poros","9":"product_cat-jautriai-odai","10":"product_cat-sausai-odai","11":"product_cat-taukainai-adai-lt","12":"product_cat-travel-size-lt","13":"product_cat-valymas","14":"pa_suurus-200ml-lt","15":"pa_suurus-30ml-lt","17":"first","18":"instock","19":"taxable","20":"shipping-taxable","21":"purchasable","22":"product-type-variable"},"acf":[],"brands":[{"id":1212,"name":"HydroPeptide","slug":"hydropeptide"}],"_links":{"self":[{"href":"https:\/\/skinstudio.ee\/lt\/wp-json\/wp\/v2\/product\/48573","targetHints":{"allow":["GET"]}}],"collection":[{"href":"https:\/\/skinstudio.ee\/lt\/wp-json\/wp\/v2\/product"}],"about":[{"href":"https:\/\/skinstudio.ee\/lt\/wp-json\/wp\/v2\/types\/product"}],"version-history":[{"count":1,"href":"https:\/\/skinstudio.ee\/lt\/wp-json\/wp\/v2\/product\/48573\/revisions"}],"predecessor-version":[{"id":82754,"href":"https:\/\/skinstudio.ee\/lt\/wp-json\/wp\/v2\/product\/48573\/revisions\/82754"}],"wp:featuredmedia":[{"embeddable":true,"href":"https:\/\/skinstudio.ee\/lt\/wp-json\/wp\/v2\/media\/61894"}],"wp:attachment":[{"href":"https:\/\/skinstudio.ee\/lt\/wp-json\/wp\/v2\/media?parent=48573"}],"wp:term":[{"taxonomy":"pwb-brand","embeddable":true,"href":"https:\/\/skinstudio.ee\/lt\/wp-json\/wp\/v2\/pwb-brand?post=48573"},{"taxonomy":"product_brand","embeddable":true,"href":"https:\/\/skinstudio.ee\/lt\/wp-json\/wp\/v2\/product_brand?post=48573"},{"taxonomy":"product_cat","embeddable":true,"href":"https:\/\/skinstudio.ee\/lt\/wp-json\/wp\/v2\/product_cat?post=48573"},{"taxonomy":"product_tag","embeddable":true,"href":"https:\/\/skinstudio.ee\/lt\/wp-json\/wp\/v2\/product_tag?post=48573"},{"taxonomy":"giftcard-category","embeddable":true,"href":"https:\/\/skinstudio.ee\/lt\/wp-json\/wp\/v2\/giftcard-category?post=48573"}],"curies":[{"name":"wp","href":"https:\/\/api.w.org\/{rel}","templated":true}]}}