{"id":48588,"date":"2025-06-03T10:19:50","date_gmt":"2025-06-03T10:19:50","guid":{"rendered":"https:\/\/skinstudio.ee\/?post_type=product&#038;p=48588"},"modified":"2026-03-13T13:25:39","modified_gmt":"2026-03-13T13:25:39","slug":"cashmere-cleanse","status":"publish","type":"product","link":"https:\/\/skinstudio.ee\/lt\/catalog\/hydropeptide\/cashmere-cleanse\/","title":{"rendered":"Cashmere Cleanse"},"content":{"rendered":"<p data-start=\"1708\" data-end=\"1970\"><strong data-start=\"1708\" data-end=\"1745\">Cashmere Cleanse nuo HydroPeptide<\/strong> &#8211; \u0161velnus valomasis pienelis, skirtas komforti\u0161kam ir \u0161velniam odos valymui be sausumo ar tempimo poj\u016b\u010dio. Jo mink\u0161ta kremin\u0117 tekst\u016bra padeda pa\u0161alinti ne\u0161varumus ir makia\u017eo liku\u010dius, i\u0161laikant nat\u016bral\u0173 odos dr\u0117gm\u0117s balans\u0105.<\/p>\n<p data-start=\"1972\" data-end=\"2206\">Formul\u0117 sujungia peptid\u0173 kompleks\u0105 i\u0161 hidrolizuoto pieno baltymo, ro\u017ei\u0173 vanden\u012f ir raminan\u010dius augal\u0173 ekstraktus. \u0160i kombinacija padeda palaikyti odos hidrolipidin\u012f barjer\u0105, i\u0161saugoti dr\u0117gm\u0119 ir apsaugoti nuo sausumo poj\u016b\u010dio po valymo.<\/p>\n<p data-start=\"2208\" data-end=\"2424\">Antioksidaciniai komponentai, \u012fskaitant centella asiatica ir aloe vera, padeda nuraminti od\u0105 ir palaikyti jos nat\u016brali\u0105 apsaug\u0105 nuo i\u0161orini\u0173 veiksni\u0173. Po valymo oda tampa mink\u0161ta, sudr\u0117kinta ir akivaizd\u017eiai gaivesn\u0117.<\/p>\n<p data-start=\"2426\" data-end=\"2458\"><strong data-start=\"2426\" data-end=\"2458\">Aktyvi\u0173 komponent\u0173 veikimas:<\/strong><\/p>\n<p data-start=\"2460\" data-end=\"2594\">\u2022 <strong data-start=\"2462\" data-end=\"2489\">Hydrolyzed Milk Protein<\/strong>: i\u0161 pieno gaunamas peptid\u0173 kompleksas, padedantis palaikyti odos dr\u0117gm\u0119 ir stiprinti apsaugin\u012f barjer\u0105<\/p>\n<p data-start=\"2596\" data-end=\"2676\">\u2022 <strong data-start=\"2598\" data-end=\"2629\">Rosa Damascena Flower Water<\/strong>: padeda nuraminti od\u0105 ir suma\u017einti sudirgim\u0105<\/p>\n<p data-start=\"2678\" data-end=\"2766\">\u2022 <strong data-start=\"2680\" data-end=\"2709\">Centella Asiatica Extract<\/strong>: antioksidantas, palaikantis odos apsaugines funkcijas<\/p>\n<p data-start=\"2768\" data-end=\"2856\">\u2022 <strong data-start=\"2770\" data-end=\"2801\">Aloe Barbadensis Leaf Juice<\/strong>: intensyviai dr\u0117kina ir padeda nuraminti jautri\u0105 od\u0105<\/p>\n<p data-start=\"2858\" data-end=\"2930\"><strong data-start=\"2858\" data-end=\"2888\">Kam tinka Cashmere Cleanse<\/strong>: vis\u0173 tip\u0173 odai, ypa\u010d sausai ir jautriai.<\/p>\n<p data-start=\"2932\" data-end=\"2949\"><strong data-start=\"2932\" data-end=\"2942\">T\u016bris:<\/strong> 200 ml<\/p>\n","protected":false},"excerpt":{"rendered":"<p data-start=\"3130\" data-end=\"3156\">\u0160velnus valomasis pienelis<\/p>\n<h2 data-start=\"3158\" data-end=\"3201\"><strong data-start=\"3158\" data-end=\"3201\">HydroPeptide &#8211; Cashmere Cleanse Savyb\u0117s<\/strong><\/h2>\n<p data-start=\"3203\" data-end=\"3404\" data-is-last-node=\"\" data-is-only-node=\"\">\u2714\ufe0f \u0160velniai valo od\u0105 jos nei\u0161sausindamas<br data-start=\"3243\" data-end=\"3246\" \/>\u2714\ufe0f Palaiko nat\u016bral\u0173 odos apsaugin\u012f barjer\u0105<br data-start=\"3288\" data-end=\"3291\" \/>\u2714\ufe0f Ramina jautri\u0105 ir sudirgusi\u0105 od\u0105<br data-start=\"3326\" data-end=\"3329\" \/>\u2714\ufe0f Padeda i\u0161laikyti odos dr\u0117gm\u0117s balans\u0105<br data-start=\"3369\" data-end=\"3372\" \/>\u2714\ufe0f Palieka od\u0105 mink\u0161t\u0105 ir gaivi\u0105<\/p>\n","protected":false},"featured_media":61644,"template":"","meta":[],"pwb-brand":[1212],"product_brand":[],"product_cat":[746,740,718],"product_tag":[],"giftcard-category":[],"class_list":{"0":"post-48588","1":"product","2":"type-product","3":"status-publish","4":"has-post-thumbnail","6":"pwb-brand-hydropeptide","7":"product_cat-jautriai-odai","8":"product_cat-sausai-odai","9":"product_cat-valymas","11":"first","12":"instock","13":"taxable","14":"shipping-taxable","15":"purchasable","16":"product-type-simple"},"acf":[],"brands":[{"id":1212,"name":"HydroPeptide","slug":"hydropeptide"}],"_links":{"self":[{"href":"https:\/\/skinstudio.ee\/lt\/wp-json\/wp\/v2\/product\/48588","targetHints":{"allow":["GET"]}}],"collection":[{"href":"https:\/\/skinstudio.ee\/lt\/wp-json\/wp\/v2\/product"}],"about":[{"href":"https:\/\/skinstudio.ee\/lt\/wp-json\/wp\/v2\/types\/product"}],"version-history":[{"count":1,"href":"https:\/\/skinstudio.ee\/lt\/wp-json\/wp\/v2\/product\/48588\/revisions"}],"predecessor-version":[{"id":85710,"href":"https:\/\/skinstudio.ee\/lt\/wp-json\/wp\/v2\/product\/48588\/revisions\/85710"}],"wp:featuredmedia":[{"embeddable":true,"href":"https:\/\/skinstudio.ee\/lt\/wp-json\/wp\/v2\/media\/61644"}],"wp:attachment":[{"href":"https:\/\/skinstudio.ee\/lt\/wp-json\/wp\/v2\/media?parent=48588"}],"wp:term":[{"taxonomy":"pwb-brand","embeddable":true,"href":"https:\/\/skinstudio.ee\/lt\/wp-json\/wp\/v2\/pwb-brand?post=48588"},{"taxonomy":"product_brand","embeddable":true,"href":"https:\/\/skinstudio.ee\/lt\/wp-json\/wp\/v2\/product_brand?post=48588"},{"taxonomy":"product_cat","embeddable":true,"href":"https:\/\/skinstudio.ee\/lt\/wp-json\/wp\/v2\/product_cat?post=48588"},{"taxonomy":"product_tag","embeddable":true,"href":"https:\/\/skinstudio.ee\/lt\/wp-json\/wp\/v2\/product_tag?post=48588"},{"taxonomy":"giftcard-category","embeddable":true,"href":"https:\/\/skinstudio.ee\/lt\/wp-json\/wp\/v2\/giftcard-category?post=48588"}],"curies":[{"name":"wp","href":"https:\/\/api.w.org\/{rel}","templated":true}]}}