{"id":48594,"date":"2025-03-26T12:45:58","date_gmt":"2025-03-26T12:45:58","guid":{"rendered":"https:\/\/skinstudio.ee\/?post_type=product&#038;p=48594"},"modified":"2026-03-13T13:30:11","modified_gmt":"2026-03-13T13:30:11","slug":"hydraflora","status":"publish","type":"product","link":"https:\/\/skinstudio.ee\/lt\/catalog\/hydropeptide\/hydraflora\/","title":{"rendered":"HydraFlora"},"content":{"rendered":"<p data-start=\"1912\" data-end=\"2182\"><strong data-start=\"1912\" data-end=\"1943\">HydraFlora nuo HydroPeptide<\/strong> &#8211; probiotin\u0117 esencija-tonikas, skirta intensyviai dr\u0117kinti od\u0105, atkurti jos balans\u0105 ir pagerinti bendr\u0105 odos b\u016bkl\u0119. Formul\u0117 su pre- ir probiotiniais komponentais padeda palaikyti sveik\u0105 odos mikroflor\u0105 ir stiprinti odos apsaugin\u012f barjer\u0105.<\/p>\n<p data-start=\"2184\" data-end=\"2526\">Esencija sujungia dr\u0117kinan\u010dius komponentus, augalinius antioksidantus ir \u0161velnias poras ma\u017einan\u010dias med\u017eiagas, kurios padeda pagerinti odos tekst\u016br\u0105 ir suteikti jai gaivesn\u0119 bei \u0161vytin\u010di\u0105 i\u0161vaizd\u0105. Priemon\u0119 galima naudoti kaip tonik\u0105 arba tepti po toniko kaip papildom\u0105 dr\u0117kinam\u0105j\u012f \u017eingsn\u012f, sustiprinant tolesni\u0173 prie\u017ei\u016bros priemoni\u0173 poveik\u012f.<\/p>\n<p data-start=\"2528\" data-end=\"2640\">Augalini\u0173 ekstrakt\u0173 kompleksas padeda palaikyti odos balans\u0105, ma\u017einti nuovargio po\u017eymius ir pagerinti odos ton\u0105.<\/p>\n<p data-start=\"2642\" data-end=\"2674\"><strong data-start=\"2642\" data-end=\"2674\">Aktyvi\u0173 komponent\u0173 veikimas:<\/strong><\/p>\n<p data-start=\"2676\" data-end=\"2821\">\u2022 <strong data-start=\"2678\" data-end=\"2719\">ProRenew Complex CLR\u2122 + Lactobacillus<\/strong>: probiotinis kompleksas, padedantis palaikyti sveik\u0105 odos mikroflor\u0105 ir stiprinti apsaugin\u012f barjer\u0105<\/p>\n<p data-start=\"2823\" data-end=\"2973\">\u2022 <strong data-start=\"2825\" data-end=\"2871\">Coconut Water + Blue Agave + Cactus Flower<\/strong>: nat\u016bral\u016bs sutraukiantys komponentai, padedantys suma\u017einti por\u0173 matomum\u0105 ir i\u0161lyginti odos tekst\u016br\u0105<\/p>\n<p data-start=\"2975\" data-end=\"3089\">\u2022 <strong data-start=\"2977\" data-end=\"2999\">Actiphyte\u00ae Complex<\/strong>: augalini\u0173 antioksidant\u0173 kompleksas, padedantis apsaugoti od\u0105 ir pagerinti jos i\u0161vaizd\u0105<\/p>\n<p data-start=\"3091\" data-end=\"3238\"><strong data-start=\"3091\" data-end=\"3115\">Kam tinka HydraFlora<\/strong>: vis\u0173 tip\u0173 odai, ypa\u010d papilk\u0117jusiai, pavargusiai odai, taip pat esant tonuso suma\u017e\u0117jimui, pigmentacijai ir dehidratacijai.<\/p>\n<p data-start=\"3240\" data-end=\"3257\"><strong data-start=\"3240\" data-end=\"3250\">T\u016bris:<\/strong> 118 ml<\/p>\n","protected":false},"excerpt":{"rendered":"<p data-start=\"3524\" data-end=\"3555\">Probiotin\u0117 dr\u0117kinamoji esencija<\/p>\n<h2 data-start=\"3557\" data-end=\"3594\"><strong data-start=\"3557\" data-end=\"3594\">HydroPeptide &#8211; HydraFlora Savyb\u0117s<\/strong><\/h2>\n<p data-start=\"3596\" data-end=\"3835\" data-is-last-node=\"\" data-is-only-node=\"\">\u2714\ufe0f Intensyviai dr\u0117kina ir padeda palaikyti odos balans\u0105<br data-start=\"3651\" data-end=\"3654\" \/>\u2714\ufe0f Suteikia odai gaivumo ir nat\u016bralaus \u0161vyt\u0117jimo<br data-start=\"3702\" data-end=\"3705\" \/>\u2714\ufe0f Padeda suma\u017einti por\u0173 matomum\u0105 ir i\u0161lyginti tekst\u016br\u0105<br data-start=\"3760\" data-end=\"3763\" \/>\u2714\ufe0f Palaiko sveik\u0105 odos mikroflor\u0105<br data-start=\"3796\" data-end=\"3799\" \/>\u2714\ufe0f Gerina bendr\u0105 odos ton\u0105 ir kokyb\u0119<\/p>\n","protected":false},"featured_media":61664,"template":"","meta":[],"pwb-brand":[1212],"product_brand":[],"product_cat":[746,722],"product_tag":[],"giftcard-category":[],"class_list":{"0":"post-48594","1":"product","2":"type-product","3":"status-publish","4":"has-post-thumbnail","6":"pwb-brand-hydropeptide","7":"product_cat-jautriai-odai","8":"product_cat-toneriai","10":"first","11":"instock","12":"taxable","13":"shipping-taxable","14":"purchasable","15":"product-type-simple"},"acf":[],"brands":[{"id":1212,"name":"HydroPeptide","slug":"hydropeptide"}],"_links":{"self":[{"href":"https:\/\/skinstudio.ee\/lt\/wp-json\/wp\/v2\/product\/48594","targetHints":{"allow":["GET"]}}],"collection":[{"href":"https:\/\/skinstudio.ee\/lt\/wp-json\/wp\/v2\/product"}],"about":[{"href":"https:\/\/skinstudio.ee\/lt\/wp-json\/wp\/v2\/types\/product"}],"version-history":[{"count":1,"href":"https:\/\/skinstudio.ee\/lt\/wp-json\/wp\/v2\/product\/48594\/revisions"}],"predecessor-version":[{"id":85715,"href":"https:\/\/skinstudio.ee\/lt\/wp-json\/wp\/v2\/product\/48594\/revisions\/85715"}],"wp:featuredmedia":[{"embeddable":true,"href":"https:\/\/skinstudio.ee\/lt\/wp-json\/wp\/v2\/media\/61664"}],"wp:attachment":[{"href":"https:\/\/skinstudio.ee\/lt\/wp-json\/wp\/v2\/media?parent=48594"}],"wp:term":[{"taxonomy":"pwb-brand","embeddable":true,"href":"https:\/\/skinstudio.ee\/lt\/wp-json\/wp\/v2\/pwb-brand?post=48594"},{"taxonomy":"product_brand","embeddable":true,"href":"https:\/\/skinstudio.ee\/lt\/wp-json\/wp\/v2\/product_brand?post=48594"},{"taxonomy":"product_cat","embeddable":true,"href":"https:\/\/skinstudio.ee\/lt\/wp-json\/wp\/v2\/product_cat?post=48594"},{"taxonomy":"product_tag","embeddable":true,"href":"https:\/\/skinstudio.ee\/lt\/wp-json\/wp\/v2\/product_tag?post=48594"},{"taxonomy":"giftcard-category","embeddable":true,"href":"https:\/\/skinstudio.ee\/lt\/wp-json\/wp\/v2\/giftcard-category?post=48594"}],"curies":[{"name":"wp","href":"https:\/\/api.w.org\/{rel}","templated":true}]}}