{"id":48600,"date":"2023-05-24T17:56:48","date_gmt":"2023-05-24T17:56:48","guid":{"rendered":"https:\/\/skinstudio.ee\/?post_type=product&#038;p=48600"},"modified":"2026-03-16T13:24:04","modified_gmt":"2026-03-16T13:24:04","slug":"hydroactive-cleanse","status":"publish","type":"product","link":"https:\/\/skinstudio.ee\/lt\/catalog\/hydropeptide\/hydroactive-cleanse\/","title":{"rendered":"HydroActive Cleanse"},"content":{"rendered":"<p data-start=\"2060\" data-end=\"2402\"><strong data-start=\"2060\" data-end=\"2100\">HydroActive Cleanse nuo HydroPeptide<\/strong> &#8211; micelin\u0117s valomosios servet\u0117l\u0117s, kurios \u0161velniai ir efektyviai pa\u0161alina makia\u017e\u0105, perteklin\u012f sebum\u0105 ir kasdienius ne\u0161varumus, nepa\u017eeisdamos nat\u016bralaus odos apsauginio barjero. Lengva micelin\u0117 formul\u0117 vienu \u017eingsniu pa\u0161alina makia\u017e\u0105 ir aplinkos ne\u0161varumus, palikdama od\u0105 \u0161vari\u0105, gaivi\u0105 ir komforti\u0161k\u0105.<\/p>\n<p data-start=\"2404\" data-end=\"2711\">Micelin\u0117s technologijos ir patentuotos HydrO18\u2122 Activated Water derinys su dr\u0117gm\u0119 balansuojan\u010diais peptidais padeda i\u0161laikyti optimal\u0173 odos dr\u0117gm\u0117s lyg\u012f valymo metu. Antioksidantai ir augaliniai ekstraktai padeda apsaugoti od\u0105 nuo laisv\u0173j\u0173 radikal\u0173 poveikio ir suteikia odai lygesn\u012f bei sveikesn\u012f \u0161vyt\u0117jim\u0105.<\/p>\n<p data-start=\"2713\" data-end=\"2847\">Aktyv\u016bs ingredientai u\u017etikrina \u0161veln\u0173 valym\u0105, kartu palaikydami odos apsaugin\u012f barjer\u0105 ir pad\u0117dami i\u0161laikyti jos mink\u0161tum\u0105 bei dr\u0117gm\u0119.<\/p>\n<p data-start=\"2849\" data-end=\"2880\"><strong data-start=\"2849\" data-end=\"2880\">Aktyvi\u0173 komponent\u0173 poveikis<\/strong><\/p>\n<p data-start=\"2882\" data-end=\"3268\">\u2022 <strong data-start=\"2884\" data-end=\"2903\">Micellar Water:<\/strong> micel\u0117s suri\u0161a makia\u017e\u0105, perteklin\u012f sebum\u0105 ir ne\u0161varumus, u\u017etikrindamos efektyv\u0173 valym\u0105 nepa\u017eeid\u017eiant odos barjero.<br data-start=\"3018\" data-end=\"3021\" \/>\u2022 <strong data-start=\"3023\" data-end=\"3052\">HydrO18\u2122 Activated Water:<\/strong> patentuota technologija, padedanti palaikyti optimal\u0173 odos dr\u0117gm\u0117s balans\u0105 ir stiprinti apsaugin\u012f barjer\u0105.<br data-start=\"3159\" data-end=\"3162\" \/>\u2022 <strong data-start=\"3164\" data-end=\"3188\">Hydrolyzed Collagen:<\/strong> dr\u0117gm\u0119 sulaikantis komponentas, padedantis i\u0161laikyti odos glotnum\u0105 ir komfort\u0105.<\/p>\n<p data-start=\"3270\" data-end=\"3397\"><strong data-start=\"3270\" data-end=\"3304\">Kam tinka HydroActive Cleanse:<\/strong> vis\u0173 tip\u0173 odai, \u012fskaitant jautri\u0105, greitam ir \u0161velniam odos valymui bei makia\u017eo pa\u0161alinimui.<\/p>\n<p data-start=\"3399\" data-end=\"3417\"><strong data-start=\"3399\" data-end=\"3417\">T\u016bris: 30 vnt.<\/strong><\/p>\n","protected":false},"excerpt":{"rendered":"<p data-start=\"3738\" data-end=\"3769\">Micelin\u0117s valomosios servet\u0117l\u0117s<\/p>\n<h2 data-start=\"3771\" data-end=\"3817\"><strong data-start=\"3771\" data-end=\"3817\">HydroPeptide &#8211; HydroActive Cleanse Savyb\u0117s<\/strong><\/h2>\n<p data-start=\"3819\" data-end=\"4063\" data-is-last-node=\"\" data-is-only-node=\"\">\u2714\ufe0f Greitai pa\u0161alina makia\u017e\u0105 ir kasdienius ne\u0161varumus<br data-start=\"3871\" data-end=\"3874\" \/>\u2714\ufe0f \u0160velniai valo od\u0105 jos nesausindamos<br data-start=\"3912\" data-end=\"3915\" \/>\u2714\ufe0f Padeda i\u0161laikyti optimal\u0173 odos dr\u0117gm\u0117s balans\u0105<br data-start=\"3964\" data-end=\"3967\" \/>\u2714\ufe0f Palieka od\u0105 gaivi\u0105, mink\u0161t\u0105 ir komforti\u0161k\u0105<br data-start=\"4012\" data-end=\"4015\" \/>\u2714\ufe0f Patogus formatas naudoti namuose ir kelion\u0117je<\/p>\n","protected":false},"featured_media":61874,"template":"","meta":[],"pwb-brand":[1212],"product_brand":[],"product_cat":[746,748,740,718],"product_tag":[],"giftcard-category":[],"class_list":{"0":"post-48600","1":"product","2":"type-product","3":"status-publish","4":"has-post-thumbnail","6":"pwb-brand-hydropeptide","7":"product_cat-jautri-oda","8":"product_cat-riebi-oda","9":"product_cat-sausa-oda","10":"product_cat-valymas","12":"first","13":"instock","14":"sale","15":"taxable","16":"shipping-taxable","17":"purchasable","18":"product-type-simple"},"acf":[],"brands":[{"id":1212,"name":"HydroPeptide","slug":"hydropeptide"}],"_links":{"self":[{"href":"https:\/\/skinstudio.ee\/lt\/wp-json\/wp\/v2\/product\/48600","targetHints":{"allow":["GET"]}}],"collection":[{"href":"https:\/\/skinstudio.ee\/lt\/wp-json\/wp\/v2\/product"}],"about":[{"href":"https:\/\/skinstudio.ee\/lt\/wp-json\/wp\/v2\/types\/product"}],"version-history":[{"count":1,"href":"https:\/\/skinstudio.ee\/lt\/wp-json\/wp\/v2\/product\/48600\/revisions"}],"predecessor-version":[{"id":86122,"href":"https:\/\/skinstudio.ee\/lt\/wp-json\/wp\/v2\/product\/48600\/revisions\/86122"}],"wp:featuredmedia":[{"embeddable":true,"href":"https:\/\/skinstudio.ee\/lt\/wp-json\/wp\/v2\/media\/61874"}],"wp:attachment":[{"href":"https:\/\/skinstudio.ee\/lt\/wp-json\/wp\/v2\/media?parent=48600"}],"wp:term":[{"taxonomy":"pwb-brand","embeddable":true,"href":"https:\/\/skinstudio.ee\/lt\/wp-json\/wp\/v2\/pwb-brand?post=48600"},{"taxonomy":"product_brand","embeddable":true,"href":"https:\/\/skinstudio.ee\/lt\/wp-json\/wp\/v2\/product_brand?post=48600"},{"taxonomy":"product_cat","embeddable":true,"href":"https:\/\/skinstudio.ee\/lt\/wp-json\/wp\/v2\/product_cat?post=48600"},{"taxonomy":"product_tag","embeddable":true,"href":"https:\/\/skinstudio.ee\/lt\/wp-json\/wp\/v2\/product_tag?post=48600"},{"taxonomy":"giftcard-category","embeddable":true,"href":"https:\/\/skinstudio.ee\/lt\/wp-json\/wp\/v2\/giftcard-category?post=48600"}],"curies":[{"name":"wp","href":"https:\/\/api.w.org\/{rel}","templated":true}]}}