{"id":48609,"date":"2023-05-24T17:56:48","date_gmt":"2023-05-24T17:56:48","guid":{"rendered":"https:\/\/skinstudio.ee\/?post_type=product&#038;p=48609"},"modified":"2026-03-16T13:11:36","modified_gmt":"2026-03-16T13:11:36","slug":"makeup-melt","status":"publish","type":"product","link":"https:\/\/skinstudio.ee\/lt\/catalog\/hydropeptide\/makeup-melt\/","title":{"rendered":"Makeup Melt"},"content":{"rendered":"<p data-start=\"2027\" data-end=\"2363\"><strong data-start=\"2027\" data-end=\"2059\">Makeup Melt nuo HydroPeptide<\/strong> \u2013 tai tirpstantis valomasis balzamas, kuris \u0161velniai i\u0161tirpina net atspar\u0173 makia\u017e\u0105, SPF ir kasdienius ne\u0161varumus. Susiliet\u0119s su oda, turtingos aliejin\u0117s tekst\u016bros balzamas virsta \u0161ilkine emulsija, kuri efektyviai pa\u0161alina makia\u017e\u0105, perteklin\u012f sebum\u0105 ir ne\u0161varumus, nepalikdama sausumo ar tempimo poj\u016b\u010dio.<\/p>\n<p data-start=\"2365\" data-end=\"2680\">Formul\u0117je esantis patentuotas L22\u00ae Lipid Complex padeda palaikyti nat\u016bral\u0173 odos lipid\u0173 balans\u0105 valymo metu ir i\u0161saugoti odos mink\u0161tum\u0105, elastingum\u0105 bei komfort\u0105. Maitinamieji aliejai ir dr\u0117kinantys komponentai r\u016bpinasi oda jau valymo etape, palikdami j\u0105 lygi\u0105, gaivi\u0105 ir puikiai paruo\u0161t\u0105 tolimesnei odos prie\u017ei\u016brai.<\/p>\n<p data-start=\"2682\" data-end=\"2814\">Aktyv\u016bs ingredientai ne tik padeda efektyviai pa\u0161alinti makia\u017e\u0105, bet ir palaiko odos dr\u0117kinim\u0105 bei apsaugines funkcijas valymo metu.<\/p>\n<p data-start=\"2816\" data-end=\"2847\"><strong data-start=\"2816\" data-end=\"2847\">Aktyvi\u0173 komponent\u0173 poveikis<\/strong><\/p>\n<p data-start=\"2849\" data-end=\"3180\">\u2022 <strong data-start=\"2851\" data-end=\"2874\">L22\u00ae Lipid Complex:<\/strong> patentuotas lipid\u0173 kompleksas, padedantis atkurti nat\u016bral\u0173 odos lipid\u0173 profil\u012f ir stiprinti apsaugin\u012f odos barjer\u0105.<br data-start=\"2990\" data-end=\"2993\" \/>\u2022 <strong data-start=\"2995\" data-end=\"3009\">Vitamin E:<\/strong> antioksidantas, kuris mink\u0161tina od\u0105 ir padeda apsaugoti j\u0105 nuo oksidacinio streso.<br data-start=\"3092\" data-end=\"3095\" \/>\u2022 <strong data-start=\"3097\" data-end=\"3117\">Hyaluronic Acid:<\/strong> padeda dr\u0117kinti od\u0105 ir palaikyti jos glotnum\u0105 bei elastingum\u0105.<\/p>\n<p data-start=\"3182\" data-end=\"3340\"><strong data-start=\"3182\" data-end=\"3208\">Kam tinka Makeup Melt:<\/strong> vis\u0173 tip\u0173 odai, \u012fskaitant jautri\u0105; idealiai tinka kaip pirmasis valymo \u017eingsnis makia\u017eui, SPF ir kasdieniams ne\u0161varumams pa\u0161alinti.<\/p>\n<p data-start=\"3342\" data-end=\"3359\"><strong data-start=\"3342\" data-end=\"3359\">T\u016bris: 100 ml<\/strong><\/p>\n","protected":false},"excerpt":{"rendered":"<div class=\"given_product_description_top\">\n<p data-start=\"3693\" data-end=\"3728\">Tirpstantis makia\u017eo valymo balzamas<\/p>\n<h2 data-start=\"3730\" data-end=\"3768\"><strong data-start=\"3730\" data-end=\"3768\">HydroPeptide &#8211; Makeup Melt Savyb\u0117s<\/strong><\/h2>\n<p data-start=\"3770\" data-end=\"4008\" data-is-last-node=\"\" data-is-only-node=\"\">\u2714\ufe0f Greitai i\u0161tirpina net atspar\u0173 makia\u017e\u0105 ir SPF<br data-start=\"3817\" data-end=\"3820\" \/>\u2714\ufe0f \u0160velniai valo od\u0105 jos nesausindamas<br data-start=\"3858\" data-end=\"3861\" \/>\u2714\ufe0f Padeda palaikyti nat\u016bral\u0173 odos lipid\u0173 balans\u0105<br data-start=\"3909\" data-end=\"3912\" \/>\u2714\ufe0f Palieka od\u0105 mink\u0161t\u0105, lygi\u0105 ir gaivi\u0105<br data-start=\"3951\" data-end=\"3954\" \/>\u2714\ufe0f Puikiai tinka kaip pirmasis dvigubo valymo \u017eingsnis<\/p>\n<\/div>\n","protected":false},"featured_media":61884,"template":"","meta":[],"pwb-brand":[1212],"product_brand":[],"product_cat":[746,740,718],"product_tag":[],"giftcard-category":[],"class_list":{"0":"post-48609","1":"product","2":"type-product","3":"status-publish","4":"has-post-thumbnail","6":"pwb-brand-hydropeptide","7":"product_cat-jautriai-odai","8":"product_cat-sausai-odai","9":"product_cat-valymas","11":"first","12":"instock","13":"taxable","14":"shipping-taxable","15":"purchasable","16":"product-type-simple"},"acf":[],"brands":[{"id":1212,"name":"HydroPeptide","slug":"hydropeptide"}],"_links":{"self":[{"href":"https:\/\/skinstudio.ee\/lt\/wp-json\/wp\/v2\/product\/48609","targetHints":{"allow":["GET"]}}],"collection":[{"href":"https:\/\/skinstudio.ee\/lt\/wp-json\/wp\/v2\/product"}],"about":[{"href":"https:\/\/skinstudio.ee\/lt\/wp-json\/wp\/v2\/types\/product"}],"version-history":[{"count":1,"href":"https:\/\/skinstudio.ee\/lt\/wp-json\/wp\/v2\/product\/48609\/revisions"}],"predecessor-version":[{"id":86101,"href":"https:\/\/skinstudio.ee\/lt\/wp-json\/wp\/v2\/product\/48609\/revisions\/86101"}],"wp:featuredmedia":[{"embeddable":true,"href":"https:\/\/skinstudio.ee\/lt\/wp-json\/wp\/v2\/media\/61884"}],"wp:attachment":[{"href":"https:\/\/skinstudio.ee\/lt\/wp-json\/wp\/v2\/media?parent=48609"}],"wp:term":[{"taxonomy":"pwb-brand","embeddable":true,"href":"https:\/\/skinstudio.ee\/lt\/wp-json\/wp\/v2\/pwb-brand?post=48609"},{"taxonomy":"product_brand","embeddable":true,"href":"https:\/\/skinstudio.ee\/lt\/wp-json\/wp\/v2\/product_brand?post=48609"},{"taxonomy":"product_cat","embeddable":true,"href":"https:\/\/skinstudio.ee\/lt\/wp-json\/wp\/v2\/product_cat?post=48609"},{"taxonomy":"product_tag","embeddable":true,"href":"https:\/\/skinstudio.ee\/lt\/wp-json\/wp\/v2\/product_tag?post=48609"},{"taxonomy":"giftcard-category","embeddable":true,"href":"https:\/\/skinstudio.ee\/lt\/wp-json\/wp\/v2\/giftcard-category?post=48609"}],"curies":[{"name":"wp","href":"https:\/\/api.w.org\/{rel}","templated":true}]}}