{"id":48621,"date":"2023-05-24T17:56:48","date_gmt":"2023-05-24T17:56:48","guid":{"rendered":"https:\/\/skinstudio.ee\/?post_type=product&#038;p=48621"},"modified":"2026-03-16T13:27:35","modified_gmt":"2026-03-16T13:27:35","slug":"clarifying-toner","status":"publish","type":"product","link":"https:\/\/skinstudio.ee\/lt\/catalog\/hydropeptide\/clarifying-toner\/","title":{"rendered":"Clarifying Toner"},"content":{"rendered":"<div class=\"given_product_description_long\">\n<p data-start=\"1878\" data-end=\"2173\"><strong data-start=\"1878\" data-end=\"1915\">Clarifying Toner nuo HydroPeptide<\/strong> &#8211; dvipus\u0117s tonizuojan\u010dios servet\u0117l\u0117s, prisotintos aktyvaus valomojo losjono, skirtos odai, linkusiai \u012f b\u0117rimus ir perteklin\u0119 sebumo gamyb\u0105. Formul\u0117 padeda giliai i\u0161valyti poras, pa\u0161alinti likusius ne\u0161varumus ir i\u0161laikyti od\u0105 \u0161vari\u0105, gaivi\u0105 bei subalansuot\u0105.<\/p>\n<p data-start=\"2175\" data-end=\"2474\">Eksfoliuojan\u010di\u0173 r\u016bg\u0161\u010di\u0173, peptid\u0173 ir augalini\u0173 ekstrakt\u0173 derinys padeda atnaujinti od\u0105, i\u0161lyginti jos tekst\u016br\u0105 ir pagerinti odos ton\u0105. Priemon\u0117 efektyviai reguliuoja sebumo i\u0161siskyrim\u0105, ma\u017eina matom\u0173 por\u0173 i\u0161vaizd\u0105 ir padeda i\u0161vengti b\u0117rim\u0173 bei riebalinio blizgesio, nesausindama ir nedirgindama odos.<\/p>\n<p data-start=\"2476\" data-end=\"2570\">Aktyv\u016bs ingredientai padeda i\u0161valyti poras, suma\u017einti u\u017edegim\u0105 ir atkurti sveik\u0105 odos balans\u0105.<\/p>\n<p data-start=\"2572\" data-end=\"2603\"><strong data-start=\"2572\" data-end=\"2603\">Aktyvi\u0173 komponent\u0173 poveikis<\/strong><\/p>\n<p data-start=\"2605\" data-end=\"3012\">\u2022 <strong data-start=\"2607\" data-end=\"2631\">Canadian Willowherb:<\/strong> polifenoli\u0173 turtingas augalinis ekstraktas, pasi\u017eymintis stipriu antimikrobiniu poveikiu ir padedantis ma\u017einti C. acnes aktyvum\u0105.<br data-start=\"2761\" data-end=\"2764\" \/>\u2022 <strong data-start=\"2766\" data-end=\"2797\">Azelaic Acid &amp; Lactic Acid:<\/strong> \u0161velnios eksfoliuojan\u010dios r\u016bg\u0161tys, skatinan\u010dios l\u0105steli\u0173 atsinaujinim\u0105, valan\u010dios poras ir lyginan\u010dios odos ton\u0105.<br data-start=\"2911\" data-end=\"2914\" \/>\u2022 <strong data-start=\"2916\" data-end=\"2930\">Aloe Vera:<\/strong> raminantis augalinis komponentas, padedantis ma\u017einti paraudim\u0105 ir odos sudirgim\u0105.<\/p>\n<p data-start=\"3014\" data-end=\"3146\"><strong data-start=\"3014\" data-end=\"3045\">Kam tinka Clarifying Toner:<\/strong> mi\u0161riai, riebiai ir probleminei odai, linkusiai \u012f i\u0161sipl\u0117tusias poras, perteklin\u012f sebum\u0105 ir b\u0117rimus.<\/p>\n<p data-start=\"3148\" data-end=\"3166\"><strong data-start=\"3148\" data-end=\"3166\">T\u016bris: 60 vnt.<\/strong><\/p>\n<\/div>\n","protected":false},"excerpt":{"rendered":"<div class=\"given_product_description_top\">\n<p data-start=\"3366\" data-end=\"3414\">Valomasis tonikas su azelaino ir pieno r\u016bg\u0161timis<\/p>\n<h2 data-start=\"3416\" data-end=\"3459\"><strong data-start=\"3416\" data-end=\"3459\">HydroPeptide &#8211; Clarifying Toner Savyb\u0117s<\/strong><\/h2>\n<p data-start=\"3461\" data-end=\"3680\" data-is-last-node=\"\" data-is-only-node=\"\">\u2714\ufe0f Giliai valo poras ir ma\u017eina j\u0173 matomum\u0105<br data-start=\"3503\" data-end=\"3506\" \/>\u2714\ufe0f Reguliuoja sebumo i\u0161siskyrim\u0105 ir ma\u017eina blizges\u012f<br data-start=\"3557\" data-end=\"3560\" \/>\u2714\ufe0f Ma\u017eina akn\u0119 sukelian\u010di\u0173 bakterij\u0173 aktyvum\u0105<br data-start=\"3605\" data-end=\"3608\" \/>\u2714\ufe0f Lygina odos tekst\u016br\u0105 ir gerina ton\u0105<br data-start=\"3646\" data-end=\"3649\" \/>\u2714\ufe0f Ramina paraudim\u0105 ir u\u017edegim\u0105<\/p>\n<\/div>\n","protected":false},"featured_media":61889,"template":"","meta":[],"pwb-brand":[1212],"product_brand":[],"product_cat":[742,744,748,722],"product_tag":[],"giftcard-category":[],"class_list":{"0":"post-48621","1":"product","2":"type-product","3":"status-publish","4":"has-post-thumbnail","6":"pwb-brand-hydropeptide","7":"product_cat-berimai","8":"product_cat-issipletusios-poros","9":"product_cat-taukainai-adai-lt","10":"product_cat-toneriai","12":"first","13":"instock","14":"taxable","15":"shipping-taxable","16":"purchasable","17":"product-type-simple"},"acf":[],"brands":[{"id":1212,"name":"HydroPeptide","slug":"hydropeptide"}],"_links":{"self":[{"href":"https:\/\/skinstudio.ee\/lt\/wp-json\/wp\/v2\/product\/48621","targetHints":{"allow":["GET"]}}],"collection":[{"href":"https:\/\/skinstudio.ee\/lt\/wp-json\/wp\/v2\/product"}],"about":[{"href":"https:\/\/skinstudio.ee\/lt\/wp-json\/wp\/v2\/types\/product"}],"version-history":[{"count":1,"href":"https:\/\/skinstudio.ee\/lt\/wp-json\/wp\/v2\/product\/48621\/revisions"}],"predecessor-version":[{"id":86127,"href":"https:\/\/skinstudio.ee\/lt\/wp-json\/wp\/v2\/product\/48621\/revisions\/86127"}],"wp:featuredmedia":[{"embeddable":true,"href":"https:\/\/skinstudio.ee\/lt\/wp-json\/wp\/v2\/media\/61889"}],"wp:attachment":[{"href":"https:\/\/skinstudio.ee\/lt\/wp-json\/wp\/v2\/media?parent=48621"}],"wp:term":[{"taxonomy":"pwb-brand","embeddable":true,"href":"https:\/\/skinstudio.ee\/lt\/wp-json\/wp\/v2\/pwb-brand?post=48621"},{"taxonomy":"product_brand","embeddable":true,"href":"https:\/\/skinstudio.ee\/lt\/wp-json\/wp\/v2\/product_brand?post=48621"},{"taxonomy":"product_cat","embeddable":true,"href":"https:\/\/skinstudio.ee\/lt\/wp-json\/wp\/v2\/product_cat?post=48621"},{"taxonomy":"product_tag","embeddable":true,"href":"https:\/\/skinstudio.ee\/lt\/wp-json\/wp\/v2\/product_tag?post=48621"},{"taxonomy":"giftcard-category","embeddable":true,"href":"https:\/\/skinstudio.ee\/lt\/wp-json\/wp\/v2\/giftcard-category?post=48621"}],"curies":[{"name":"wp","href":"https:\/\/api.w.org\/{rel}","templated":true}]}}