{"id":48634,"date":"2023-05-24T17:56:48","date_gmt":"2023-05-24T17:56:48","guid":{"rendered":"https:\/\/skinstudio.ee\/?post_type=product&#038;p=48634"},"modified":"2026-03-16T13:16:30","modified_gmt":"2026-03-16T13:16:30","slug":"purifying-cleanser","status":"publish","type":"product","link":"https:\/\/skinstudio.ee\/lt\/catalog\/hydropeptide\/purifying-cleanser\/","title":{"rendered":"Purifying Cleanser"},"content":{"rendered":"<div class=\"given_product_description_long\">\n<p data-start=\"2235\" data-end=\"2599\"><strong data-start=\"2235\" data-end=\"2274\">Purifying Cleanser nuo HydroPeptide<\/strong> \u2013 tai giliai valantis prausiklis, padedantis suma\u017einti perteklin\u012f sebum\u0105, i\u0161valyti poras ir u\u017ekirsti keli\u0105 u\u017edegimini\u0173 element\u0173 atsiradimui, i\u0161laikant odos pusiausvyr\u0105. Molio pagrindu sukurta formul\u0117 \u0161velniai pa\u0161alina ne\u0161varumus, perteklin\u012f sebum\u0105 ir kasdienius odos ne\u0161varumus, nepa\u017eeisdama nat\u016bralaus odos dr\u0117gm\u0117s barjero.<\/p>\n<p data-start=\"2601\" data-end=\"2870\">Valan\u010di\u0173 moli\u0173, eksfoliuojan\u010di\u0173 r\u016bg\u0161\u010di\u0173 ir tikslini\u0173 peptid\u0173 derinys padeda palaikyti \u0161varias poras, skatina odos atsinaujinim\u0105 ir gerina jos tekst\u016br\u0105 bei ton\u0105. Reguliariai naudojant, prausiklis padeda i\u0161laikyti gaivesn\u0119, labiau subalansuot\u0105 ir \u0161varesn\u0117s i\u0161vaizdos od\u0105.<\/p>\n<p data-start=\"2872\" data-end=\"2998\">Aktyv\u016bs ingredientai kartu padeda i\u0161valyti poras, palaikyti odos atsinaujinim\u0105 ir suma\u017einti u\u017edegimo po\u017eymius jau valymo metu.<\/p>\n<p data-start=\"3000\" data-end=\"3031\"><strong data-start=\"3000\" data-end=\"3031\">Aktyvi\u0173 komponent\u0173 poveikis<\/strong><\/p>\n<p data-start=\"3033\" data-end=\"3410\">\u2022 <strong data-start=\"3035\" data-end=\"3063\">Kaolin &amp; Bentonite Clay:<\/strong> valantys mineraliniai moliai, kurie sugeria perteklin\u012f sebum\u0105 ir padeda detoksikuoti poras.<br data-start=\"3155\" data-end=\"3158\" \/>\u2022 <strong data-start=\"3160\" data-end=\"3178\">Mandelic Acid:<\/strong> \u0161velni eksfoliuojanti r\u016bg\u0161tis, skatinanti odos atsinaujinim\u0105 ir padedanti i\u0161lyginti odos tekst\u016br\u0105.<br data-start=\"3277\" data-end=\"3280\" \/>\u2022 <strong data-start=\"3282\" data-end=\"3319\">Granactive\u2122 Acne Peptide Complex:<\/strong> antibakterinis peptid\u0173 kompleksas, padedantis ma\u017einti akn\u0119 sukelian\u010di\u0173 bakterij\u0173 aktyvum\u0105.<\/p>\n<p data-start=\"3412\" data-end=\"3555\"><strong data-start=\"3412\" data-end=\"3445\">Kam tinka Purifying Cleanser:<\/strong> mi\u0161riai, riebiai ir probleminei odai, linkusiai \u012f u\u017esikim\u0161usias poras, u\u017edegimus ir perteklin\u0119 sebumo gamyb\u0105.<\/p>\n<p data-start=\"3557\" data-end=\"3574\"><strong data-start=\"3557\" data-end=\"3574\">T\u016bris: 200 ml<\/strong><\/p>\n<p data-start=\"3576\" data-end=\"3826\">\n<\/div>\n","protected":false},"excerpt":{"rendered":"<div class=\"given_product_description_top\">\n<p data-start=\"4118\" data-end=\"4155\">Valomasis prausiklis su detoks efektu<\/p>\n<h2 data-start=\"4157\" data-end=\"4202\"><strong data-start=\"4157\" data-end=\"4202\">HydroPeptide &#8211; Purifying Cleanser Savyb\u0117s<\/strong><\/h2>\n<p data-start=\"4204\" data-end=\"4435\" data-is-last-node=\"\" data-is-only-node=\"\">\u2714\ufe0f Giliai valo poras ir pa\u0161alina ne\u0161varumus<br data-start=\"4247\" data-end=\"4250\" \/>\u2714\ufe0f Padeda kontroliuoti perteklin\u012f sebum\u0105<br data-start=\"4290\" data-end=\"4293\" \/>\u2714\ufe0f Palaiko \u0161varesn\u0117s ir labiau subalansuotos odos i\u0161vaizd\u0105<br data-start=\"4351\" data-end=\"4354\" \/>\u2714\ufe0f Padeda suma\u017einti matom\u0173 por\u0173 i\u0161vaizd\u0105<br data-start=\"4394\" data-end=\"4397\" \/>\u2714\ufe0f \u0160velniai valo od\u0105 jos nesausindamas<\/p>\n<\/div>\n","protected":false},"featured_media":61909,"template":"","meta":[],"pwb-brand":[1212],"product_brand":[],"product_cat":[742,744,748,718],"product_tag":[],"giftcard-category":[],"class_list":{"0":"post-48634","1":"product","2":"type-product","3":"status-publish","4":"has-post-thumbnail","6":"pwb-brand-hydropeptide","7":"product_cat-akne","8":"product_cat-issipletusios-poros","9":"product_cat-riebi-oda","10":"product_cat-valymas","12":"first","13":"instock","14":"sale","15":"taxable","16":"shipping-taxable","17":"purchasable","18":"product-type-simple"},"acf":[],"brands":[{"id":1212,"name":"HydroPeptide","slug":"hydropeptide"}],"_links":{"self":[{"href":"https:\/\/skinstudio.ee\/lt\/wp-json\/wp\/v2\/product\/48634","targetHints":{"allow":["GET"]}}],"collection":[{"href":"https:\/\/skinstudio.ee\/lt\/wp-json\/wp\/v2\/product"}],"about":[{"href":"https:\/\/skinstudio.ee\/lt\/wp-json\/wp\/v2\/types\/product"}],"version-history":[{"count":1,"href":"https:\/\/skinstudio.ee\/lt\/wp-json\/wp\/v2\/product\/48634\/revisions"}],"predecessor-version":[{"id":86111,"href":"https:\/\/skinstudio.ee\/lt\/wp-json\/wp\/v2\/product\/48634\/revisions\/86111"}],"wp:featuredmedia":[{"embeddable":true,"href":"https:\/\/skinstudio.ee\/lt\/wp-json\/wp\/v2\/media\/61909"}],"wp:attachment":[{"href":"https:\/\/skinstudio.ee\/lt\/wp-json\/wp\/v2\/media?parent=48634"}],"wp:term":[{"taxonomy":"pwb-brand","embeddable":true,"href":"https:\/\/skinstudio.ee\/lt\/wp-json\/wp\/v2\/pwb-brand?post=48634"},{"taxonomy":"product_brand","embeddable":true,"href":"https:\/\/skinstudio.ee\/lt\/wp-json\/wp\/v2\/product_brand?post=48634"},{"taxonomy":"product_cat","embeddable":true,"href":"https:\/\/skinstudio.ee\/lt\/wp-json\/wp\/v2\/product_cat?post=48634"},{"taxonomy":"product_tag","embeddable":true,"href":"https:\/\/skinstudio.ee\/lt\/wp-json\/wp\/v2\/product_tag?post=48634"},{"taxonomy":"giftcard-category","embeddable":true,"href":"https:\/\/skinstudio.ee\/lt\/wp-json\/wp\/v2\/giftcard-category?post=48634"}],"curies":[{"name":"wp","href":"https:\/\/api.w.org\/{rel}","templated":true}]}}