{"id":48644,"date":"2023-05-24T17:56:48","date_gmt":"2023-05-24T17:56:48","guid":{"rendered":"https:\/\/skinstudio.ee\/?post_type=product&#038;p=48644"},"modified":"2026-03-16T13:20:12","modified_gmt":"2026-03-16T13:20:12","slug":"solar-defense-non-tinted-spf50","status":"publish","type":"product","link":"https:\/\/skinstudio.ee\/lt\/catalog\/hydropeptide\/solar-defense-non-tinted-spf50\/","title":{"rendered":"Solar Defense Non-Tinted SPF50"},"content":{"rendered":"<p data-start=\"2044\" data-end=\"2394\"><strong data-start=\"2044\" data-end=\"2089\">Solar Defense Non-Tinted nuo HydroPeptide<\/strong> &#8211; mineralinis plataus spektro apsauginis kremas nuo saul\u0117s, kuris u\u017etikrina stipri\u0105 apsaug\u0105 nuo UVA, UVB ir infraraudonosios spinduliuot\u0117s. Lengva formul\u0117 su fiziniais filtrais atspindi kenksmingus saul\u0117s spindulius nuo odos pavir\u0161iaus, pad\u0117dama apsaugoti od\u0105 nuo fotopa\u017eeidim\u0173 ir prie\u0161laikinio sen\u0117jimo.<\/p>\n<p data-start=\"2396\" data-end=\"2698\">Formul\u0117 papildyta antioksidantais ir odos barjer\u0105 stiprinan\u010diais ingredientais, kurie padeda apsaugoti od\u0105 nuo laisv\u0173j\u0173 radikal\u0173 ir palaikyti optimal\u0173 dr\u0117gm\u0117s balans\u0105. Kremas taip pat ramina od\u0105, padeda kontroliuoti perteklin\u012f sebum\u0105 ir palieka od\u0105 lygi\u0105, gaivi\u0105 bei \u0161velniai matin\u0119 be sunkumo poj\u016b\u010dio.<\/p>\n<p data-start=\"2700\" data-end=\"2832\">Tiksliniai aktyv\u016bs komponentai sustiprina apsaug\u0105 nuo saul\u0117s ir padeda i\u0161laikyti odos komfort\u0105 net intensyvaus saul\u0117s poveikio metu.<\/p>\n<p data-start=\"2834\" data-end=\"2865\"><strong data-start=\"2834\" data-end=\"2865\">Aktyvi\u0173 komponent\u0173 poveikis<\/strong><\/p>\n<p data-start=\"2867\" data-end=\"3222\">\u2022 <strong data-start=\"2869\" data-end=\"2884\">Venuceane\u2122:<\/strong> padeda suma\u017einti infraraudonosios spinduliuot\u0117s poveik\u012f, neutralizuoja laisvuosius radikalus ir palaiko l\u0105steli\u0173 apsaugos mechanizmus.<br data-start=\"3019\" data-end=\"3022\" \/>\u2022 <strong data-start=\"3024\" data-end=\"3036\">ASEBIOL:<\/strong> prie\u0161u\u017edegiminis kompleksas, reguliuojantis sebumo gamyb\u0105 ir ma\u017einantis rieb\u0173 odos blizges\u012f.<br data-start=\"3129\" data-end=\"3132\" \/>\u2022 <strong data-start=\"3134\" data-end=\"3154\">Hyaluronic Acid:<\/strong> intensyviai dr\u0117kina od\u0105 ir padeda stiprinti odos apsaugin\u012f barjer\u0105.<\/p>\n<p data-start=\"3224\" data-end=\"3366\"><strong data-start=\"3224\" data-end=\"3263\">Kam tinka Solar Defense Non-Tinted:<\/strong> vis\u0173 tip\u0173 odai, \u012fskaitant jautri\u0105, kasdienei auk\u0161to lygio apsaugai nuo saul\u0117s be tonizuojan\u010dio efekto.<\/p>\n<p data-start=\"3368\" data-end=\"3384\"><strong data-start=\"3368\" data-end=\"3384\">T\u016bris: 50 ml<\/strong><\/p>\n","protected":false},"excerpt":{"rendered":"<p data-start=\"3683\" data-end=\"3732\">Dr\u0117kinantis mineralinis kremas nuo saul\u0117s be tono<\/p>\n<h2 data-start=\"3734\" data-end=\"3785\"><strong data-start=\"3734\" data-end=\"3785\">HydroPeptide &#8211; Solar Defense Non-Tinted Savyb\u0117s<\/strong><\/h2>\n<p data-start=\"3787\" data-end=\"4058\" data-is-last-node=\"\" data-is-only-node=\"\">\u2714\ufe0f U\u017etikrina stipri\u0105 SPF 50 apsaug\u0105 nuo UVA ir UVB<br data-start=\"3837\" data-end=\"3840\" \/>\u2714\ufe0f Saugo od\u0105 nuo infraraudon\u0173j\u0173 spinduli\u0173 sukeliamo sen\u0117jimo<br data-start=\"3900\" data-end=\"3903\" \/>\u2714\ufe0f Kontroliuoja perteklin\u012f riebal\u0173 i\u0161siskyrim\u0105 ir matina od\u0105<br data-start=\"3963\" data-end=\"3966\" \/>\u2714\ufe0f Dr\u0117kina ir stiprina odos apsaugin\u012f barjer\u0105<br data-start=\"4011\" data-end=\"4014\" \/>\u2714\ufe0f Lengva tekst\u016bra idealiai tinka po makia\u017eu<\/p>\n","protected":false},"featured_media":61869,"template":"","meta":[],"pwb-brand":[1212],"product_brand":[],"product_cat":[732],"product_tag":[],"giftcard-category":[],"class_list":{"0":"post-48644","1":"product","2":"type-product","3":"status-publish","4":"has-post-thumbnail","6":"pwb-brand-hydropeptide","7":"product_cat-spf-apsauga","9":"first","10":"instock","11":"taxable","12":"shipping-taxable","13":"purchasable","14":"product-type-simple"},"acf":[],"brands":[{"id":1212,"name":"HydroPeptide","slug":"hydropeptide"}],"_links":{"self":[{"href":"https:\/\/skinstudio.ee\/lt\/wp-json\/wp\/v2\/product\/48644","targetHints":{"allow":["GET"]}}],"collection":[{"href":"https:\/\/skinstudio.ee\/lt\/wp-json\/wp\/v2\/product"}],"about":[{"href":"https:\/\/skinstudio.ee\/lt\/wp-json\/wp\/v2\/types\/product"}],"version-history":[{"count":1,"href":"https:\/\/skinstudio.ee\/lt\/wp-json\/wp\/v2\/product\/48644\/revisions"}],"predecessor-version":[{"id":86117,"href":"https:\/\/skinstudio.ee\/lt\/wp-json\/wp\/v2\/product\/48644\/revisions\/86117"}],"wp:featuredmedia":[{"embeddable":true,"href":"https:\/\/skinstudio.ee\/lt\/wp-json\/wp\/v2\/media\/61869"}],"wp:attachment":[{"href":"https:\/\/skinstudio.ee\/lt\/wp-json\/wp\/v2\/media?parent=48644"}],"wp:term":[{"taxonomy":"pwb-brand","embeddable":true,"href":"https:\/\/skinstudio.ee\/lt\/wp-json\/wp\/v2\/pwb-brand?post=48644"},{"taxonomy":"product_brand","embeddable":true,"href":"https:\/\/skinstudio.ee\/lt\/wp-json\/wp\/v2\/product_brand?post=48644"},{"taxonomy":"product_cat","embeddable":true,"href":"https:\/\/skinstudio.ee\/lt\/wp-json\/wp\/v2\/product_cat?post=48644"},{"taxonomy":"product_tag","embeddable":true,"href":"https:\/\/skinstudio.ee\/lt\/wp-json\/wp\/v2\/product_tag?post=48644"},{"taxonomy":"giftcard-category","embeddable":true,"href":"https:\/\/skinstudio.ee\/lt\/wp-json\/wp\/v2\/giftcard-category?post=48644"}],"curies":[{"name":"wp","href":"https:\/\/api.w.org\/{rel}","templated":true}]}}