{"id":48657,"date":"2023-05-24T17:56:42","date_gmt":"2023-05-24T17:56:42","guid":{"rendered":"https:\/\/skinstudio.ee\/?post_type=product&#038;p=48657"},"modified":"2026-03-16T13:33:54","modified_gmt":"2026-03-16T13:33:54","slug":"power-serum","status":"publish","type":"product","link":"https:\/\/skinstudio.ee\/lt\/catalog\/hydropeptide\/power-serum\/","title":{"rendered":"Power Serum"},"content":{"rendered":"<p data-start=\"1902\" data-end=\"2233\"><strong data-start=\"1902\" data-end=\"1934\">Power Serum nuo HydroPeptide<\/strong> &#8211; auk\u0161tos koncentracijos liftingo serumas, padedantis atkurti odos l\u0105steli\u0173 gyvybingum\u0105 ir matomai pagerinti odos stangrum\u0105 bei elastingum\u0105. Galinga formul\u0117 su peptid\u0173 kompleksais skatina kolageno, elastino ir hialurono r\u016bg\u0161ties sintez\u0119, stiprina odos strukt\u016br\u0105 ir padeda i\u0161ry\u0161kinti veido kont\u016brus.<\/p>\n<p data-start=\"2235\" data-end=\"2492\">Serumas intensyviai ma\u017eina rauk\u0161li\u0173 ir smulki\u0173 linij\u0173 matomum\u0105, didina odos tank\u012f ir palaiko optimal\u0173 dr\u0117gm\u0117s lyg\u012f. Botulino efekt\u0105 imituojantys peptidai padeda suma\u017einti mimikos raumen\u0173 susitraukimus, tod\u0117l oda atrodo lygesn\u0117, stangresn\u0117 ir jaunatvi\u0161kesn\u0117.<\/p>\n<p data-start=\"2494\" data-end=\"2610\">Tiksliniai aktyv\u016bs ingredientai padeda atkurti od\u0105, pagerinti jos elastingum\u0105 ir i\u0161laikyti reikiam\u0105 dr\u0117gm\u0117s balans\u0105.<\/p>\n<p data-start=\"2612\" data-end=\"2643\"><strong data-start=\"2612\" data-end=\"2643\">Aktyvi\u0173 komponent\u0173 poveikis<\/strong><\/p>\n<p data-start=\"2645\" data-end=\"3004\">\u2022 <strong data-start=\"2647\" data-end=\"2677\">Wrinkle-Relaxing Peptides:<\/strong> trys peptid\u0173 kompleksai, padedantys suma\u017einti smulki\u0173 linij\u0173 ir rauk\u0161li\u0173 matomum\u0105 ma\u017einant mimikos raumen\u0173 aktyvum\u0105.<br data-start=\"2794\" data-end=\"2797\" \/>\u2022 <strong data-start=\"2799\" data-end=\"2813\">Ellagi-C\u2122:<\/strong> augalinis ekstraktas, skatinantis kolageno sintez\u0119 ir padedantis pagerinti odos stangrum\u0105.<br data-start=\"2904\" data-end=\"2907\" \/>\u2022 <strong data-start=\"2909\" data-end=\"2929\">Hyaluronic Acid:<\/strong> pritraukia ir i\u0161laiko dr\u0117gm\u0119 odoje, gerindama jos glotnum\u0105 ir elastingum\u0105.<\/p>\n<p data-start=\"3006\" data-end=\"3130\"><strong data-start=\"3006\" data-end=\"3032\">Kam tinka Power Serum:<\/strong> vis\u0173 tip\u0173 odai, ypa\u010d odai, kuriai tr\u016bksta stangrumo, atsiranda rauk\u0161li\u0173 ir kit\u0173 sen\u0117jimo po\u017eymi\u0173.<\/p>\n<p data-start=\"3132\" data-end=\"3148\"><strong data-start=\"3132\" data-end=\"3148\">T\u016bris: 30 ml<\/strong><\/p>\n","protected":false},"excerpt":{"rendered":"<p data-start=\"3430\" data-end=\"3478\">Superkoncentruotas liftingo serumas su peptidais<\/p>\n<h2 data-start=\"3480\" data-end=\"3518\"><strong data-start=\"3480\" data-end=\"3518\">HydroPeptide &#8211; Power Serum Savyb\u0117s<\/strong><\/h2>\n<p data-start=\"3520\" data-end=\"3742\" data-is-last-node=\"\" data-is-only-node=\"\">\u2714\ufe0f Didel\u0117s koncentracijos peptid\u0173 kompleksas liftingui<br data-start=\"3574\" data-end=\"3577\" \/>\u2714\ufe0f Skatina kolageno ir elastino sintez\u0119<br data-start=\"3616\" data-end=\"3619\" \/>\u2714\ufe0f Ma\u017eina rauk\u0161les ir mimikos linijas<br data-start=\"3656\" data-end=\"3659\" \/>\u2714\ufe0f Didina odos stangrum\u0105 ir tank\u012f<br data-start=\"3692\" data-end=\"3695\" \/>\u2714\ufe0f Intensyviai dr\u0117kina ir suteikia odai putlumo<\/p>\n","protected":false},"featured_media":61924,"template":"","meta":[],"pwb-brand":[1212],"product_brand":[],"product_cat":[738,746,740,750,724],"product_tag":[],"giftcard-category":[],"class_list":{"0":"post-48657","1":"product","2":"type-product","3":"status-publish","4":"has-post-thumbnail","6":"pwb-brand-hydropeptide","7":"product_cat-drekinimas","8":"product_cat-jautriai-odai","9":"product_cat-sausai-odai","10":"product_cat-senstanti-oda","11":"product_cat-serumai","13":"first","14":"instock","15":"taxable","16":"shipping-taxable","17":"purchasable","18":"product-type-simple"},"acf":[],"brands":[{"id":1212,"name":"HydroPeptide","slug":"hydropeptide"}],"_links":{"self":[{"href":"https:\/\/skinstudio.ee\/lt\/wp-json\/wp\/v2\/product\/48657","targetHints":{"allow":["GET"]}}],"collection":[{"href":"https:\/\/skinstudio.ee\/lt\/wp-json\/wp\/v2\/product"}],"about":[{"href":"https:\/\/skinstudio.ee\/lt\/wp-json\/wp\/v2\/types\/product"}],"version-history":[{"count":1,"href":"https:\/\/skinstudio.ee\/lt\/wp-json\/wp\/v2\/product\/48657\/revisions"}],"predecessor-version":[{"id":86139,"href":"https:\/\/skinstudio.ee\/lt\/wp-json\/wp\/v2\/product\/48657\/revisions\/86139"}],"wp:featuredmedia":[{"embeddable":true,"href":"https:\/\/skinstudio.ee\/lt\/wp-json\/wp\/v2\/media\/61924"}],"wp:attachment":[{"href":"https:\/\/skinstudio.ee\/lt\/wp-json\/wp\/v2\/media?parent=48657"}],"wp:term":[{"taxonomy":"pwb-brand","embeddable":true,"href":"https:\/\/skinstudio.ee\/lt\/wp-json\/wp\/v2\/pwb-brand?post=48657"},{"taxonomy":"product_brand","embeddable":true,"href":"https:\/\/skinstudio.ee\/lt\/wp-json\/wp\/v2\/product_brand?post=48657"},{"taxonomy":"product_cat","embeddable":true,"href":"https:\/\/skinstudio.ee\/lt\/wp-json\/wp\/v2\/product_cat?post=48657"},{"taxonomy":"product_tag","embeddable":true,"href":"https:\/\/skinstudio.ee\/lt\/wp-json\/wp\/v2\/product_tag?post=48657"},{"taxonomy":"giftcard-category","embeddable":true,"href":"https:\/\/skinstudio.ee\/lt\/wp-json\/wp\/v2\/giftcard-category?post=48657"}],"curies":[{"name":"wp","href":"https:\/\/api.w.org\/{rel}","templated":true}]}}