{"id":48666,"date":"2023-05-24T17:56:42","date_gmt":"2023-05-24T17:56:42","guid":{"rendered":"https:\/\/skinstudio.ee\/?post_type=product&#038;p=48666"},"modified":"2026-03-16T13:38:27","modified_gmt":"2026-03-16T13:38:27","slug":"solar-defense-body","status":"publish","type":"product","link":"https:\/\/skinstudio.ee\/lt\/catalog\/hydropeptide\/solar-defense-body\/","title":{"rendered":"Solar Defense Body"},"content":{"rendered":"<p data-start=\"1976\" data-end=\"2304\"><strong data-start=\"1976\" data-end=\"2015\">Solar Defense Body nuo HydroPeptide<\/strong> &#8211; gaivinantis k\u016bno apsauginis pur\u0161kalas nuo saul\u0117s su organiniais filtrais, u\u017etikrinantis patikim\u0105 apsaug\u0105 nuo UVA, UVB ir infraraudonosios spinduliuot\u0117s. Lengva vandeniui atspari formul\u0117 tolygiai pasiskirsto ant odos, sukuria komforti\u0161k\u0105 apsaugin\u012f sluoksn\u012f be lipnumo ar sunkumo poj\u016b\u010dio.<\/p>\n<p data-start=\"2306\" data-end=\"2654\">Pur\u0161kalas padeda apsaugoti od\u0105 nuo laisv\u0173j\u0173 radikal\u0173, sukelian\u010di\u0173 fotosen\u0117jim\u0105, ir i\u0161laikyti sveik\u0105 odos i\u0161vaizd\u0105 b\u016bnant saul\u0117je. Dr\u0117kinantys ir raminantys komponentai palaiko optimal\u0173 odos dr\u0117gm\u0117s lyg\u012f, palikdami od\u0105 mink\u0161t\u0105, gaivi\u0105 ir komforti\u0161k\u0105. Lengva tekst\u016bra ir saldus pasiflor\u0173 aromatas daro \u0161i\u0105 priemon\u0119 itin malonia kasdieniam naudojimui.<\/p>\n<p data-start=\"2656\" data-end=\"2755\">Aktyv\u016bs ingredientai u\u017etikrina veiksming\u0105 fotoprotekcij\u0105 ir padeda palaikyti nat\u016bral\u0173 odos balans\u0105.<\/p>\n<p data-start=\"2757\" data-end=\"2788\"><strong data-start=\"2757\" data-end=\"2788\">Aktyvi\u0173 komponent\u0173 poveikis<\/strong><\/p>\n<p data-start=\"2790\" data-end=\"3143\">\u2022 <strong data-start=\"2792\" data-end=\"2816\">Organic Sun Filters:<\/strong> suteikia plataus spektro apsaug\u0105 nuo UVA ir UVB spinduli\u0173 ir padeda apsaugoti od\u0105 nuo saul\u0117s sukeliam\u0173 pa\u017eeidim\u0173.<br data-start=\"2930\" data-end=\"2933\" \/>\u2022 <strong data-start=\"2935\" data-end=\"2950\">Venuceane\u2122:<\/strong> padeda apsaugoti od\u0105 nuo infraraudonosios spinduliuot\u0117s ir neutralizuoja laisvuosius radikalus.<br data-start=\"3046\" data-end=\"3049\" \/>\u2022 <strong data-start=\"3051\" data-end=\"3065\">Aloe Vera:<\/strong> ramina od\u0105, ma\u017eina paraudim\u0105 ir padeda i\u0161laikyti komfort\u0105 po saul\u0117s poveikio.<\/p>\n<p data-start=\"3145\" data-end=\"3229\"><strong data-start=\"3145\" data-end=\"3178\">Kam tinka Solar Defense Body:<\/strong> vis\u0173 tip\u0173 odai kasdienei k\u016bno apsaugai nuo saul\u0117s.<\/p>\n<p data-start=\"3231\" data-end=\"3248\"><strong data-start=\"3231\" data-end=\"3248\">T\u016bris: 177 ml<\/strong><\/p>\n","protected":false},"excerpt":{"rendered":"<p data-start=\"3482\" data-end=\"3549\">Dr\u0117kinantis vandeniui atsparus k\u016bno apsauginis pur\u0161kalas nuo saul\u0117s<\/p>\n<h2 data-start=\"3551\" data-end=\"3596\"><strong data-start=\"3551\" data-end=\"3596\">HydroPeptide &#8211; Solar Defense Body Savyb\u0117s<\/strong><\/h2>\n<p data-start=\"3598\" data-end=\"3803\" data-is-last-node=\"\" data-is-only-node=\"\">\u2714\ufe0f Plataus spektro SPF 30 apsauga k\u016bnui<br data-start=\"3637\" data-end=\"3640\" \/>\u2714\ufe0f Saugo od\u0105 nuo UVA ir UVB spinduli\u0173<br data-start=\"3677\" data-end=\"3680\" \/>\u2714\ufe0f Padeda i\u0161vengti fotosen\u0117jimo po\u017eymi\u0173<br data-start=\"3719\" data-end=\"3722\" \/>\u2714\ufe0f Dr\u0117kina ir gaivina od\u0105<br data-start=\"3747\" data-end=\"3750\" \/>\u2714\ufe0f Lengva vandeniui atspari formul\u0117 greitai susigeria<\/p>\n","protected":false},"featured_media":27036,"template":"","meta":[],"pwb-brand":[1212],"product_brand":[],"product_cat":[758,732],"product_tag":[],"giftcard-category":[],"class_list":{"0":"post-48666","1":"product","2":"type-product","3":"status-publish","4":"has-post-thumbnail","6":"pwb-brand-hydropeptide","7":"product_cat-kuno-prieziura","8":"product_cat-spf-apsauga","10":"first","11":"instock","12":"taxable","13":"shipping-taxable","14":"purchasable","15":"product-type-simple"},"acf":[],"brands":[{"id":1212,"name":"HydroPeptide","slug":"hydropeptide"}],"_links":{"self":[{"href":"https:\/\/skinstudio.ee\/lt\/wp-json\/wp\/v2\/product\/48666","targetHints":{"allow":["GET"]}}],"collection":[{"href":"https:\/\/skinstudio.ee\/lt\/wp-json\/wp\/v2\/product"}],"about":[{"href":"https:\/\/skinstudio.ee\/lt\/wp-json\/wp\/v2\/types\/product"}],"version-history":[{"count":1,"href":"https:\/\/skinstudio.ee\/lt\/wp-json\/wp\/v2\/product\/48666\/revisions"}],"predecessor-version":[{"id":86149,"href":"https:\/\/skinstudio.ee\/lt\/wp-json\/wp\/v2\/product\/48666\/revisions\/86149"}],"wp:featuredmedia":[{"embeddable":true,"href":"https:\/\/skinstudio.ee\/lt\/wp-json\/wp\/v2\/media\/27036"}],"wp:attachment":[{"href":"https:\/\/skinstudio.ee\/lt\/wp-json\/wp\/v2\/media?parent=48666"}],"wp:term":[{"taxonomy":"pwb-brand","embeddable":true,"href":"https:\/\/skinstudio.ee\/lt\/wp-json\/wp\/v2\/pwb-brand?post=48666"},{"taxonomy":"product_brand","embeddable":true,"href":"https:\/\/skinstudio.ee\/lt\/wp-json\/wp\/v2\/product_brand?post=48666"},{"taxonomy":"product_cat","embeddable":true,"href":"https:\/\/skinstudio.ee\/lt\/wp-json\/wp\/v2\/product_cat?post=48666"},{"taxonomy":"product_tag","embeddable":true,"href":"https:\/\/skinstudio.ee\/lt\/wp-json\/wp\/v2\/product_tag?post=48666"},{"taxonomy":"giftcard-category","embeddable":true,"href":"https:\/\/skinstudio.ee\/lt\/wp-json\/wp\/v2\/giftcard-category?post=48666"}],"curies":[{"name":"wp","href":"https:\/\/api.w.org\/{rel}","templated":true}]}}