{"id":48764,"date":"2024-12-04T12:37:25","date_gmt":"2024-12-04T12:37:25","guid":{"rendered":"https:\/\/skinstudio.ee\/?post_type=product&#038;p=48764"},"modified":"2026-03-13T13:44:14","modified_gmt":"2026-03-13T13:44:14","slug":"micro-dose-glow-booster","status":"publish","type":"product","link":"https:\/\/skinstudio.ee\/lt\/catalog\/hydropeptide\/micro-dose-glow-booster\/","title":{"rendered":"Micro-Dose Glow Booster"},"content":{"rendered":"<p data-start=\"2097\" data-end=\"2451\"><strong data-start=\"2097\" data-end=\"2141\">Micro-Dose Glow Booster nuo HydroPeptide<\/strong> &#8211; \u0161velnus aliejin\u0117s tekst\u016bros retinolio serumas, skirtas odos atsinaujinimui skatinti ir bendram odos vaizdui pagerinti. Formul\u0117 sujungia patentuot\u0105 <strong data-start=\"2291\" data-end=\"2315\">CellRenew-16 peptid\u0105<\/strong> ir trigub\u0105 retinoid\u0173 kompleks\u0105 mikrodos\u0117mis, kuris skatina odos l\u0105steli\u0173 atsinaujinim\u0105 ir suteikia odai lygesn\u0119 bei \u0161vytin\u010di\u0105 i\u0161vaizd\u0105.<\/p>\n<p data-start=\"2453\" data-end=\"2688\">Serumas ma\u017eina por\u0173 matomum\u0105, lygina smulkias rauk\u0161les ir gerina netolyg\u0173 odos ton\u0105, taip pat padeda suma\u017einti hiperpigmentacijos po\u017eymius. Subalansuota retinoid\u0173 koncentracija aktyvina odos atsinaujinim\u0105 nesukeldama ry\u0161kaus sudirgimo.<\/p>\n<p data-start=\"2690\" data-end=\"2831\">Bevand\u0117 aliejin\u0117 formul\u0117 didina retinolio stabilum\u0105 ir padeda jam efektyviau \u012fsigerti \u012f od\u0105, tod\u0117l oda atrodo lygesn\u0117, \u0161vytinti ir tolygesn\u0117.<\/p>\n<p data-start=\"2833\" data-end=\"2865\"><strong data-start=\"2833\" data-end=\"2865\">Aktyvi\u0173 komponent\u0173 veikimas:<\/strong><\/p>\n<p data-start=\"2867\" data-end=\"3029\">\u2022 <strong data-start=\"2869\" data-end=\"2949\">Triple Retinoid Complex (Retinol + Retinyl Linoleate + Glyceryl Diretinoate)<\/strong>: skatina odos l\u0105steli\u0173 atsinaujinim\u0105, lygina rauk\u0161les ir gerina odos tekst\u016br\u0105<\/p>\n<p data-start=\"3031\" data-end=\"3141\">\u2022 <strong data-start=\"3033\" data-end=\"3057\">CellRenew-16 Peptide<\/strong>: HydroPeptide patentuotas peptidas, palaikantis odos atsinaujinim\u0105 ir elastingum\u0105<\/p>\n<p data-start=\"3143\" data-end=\"3250\">\u2022 <strong data-start=\"3145\" data-end=\"3182\">Squalane + Botanical Oils Complex<\/strong>: maitina od\u0105, stiprina apsaugin\u012f barjer\u0105 ir ma\u017eina sausumo poj\u016bt\u012f<\/p>\n<p data-start=\"3252\" data-end=\"3384\"><strong data-start=\"3252\" data-end=\"3289\">Kam tinka Micro-Dose Glow Booster<\/strong>: odai su sen\u0117jimo po\u017eymiais, netolygiu tonu, i\u0161sipl\u0117tusiomis poromis ir papilk\u0117jusia i\u0161vaizda.<\/p>\n<p data-start=\"3386\" data-end=\"3402\"><strong data-start=\"3386\" data-end=\"3396\">T\u016bris:<\/strong> 30 ml<\/p>\n","protected":false},"excerpt":{"rendered":"<p data-start=\"3910\" data-end=\"3935\">\u0160velnus retinolio serumas<\/p>\n<h2 data-start=\"3937\" data-end=\"3987\"><strong data-start=\"3937\" data-end=\"3987\">HydroPeptide &#8211; Micro-Dose Glow Booster Savyb\u0117s<\/strong><\/h2>\n<p data-start=\"3989\" data-end=\"4146\" data-is-last-node=\"\" data-is-only-node=\"\">\u2714\ufe0f Suteikia odai sveik\u0105 \u0161vyt\u0117jim\u0105<br data-start=\"4022\" data-end=\"4025\" \/>\u2714\ufe0f Lygina odos ton\u0105 ir tekst\u016br\u0105<br data-start=\"4056\" data-end=\"4059\" \/>\u2714\ufe0f Skatina odos atsinaujinim\u0105<br data-start=\"4088\" data-end=\"4091\" \/>\u2714\ufe0f Ma\u017eina por\u0173 matomum\u0105<br data-start=\"4114\" data-end=\"4117\" \/>\u2714\ufe0f \u0160velnina smulkias rauk\u0161les<\/p>\n","protected":false},"featured_media":61694,"template":"","meta":[],"pwb-brand":[1212],"product_brand":[],"product_cat":[724,728],"product_tag":[],"giftcard-category":[],"class_list":{"0":"post-48764","1":"product","2":"type-product","3":"status-publish","4":"has-post-thumbnail","6":"pwb-brand-hydropeptide","7":"product_cat-serumai","8":"product_cat-vitaminas-a-retinolis","10":"first","11":"instock","12":"taxable","13":"shipping-taxable","14":"purchasable","15":"product-type-simple"},"acf":[],"brands":[{"id":1212,"name":"HydroPeptide","slug":"hydropeptide"}],"_links":{"self":[{"href":"https:\/\/skinstudio.ee\/lt\/wp-json\/wp\/v2\/product\/48764","targetHints":{"allow":["GET"]}}],"collection":[{"href":"https:\/\/skinstudio.ee\/lt\/wp-json\/wp\/v2\/product"}],"about":[{"href":"https:\/\/skinstudio.ee\/lt\/wp-json\/wp\/v2\/types\/product"}],"version-history":[{"count":1,"href":"https:\/\/skinstudio.ee\/lt\/wp-json\/wp\/v2\/product\/48764\/revisions"}],"predecessor-version":[{"id":85737,"href":"https:\/\/skinstudio.ee\/lt\/wp-json\/wp\/v2\/product\/48764\/revisions\/85737"}],"wp:featuredmedia":[{"embeddable":true,"href":"https:\/\/skinstudio.ee\/lt\/wp-json\/wp\/v2\/media\/61694"}],"wp:attachment":[{"href":"https:\/\/skinstudio.ee\/lt\/wp-json\/wp\/v2\/media?parent=48764"}],"wp:term":[{"taxonomy":"pwb-brand","embeddable":true,"href":"https:\/\/skinstudio.ee\/lt\/wp-json\/wp\/v2\/pwb-brand?post=48764"},{"taxonomy":"product_brand","embeddable":true,"href":"https:\/\/skinstudio.ee\/lt\/wp-json\/wp\/v2\/product_brand?post=48764"},{"taxonomy":"product_cat","embeddable":true,"href":"https:\/\/skinstudio.ee\/lt\/wp-json\/wp\/v2\/product_cat?post=48764"},{"taxonomy":"product_tag","embeddable":true,"href":"https:\/\/skinstudio.ee\/lt\/wp-json\/wp\/v2\/product_tag?post=48764"},{"taxonomy":"giftcard-category","embeddable":true,"href":"https:\/\/skinstudio.ee\/lt\/wp-json\/wp\/v2\/giftcard-category?post=48764"}],"curies":[{"name":"wp","href":"https:\/\/api.w.org\/{rel}","templated":true}]}}