{"id":48772,"date":"2024-10-23T11:13:16","date_gmt":"2024-10-23T11:13:16","guid":{"rendered":"https:\/\/skinstudio.ee\/?post_type=product&#038;p=48772"},"modified":"2025-12-29T10:01:41","modified_gmt":"2025-12-29T10:01:41","slug":"glow-like-a-pro-kit","status":"publish","type":"product","link":"https:\/\/skinstudio.ee\/lt\/catalog\/hydropeptide\/glow-like-a-pro-kit\/","title":{"rendered":"Glow Like A Pro Kit"},"content":{"rendered":"<p data-start=\"1704\" data-end=\"1943\">Norint greitai ir radikaliai pa\u0161viesinti od\u0105 bei suteikti jai atnaujinto spindesio vos per kelias minutes, \u0161is patogaus dyd\u017eio kelioninis rinkinys turi visk\u0105, ko reikia ry\u0161kiam, profesionaliam odos \u0161vyt\u0117jimui namuose ar kelion\u0117je.<\/p>\n<p data-start=\"1945\" data-end=\"2127\"><strong>Rinkin\u012f sudaro<\/strong>:<\/p>\n<ul>\n<li data-start=\"1945\" data-end=\"2127\">Radiance Mask (Full-Size 30 ml)<\/li>\n<li data-start=\"1945\" data-end=\"2127\">Foaming Cream Cleanser (Travel-Size 30 ml)<\/li>\n<li data-start=\"1945\" data-end=\"2127\">Polish and Plump Peel (Travel-Size 15+10 ml)<\/li>\n<li data-start=\"1945\" data-end=\"2127\">Firma-Bright \u2013 4 m\u0117giniai pakeliuose<\/li>\n<\/ul>\n","protected":false},"excerpt":{"rendered":"<p data-start=\"3055\" data-end=\"3080\">Nam\u0173 spindesio ritualas<\/p>\n<h2 data-start=\"3082\" data-end=\"3341\"><strong data-start=\"3082\" data-end=\"3128\">HydroPeptide &#8211; Glow Like A Pro Kit savyb\u0117s<\/strong><\/h2>\n<p data-start=\"3082\" data-end=\"3341\">\u2714\ufe0f Padeda suma\u017einti hiperpigmentacij\u0105<br data-start=\"3168\" data-end=\"3171\" \/>\u2714\ufe0f U\u017etikrina antioksidacin\u0119 apsaug\u0105<br data-start=\"3206\" data-end=\"3209\" \/>\u2714\ufe0f Pastebimai pa\u0161viesina ir pagerina odos tekst\u016br\u0105<br data-start=\"3259\" data-end=\"3262\" \/>\u2714\ufe0f Sukuria stangresn\u0117s odos efekt\u0105<br data-start=\"3296\" data-end=\"3299\" \/>\u2714\ufe0f Profesionalus odos \u0161vyt\u0117jimas namuose<\/p>\n","protected":false},"featured_media":61699,"template":"","meta":[],"pwb-brand":[1212],"product_brand":[],"product_cat":[765,756,754],"product_tag":[],"giftcard-category":[],"class_list":{"0":"post-48772","1":"product","2":"type-product","3":"status-publish","4":"has-post-thumbnail","6":"pwb-brand-hydropeptide","7":"product_cat-dovanu-ideja","8":"product_cat-rinkinys","9":"product_cat-travel-size-lt","11":"first","12":"instock","13":"taxable","14":"shipping-taxable","15":"purchasable","16":"product-type-simple"},"acf":[],"brands":[{"id":1212,"name":"HydroPeptide","slug":"hydropeptide"}],"_links":{"self":[{"href":"https:\/\/skinstudio.ee\/lt\/wp-json\/wp\/v2\/product\/48772","targetHints":{"allow":["GET"]}}],"collection":[{"href":"https:\/\/skinstudio.ee\/lt\/wp-json\/wp\/v2\/product"}],"about":[{"href":"https:\/\/skinstudio.ee\/lt\/wp-json\/wp\/v2\/types\/product"}],"version-history":[{"count":0,"href":"https:\/\/skinstudio.ee\/lt\/wp-json\/wp\/v2\/product\/48772\/revisions"}],"wp:featuredmedia":[{"embeddable":true,"href":"https:\/\/skinstudio.ee\/lt\/wp-json\/wp\/v2\/media\/61699"}],"wp:attachment":[{"href":"https:\/\/skinstudio.ee\/lt\/wp-json\/wp\/v2\/media?parent=48772"}],"wp:term":[{"taxonomy":"pwb-brand","embeddable":true,"href":"https:\/\/skinstudio.ee\/lt\/wp-json\/wp\/v2\/pwb-brand?post=48772"},{"taxonomy":"product_brand","embeddable":true,"href":"https:\/\/skinstudio.ee\/lt\/wp-json\/wp\/v2\/product_brand?post=48772"},{"taxonomy":"product_cat","embeddable":true,"href":"https:\/\/skinstudio.ee\/lt\/wp-json\/wp\/v2\/product_cat?post=48772"},{"taxonomy":"product_tag","embeddable":true,"href":"https:\/\/skinstudio.ee\/lt\/wp-json\/wp\/v2\/product_tag?post=48772"},{"taxonomy":"giftcard-category","embeddable":true,"href":"https:\/\/skinstudio.ee\/lt\/wp-json\/wp\/v2\/giftcard-category?post=48772"}],"curies":[{"name":"wp","href":"https:\/\/api.w.org\/{rel}","templated":true}]}}