{"id":48815,"date":"2024-10-04T07:43:26","date_gmt":"2024-10-04T07:43:26","guid":{"rendered":"https:\/\/skinstudio.ee\/?post_type=product&#038;p=48815"},"modified":"2026-03-13T13:49:54","modified_gmt":"2026-03-13T13:49:54","slug":"barrier-builder","status":"publish","type":"product","link":"https:\/\/skinstudio.ee\/lt\/catalog\/hydropeptide\/barrier-builder\/","title":{"rendered":"Barrier Builder"},"content":{"rendered":"<p data-start=\"1703\" data-end=\"1972\"><strong data-start=\"1703\" data-end=\"1739\">Barrier Builder nuo HydroPeptide<\/strong> &#8211; terapinis kremas, skirtas atkurti odos apsaugin\u012f barjer\u0105 ir nuraminti sudirgusi\u0105 ar nusilpusi\u0105 od\u0105. Sodri ir maitinanti tekst\u016bra suteikia gil\u0173 dr\u0117kinim\u0105 bei padeda odai atsistatyti po sausumo, jautrumo ar aplinkos streso poveikio.<\/p>\n<p data-start=\"1974\" data-end=\"2221\">Formul\u0117 sujungia peptidus, lipidus ir barjer\u0105 stiprinan\u010dius komponentus, kurie padeda sustiprinti nat\u016bral\u0173 odos apsaugin\u012f sluoksn\u012f ir palaikyti optimal\u0173 dr\u0117gm\u0117s balans\u0105. \u0160is kompleksas gerina odos tekst\u016br\u0105 ir suteikia jai \u0161velnumo bei elastingumo.<\/p>\n<p data-start=\"2223\" data-end=\"2393\">Formul\u0117s pagrindas &#8211; patentuotas <strong data-start=\"2256\" data-end=\"2281\">CellRenew-16 peptidas<\/strong>, kuris palaiko strukt\u016brini\u0173 odos baltym\u0173 sintez\u0119 ir padeda i\u0161laikyti sveikesn\u0119, labiau subalansuot\u0105 odos b\u016bkl\u0119.<\/p>\n<p data-start=\"2395\" data-end=\"2427\"><strong data-start=\"2395\" data-end=\"2427\">Aktyvi\u0173 komponent\u0173 veikimas:<\/strong><\/p>\n<p data-start=\"2429\" data-end=\"2556\">\u2022 <strong data-start=\"2431\" data-end=\"2455\">CellRenew-16 Peptide<\/strong>: HydroPeptide patentuotas peptidas, palaikantis odos atsinaujinim\u0105 ir strukt\u016brini\u0173 baltym\u0173 sintez\u0119<\/p>\n<p data-start=\"2558\" data-end=\"2685\">\u2022 <strong data-start=\"2560\" data-end=\"2623\">Ceramide Complex (Ceramide NP + Ceramide AP + Ceramide EOP)<\/strong>: stiprina apsaugin\u012f odos barjer\u0105 ir padeda i\u0161laikyti dr\u0117gm\u0119<\/p>\n<p data-start=\"2687\" data-end=\"2775\">\u2022 <strong data-start=\"2689\" data-end=\"2704\">Niacinamide<\/strong>: ma\u017eina paraudim\u0105, palaiko odos barjero funkcij\u0105 ir gerina odos ton\u0105<\/p>\n<p data-start=\"2777\" data-end=\"2919\"><strong data-start=\"2777\" data-end=\"2806\">Kam tinka Barrier Builder<\/strong>: sausai, jautriai ir nusilpusiai odai, kuriai reikalingas intensyvus apsauginio barjero atk\u016brimas ir maitinimas.<\/p>\n<p data-start=\"2921\" data-end=\"2937\"><strong data-start=\"2921\" data-end=\"2931\">T\u016bris:<\/strong> 50 ml<\/p>\n","protected":false},"excerpt":{"rendered":"<p data-start=\"3123\" data-end=\"3155\">Atkuriamasis maitinamasis kremas<\/p>\n<h2 data-start=\"3157\" data-end=\"3199\"><strong data-start=\"3157\" data-end=\"3199\">HydroPeptide &#8211; Barrier Builder Savyb\u0117s<\/strong><\/h2>\n<p data-start=\"3201\" data-end=\"3396\" data-is-last-node=\"\" data-is-only-node=\"\">\u2714\ufe0f Stiprina nat\u016bral\u0173 odos apsaugin\u012f barjer\u0105<br data-start=\"3244\" data-end=\"3247\" \/>\u2714\ufe0f Suteikia gil\u0173 ir ilgalaik\u012f dr\u0117kinim\u0105<br data-start=\"3286\" data-end=\"3289\" \/>\u2714\ufe0f Ramina paraudim\u0105 ir sudirgim\u0105<br data-start=\"3321\" data-end=\"3324\" \/>\u2714\ufe0f Atkuria jautrios odos komfort\u0105<br data-start=\"3357\" data-end=\"3360\" \/>\u2714\ufe0f Gerina odos lygum\u0105 ir elastingum\u0105<\/p>\n","protected":false},"featured_media":61709,"template":"","meta":[],"pwb-brand":[1212],"product_brand":[],"product_cat":[738,746],"product_tag":[],"giftcard-category":[],"class_list":{"0":"post-48815","1":"product","2":"type-product","3":"status-publish","4":"has-post-thumbnail","6":"pwb-brand-hydropeptide","7":"product_cat-drekinimas","8":"product_cat-jautriai-odai","10":"first","11":"instock","12":"taxable","13":"shipping-taxable","14":"purchasable","15":"product-type-simple"},"acf":[],"brands":[{"id":1212,"name":"HydroPeptide","slug":"hydropeptide"}],"_links":{"self":[{"href":"https:\/\/skinstudio.ee\/lt\/wp-json\/wp\/v2\/product\/48815","targetHints":{"allow":["GET"]}}],"collection":[{"href":"https:\/\/skinstudio.ee\/lt\/wp-json\/wp\/v2\/product"}],"about":[{"href":"https:\/\/skinstudio.ee\/lt\/wp-json\/wp\/v2\/types\/product"}],"version-history":[{"count":1,"href":"https:\/\/skinstudio.ee\/lt\/wp-json\/wp\/v2\/product\/48815\/revisions"}],"predecessor-version":[{"id":85751,"href":"https:\/\/skinstudio.ee\/lt\/wp-json\/wp\/v2\/product\/48815\/revisions\/85751"}],"wp:featuredmedia":[{"embeddable":true,"href":"https:\/\/skinstudio.ee\/lt\/wp-json\/wp\/v2\/media\/61709"}],"wp:attachment":[{"href":"https:\/\/skinstudio.ee\/lt\/wp-json\/wp\/v2\/media?parent=48815"}],"wp:term":[{"taxonomy":"pwb-brand","embeddable":true,"href":"https:\/\/skinstudio.ee\/lt\/wp-json\/wp\/v2\/pwb-brand?post=48815"},{"taxonomy":"product_brand","embeddable":true,"href":"https:\/\/skinstudio.ee\/lt\/wp-json\/wp\/v2\/product_brand?post=48815"},{"taxonomy":"product_cat","embeddable":true,"href":"https:\/\/skinstudio.ee\/lt\/wp-json\/wp\/v2\/product_cat?post=48815"},{"taxonomy":"product_tag","embeddable":true,"href":"https:\/\/skinstudio.ee\/lt\/wp-json\/wp\/v2\/product_tag?post=48815"},{"taxonomy":"giftcard-category","embeddable":true,"href":"https:\/\/skinstudio.ee\/lt\/wp-json\/wp\/v2\/giftcard-category?post=48815"}],"curies":[{"name":"wp","href":"https:\/\/api.w.org\/{rel}","templated":true}]}}