{"id":48832,"date":"2024-05-12T12:27:29","date_gmt":"2024-05-12T12:27:29","guid":{"rendered":"https:\/\/skinstudio.ee\/?post_type=product&#038;p=48832"},"modified":"2026-03-13T13:54:09","modified_gmt":"2026-03-13T13:54:09","slug":"foaming-cream-cleanser","status":"publish","type":"product","link":"https:\/\/skinstudio.ee\/lt\/catalog\/hydropeptide\/foaming-cream-cleanser\/","title":{"rendered":"Foaming Cream Cleanser"},"content":{"rendered":"<p data-start=\"1766\" data-end=\"2063\"><strong data-start=\"1766\" data-end=\"1809\">Foaming Cream Cleanser nuo HydroPeptide<\/strong> &#8211; \u0161viesinantis kremin\u0117s tekst\u016bros prausiklis, kuris \u0161velniai valo od\u0105, kartu suteikdamas lengv\u0105 eksfoliacij\u0105 ir gil\u0173 dr\u0117kinim\u0105. Formul\u0117 padeda pa\u0161alinti ne\u0161varumus, perteklin\u012f sebum\u0105 ir pavir\u0161inius ne\u0161varumus, palikdama od\u0105 gaivi\u0105, lygi\u0105 ir komforti\u0161k\u0105.<\/p>\n<p data-start=\"2065\" data-end=\"2313\">\u0160viesinan\u010di\u0173 aktyvi\u0173j\u0173 med\u017eiag\u0173 ir \u0161velni\u0173 valan\u010di\u0173 komponent\u0173 derinys padeda pagerinti odos ton\u0105 ir atkurti nat\u016bral\u0173 \u0161vyt\u0117jim\u0105. Tuo pa\u010diu formul\u0117 palaiko optimal\u0173 dr\u0117gm\u0117s balans\u0105 ir gerina odos tekst\u016br\u0105, nepa\u017eeisdama nat\u016bralaus apsauginio barjero.<\/p>\n<p data-start=\"2315\" data-end=\"2483\">Aminor\u016bg\u0161tys ir augalin\u0117s kilm\u0117s peptidai padeda stiprinti od\u0105 ir gerinti jos elastingum\u0105, tod\u0117l po kiekvieno prausimo oda tampa \u0161velni, \u0161vari ir akivaizd\u017eiai gaivesn\u0117.<\/p>\n<p data-start=\"2485\" data-end=\"2517\"><strong data-start=\"2485\" data-end=\"2517\">Aktyvi\u0173 komponent\u0173 veikimas:<\/strong><\/p>\n<p data-start=\"2519\" data-end=\"2618\">\u2022 <strong data-start=\"2521\" data-end=\"2551\">Oryza Sativa (Rice) Powder<\/strong>: \u0161velniai pa\u0161alina negyvas odos l\u0105steles ir gerina odos tekst\u016br\u0105<\/p>\n<p data-start=\"2620\" data-end=\"2730\">\u2022 <strong data-start=\"2622\" data-end=\"2637\">Niacinamide<\/strong>: padeda suvienodinti odos ton\u0105, gerina odos skaidrum\u0105 ir ma\u017eina i\u0161sipl\u0117tusi\u0173 por\u0173 matomum\u0105<\/p>\n<p data-start=\"2732\" data-end=\"2836\">\u2022 <strong data-start=\"2734\" data-end=\"2753\">Tranexamic Acid<\/strong>: padeda suma\u017einti hiperpigmentacijos matomum\u0105 ir palaiko tolygesn\u012f odos atspalv\u012f<\/p>\n<p data-start=\"2838\" data-end=\"2978\"><strong data-start=\"2838\" data-end=\"2874\">Kam tinka Foaming Cream Cleanser<\/strong>: vis\u0173 tip\u0173 odai; ypa\u010d papilk\u0117jusiai, dehidratuotai odai su nelygia tekst\u016bra ar pigmentacijos po\u017eymiais.<\/p>\n<p data-start=\"2980\" data-end=\"2997\"><strong data-start=\"2980\" data-end=\"2990\">T\u016bris:<\/strong> 118 ml<\/p>\n","protected":false},"excerpt":{"rendered":"<p data-start=\"3234\" data-end=\"3263\">\u0160viesinantis veido prausiklis<\/p>\n<h2 data-start=\"3265\" data-end=\"3314\"><strong data-start=\"3265\" data-end=\"3314\">HydroPeptide &#8211; Foaming Cream Cleanser Savyb\u0117s<\/strong><\/h2>\n<p data-start=\"3316\" data-end=\"3515\" data-is-last-node=\"\" data-is-only-node=\"\">\u2714\ufe0f \u0160velniai valo od\u0105 nesukeldamas sausumo<br data-start=\"3357\" data-end=\"3360\" \/>\u2714\ufe0f U\u017etikrina lengv\u0105 eksfoliacij\u0105 lygesnei odai<br data-start=\"3406\" data-end=\"3409\" \/>\u2714\ufe0f Gerina odos \u0161vyt\u0117jim\u0105 ir skaistum\u0105<br data-start=\"3446\" data-end=\"3449\" \/>\u2714\ufe0f Palaiko odos dr\u0117gm\u0117s balans\u0105<br data-start=\"3480\" data-end=\"3483\" \/>\u2714\ufe0f Palieka od\u0105 \u0161velni\u0105 ir gaivi\u0105<\/p>\n","protected":false},"featured_media":61714,"template":"","meta":[],"pwb-brand":[1212],"product_brand":[],"product_cat":[750,752,748,740,718],"product_tag":[],"giftcard-category":[],"class_list":{"0":"post-48832","1":"product","2":"type-product","3":"status-publish","4":"has-post-thumbnail","6":"pwb-brand-hydropeptide","7":"product_cat-odos-senejimas","8":"product_cat-pigmentacija","9":"product_cat-riebi-oda","10":"product_cat-sausa-oda","11":"product_cat-valymas","13":"first","14":"instock","15":"sale","16":"taxable","17":"shipping-taxable","18":"purchasable","19":"product-type-simple"},"acf":[],"brands":[{"id":1212,"name":"HydroPeptide","slug":"hydropeptide"}],"_links":{"self":[{"href":"https:\/\/skinstudio.ee\/lt\/wp-json\/wp\/v2\/product\/48832","targetHints":{"allow":["GET"]}}],"collection":[{"href":"https:\/\/skinstudio.ee\/lt\/wp-json\/wp\/v2\/product"}],"about":[{"href":"https:\/\/skinstudio.ee\/lt\/wp-json\/wp\/v2\/types\/product"}],"version-history":[{"count":1,"href":"https:\/\/skinstudio.ee\/lt\/wp-json\/wp\/v2\/product\/48832\/revisions"}],"predecessor-version":[{"id":85762,"href":"https:\/\/skinstudio.ee\/lt\/wp-json\/wp\/v2\/product\/48832\/revisions\/85762"}],"wp:featuredmedia":[{"embeddable":true,"href":"https:\/\/skinstudio.ee\/lt\/wp-json\/wp\/v2\/media\/61714"}],"wp:attachment":[{"href":"https:\/\/skinstudio.ee\/lt\/wp-json\/wp\/v2\/media?parent=48832"}],"wp:term":[{"taxonomy":"pwb-brand","embeddable":true,"href":"https:\/\/skinstudio.ee\/lt\/wp-json\/wp\/v2\/pwb-brand?post=48832"},{"taxonomy":"product_brand","embeddable":true,"href":"https:\/\/skinstudio.ee\/lt\/wp-json\/wp\/v2\/product_brand?post=48832"},{"taxonomy":"product_cat","embeddable":true,"href":"https:\/\/skinstudio.ee\/lt\/wp-json\/wp\/v2\/product_cat?post=48832"},{"taxonomy":"product_tag","embeddable":true,"href":"https:\/\/skinstudio.ee\/lt\/wp-json\/wp\/v2\/product_tag?post=48832"},{"taxonomy":"giftcard-category","embeddable":true,"href":"https:\/\/skinstudio.ee\/lt\/wp-json\/wp\/v2\/giftcard-category?post=48832"}],"curies":[{"name":"wp","href":"https:\/\/api.w.org\/{rel}","templated":true}]}}