{"id":48846,"date":"2024-02-02T10:38:33","date_gmt":"2024-02-02T10:38:33","guid":{"rendered":"https:\/\/skinstudio.ee\/?post_type=product&#038;p=48846"},"modified":"2026-03-13T14:04:14","modified_gmt":"2026-03-13T14:04:14","slug":"retinol-eye-renewal","status":"publish","type":"product","link":"https:\/\/skinstudio.ee\/lt\/catalog\/hydropeptide\/retinol-eye-renewal\/","title":{"rendered":"Retinol Eye Renewal"},"content":{"rendered":"<p data-start=\"1930\" data-end=\"2273\"><strong data-start=\"1930\" data-end=\"1970\">Retinol Eye Renewal nuo HydroPeptide<\/strong> &#8211; intensyvus retinolio aki\u0173 kremas, skirtas akivaizd\u017eiai atjauninti paaki\u0173 zon\u0105 ir koreguoti pagrindinius sen\u0117jimo po\u017eymius. Formul\u0117 sujungia kontroliuojam\u0105 retinoid\u0173 koncentracij\u0105 ir patentuot\u0105 peptid\u0173 kompleks\u0105, padedant\u012f pagerinti odos tank\u012f, i\u0161lyginti rauk\u0161les ir suvienodinti paaki\u0173 odos tekst\u016br\u0105.<\/p>\n<p data-start=\"2275\" data-end=\"2454\"><strong data-start=\"2275\" data-end=\"2313\">Universal Tri-Retinol technologija<\/strong> apjungia tris pa\u017eangias retinoid\u0173 formas, kurios palaipsniui i\u0161siskiria odoje, skatindamos jos atsinaujinim\u0105 ir ma\u017eindamos sudirgimo rizik\u0105.<\/p>\n<p data-start=\"2456\" data-end=\"2637\">Papildomas peptid\u0173 kompleksas padeda suma\u017einti tamsius ratilus ir paburkim\u0105, kartu skatindamas kolageno sintez\u0119, tod\u0117l paaki\u0173 oda tampa lygesn\u0117, stangresn\u0117 ir akivaizd\u017eiai gaivesn\u0117.<\/p>\n<p data-start=\"2639\" data-end=\"2671\"><strong data-start=\"2639\" data-end=\"2671\">Aktyvi\u0173 komponent\u0173 veikimas:<\/strong><\/p>\n<p data-start=\"2673\" data-end=\"2844\">\u2022 <strong data-start=\"2675\" data-end=\"2760\">0.65% Triple Retinol Complex (Retinol + Glyceryl Diretinoate + Retinyl Linoleate)<\/strong>: skatina odos atsinaujinim\u0105, lygina \u201e\u017e\u0105s\u0173 kojeles\u201c ir gerina paaki\u0173 odos tekst\u016br\u0105<\/p>\n<p data-start=\"2846\" data-end=\"2985\">\u2022 <strong data-start=\"2848\" data-end=\"2877\">CellRenew-16 Peptide (5%)<\/strong>: HydroPeptide patentuotas peptidas, skatinantis strukt\u016brini\u0173 baltym\u0173 sintez\u0119 ir stiprinantis odos barjer\u0105<\/p>\n<p data-start=\"2987\" data-end=\"3113\">\u2022 <strong data-start=\"2989\" data-end=\"3011\">Nonapeptide-3 (5%)<\/strong>: retinolio veikim\u0105 primenantis peptidas, skatinantis kolageno gamyb\u0105 ir didinantis odos elastingum\u0105<\/p>\n<p data-start=\"3115\" data-end=\"3235\"><strong data-start=\"3115\" data-end=\"3148\">Kam tinka Retinol Eye Renewal<\/strong>: paaki\u0173 odai su rauk\u0161l\u0117mis, tamsiais ratilais, paburkimu ir kitais sen\u0117jimo po\u017eymiais.<\/p>\n<p data-start=\"3237\" data-end=\"3253\"><strong data-start=\"3237\" data-end=\"3247\">T\u016bris:<\/strong> 15 ml<\/p>\n","protected":false},"excerpt":{"rendered":"<p data-start=\"3569\" data-end=\"3610\">Intensyvus retinolio aki\u0173 liftingo kremas<\/p>\n<h2 data-start=\"3612\" data-end=\"3658\"><strong data-start=\"3612\" data-end=\"3658\">HydroPeptide &#8211; Retinol Eye Renewal Savyb\u0117s<\/strong><\/h2>\n<p data-start=\"3660\" data-end=\"3857\" data-is-last-node=\"\" data-is-only-node=\"\">\u2714\ufe0f Akivaizd\u017eiai ma\u017eina \u201e\u017e\u0105s\u0173 kojeles\u201c ir rauk\u0161les<br data-start=\"3709\" data-end=\"3712\" \/>\u2714\ufe0f \u0160viesina tamsius paaki\u0173 ratilus<br data-start=\"3746\" data-end=\"3749\" \/>\u2714\ufe0f Stangrina ir stiprina paaki\u0173 od\u0105<br data-start=\"3784\" data-end=\"3787\" \/>\u2714\ufe0f Gerina odos tekst\u016br\u0105 ir lygum\u0105<br data-start=\"3820\" data-end=\"3823\" \/>\u2714\ufe0f Suteikia ry\u0161k\u0173 anti-age poveik\u012f<\/p>\n","protected":false},"featured_media":61734,"template":"","meta":[],"pwb-brand":[1212],"product_brand":[],"product_cat":[734,728],"product_tag":[],"giftcard-category":[],"class_list":{"0":"post-48846","1":"product","2":"type-product","3":"status-publish","4":"has-post-thumbnail","6":"pwb-brand-hydropeptide","7":"product_cat-oda-aplink-akis","8":"product_cat-vitaminas-a-retinolis","10":"first","11":"instock","12":"taxable","13":"shipping-taxable","14":"purchasable","15":"product-type-simple"},"acf":[],"brands":[{"id":1212,"name":"HydroPeptide","slug":"hydropeptide"}],"_links":{"self":[{"href":"https:\/\/skinstudio.ee\/lt\/wp-json\/wp\/v2\/product\/48846","targetHints":{"allow":["GET"]}}],"collection":[{"href":"https:\/\/skinstudio.ee\/lt\/wp-json\/wp\/v2\/product"}],"about":[{"href":"https:\/\/skinstudio.ee\/lt\/wp-json\/wp\/v2\/types\/product"}],"version-history":[{"count":1,"href":"https:\/\/skinstudio.ee\/lt\/wp-json\/wp\/v2\/product\/48846\/revisions"}],"predecessor-version":[{"id":85790,"href":"https:\/\/skinstudio.ee\/lt\/wp-json\/wp\/v2\/product\/48846\/revisions\/85790"}],"wp:featuredmedia":[{"embeddable":true,"href":"https:\/\/skinstudio.ee\/lt\/wp-json\/wp\/v2\/media\/61734"}],"wp:attachment":[{"href":"https:\/\/skinstudio.ee\/lt\/wp-json\/wp\/v2\/media?parent=48846"}],"wp:term":[{"taxonomy":"pwb-brand","embeddable":true,"href":"https:\/\/skinstudio.ee\/lt\/wp-json\/wp\/v2\/pwb-brand?post=48846"},{"taxonomy":"product_brand","embeddable":true,"href":"https:\/\/skinstudio.ee\/lt\/wp-json\/wp\/v2\/product_brand?post=48846"},{"taxonomy":"product_cat","embeddable":true,"href":"https:\/\/skinstudio.ee\/lt\/wp-json\/wp\/v2\/product_cat?post=48846"},{"taxonomy":"product_tag","embeddable":true,"href":"https:\/\/skinstudio.ee\/lt\/wp-json\/wp\/v2\/product_tag?post=48846"},{"taxonomy":"giftcard-category","embeddable":true,"href":"https:\/\/skinstudio.ee\/lt\/wp-json\/wp\/v2\/giftcard-category?post=48846"}],"curies":[{"name":"wp","href":"https:\/\/api.w.org\/{rel}","templated":true}]}}