{"id":48873,"date":"2024-01-13T09:54:17","date_gmt":"2024-01-13T09:54:17","guid":{"rendered":"https:\/\/skinstudio.ee\/?post_type=product&#038;p=48873"},"modified":"2026-03-13T14:12:16","modified_gmt":"2026-03-13T14:12:16","slug":"age-reversal-regimen","status":"publish","type":"product","link":"https:\/\/skinstudio.ee\/lt\/catalog\/hydropeptide\/age-reversal-regimen\/","title":{"rendered":"Age Reversal Regimen"},"content":{"rendered":"<p data-start=\"2455\" data-end=\"3003\">\u0160e\u0161i perkamiausi produktai, viena visapimanti proced\u016bra pastebimam odos atjauninimui.<br data-start=\"2547\" data-end=\"2550\" \/>Am\u017einai jauna oda prasideda nuo peptid\u0173 galios.<br data-start=\"2597\" data-end=\"2600\" \/>\u017dymiai transformuokite ir apsaugokite od\u0105 su \u0161iuo labai veiksming\u0173 b\u016btiniausi\u0173 priemoni\u0173 rinkiniu, klini\u0161kai sukurtu siekiant pa\u0161alinti matomus odos pa\u017eeidimo ir fotosen\u0117jimo po\u017eymius.<br data-start=\"2784\" data-end=\"2787\" \/>Patent\u0173 saugoma peptid\u0173 technologija ir pa\u017eangios formul\u0117s veikia sinergi\u0161kai, suteikdamos odai visk\u0105, ko reikia norint pasiekti ir i\u0161laikyti sveik\u0105, jaunatvi\u0161k\u0105 spindes\u012f vienoje visapiman\u010dioje kasdien\u0117je rutinoje.<\/p>\n<p data-start=\"3572\" data-end=\"3786\"><strong>Rinkin\u012f sudaro:<\/strong><\/p>\n<ul>\n<li data-start=\"3572\" data-end=\"3786\">Travel Power Serum 10 ml<\/li>\n<li data-start=\"3572\" data-end=\"3786\">Travel Power Lift 5 ml<\/li>\n<li data-start=\"3572\" data-end=\"3786\">Travel Eye Authority 5 ml<\/li>\n<li data-start=\"3572\" data-end=\"3786\">Travel Nimni Cream 5 ml<\/li>\n<li data-start=\"3572\" data-end=\"3786\">Travel Exfoliating Cleanser 50 ml<\/li>\n<li data-start=\"3572\" data-end=\"3786\">Travel Solar Defense Tinted SPF 30 15 ml<\/li>\n<li data-start=\"3572\" data-end=\"3786\">Kosmetin\u0117<\/li>\n<\/ul>\n","protected":false},"excerpt":{"rendered":"<p data-start=\"4457\" data-end=\"4503\">Galingi sprendimai i\u0161 odos sen\u0117jimo ekspert\u0173<\/p>\n<h2 data-start=\"4505\" data-end=\"4758\"><strong data-start=\"4505\" data-end=\"4552\">HydroPeptide &#8211; Age Reversal Regimen savyb\u0117s<\/strong><\/h2>\n<p data-start=\"4505\" data-end=\"4758\">\u2714\ufe0f I\u0161sami prie\u0161rauk\u0161lin\u0117 programa<br data-start=\"4588\" data-end=\"4591\" \/>\u2714\ufe0f Suma\u017eina rauk\u0161li\u0173 ir smulki\u0173 linij\u0173 matomum\u0105<br data-start=\"4638\" data-end=\"4641\" \/>\u2714\ufe0f Pagerina odos tank\u012f ir elastingum\u0105<br data-start=\"4678\" data-end=\"4681\" \/>\u2714\ufe0f Skatina l\u0105steli\u0173 atsinaujinim\u0105<br data-start=\"4714\" data-end=\"4717\" \/>\u2714\ufe0f Padaro od\u0105 jaunatvi\u0161kesn\u0119 ir lygesn\u0119<\/p>\n","protected":false},"featured_media":61744,"template":"","meta":[],"pwb-brand":[1212],"product_brand":[],"product_cat":[765,756,754],"product_tag":[],"giftcard-category":[],"class_list":{"0":"post-48873","1":"product","2":"type-product","3":"status-publish","4":"has-post-thumbnail","6":"pwb-brand-hydropeptide","7":"product_cat-dovanu-ideja","8":"product_cat-rinkinys","9":"product_cat-travel-size-lt","11":"first","12":"instock","13":"taxable","14":"shipping-taxable","15":"purchasable","16":"product-type-simple"},"acf":[],"brands":[{"id":1212,"name":"HydroPeptide","slug":"hydropeptide"}],"_links":{"self":[{"href":"https:\/\/skinstudio.ee\/lt\/wp-json\/wp\/v2\/product\/48873","targetHints":{"allow":["GET"]}}],"collection":[{"href":"https:\/\/skinstudio.ee\/lt\/wp-json\/wp\/v2\/product"}],"about":[{"href":"https:\/\/skinstudio.ee\/lt\/wp-json\/wp\/v2\/types\/product"}],"version-history":[{"count":1,"href":"https:\/\/skinstudio.ee\/lt\/wp-json\/wp\/v2\/product\/48873\/revisions"}],"predecessor-version":[{"id":85806,"href":"https:\/\/skinstudio.ee\/lt\/wp-json\/wp\/v2\/product\/48873\/revisions\/85806"}],"wp:featuredmedia":[{"embeddable":true,"href":"https:\/\/skinstudio.ee\/lt\/wp-json\/wp\/v2\/media\/61744"}],"wp:attachment":[{"href":"https:\/\/skinstudio.ee\/lt\/wp-json\/wp\/v2\/media?parent=48873"}],"wp:term":[{"taxonomy":"pwb-brand","embeddable":true,"href":"https:\/\/skinstudio.ee\/lt\/wp-json\/wp\/v2\/pwb-brand?post=48873"},{"taxonomy":"product_brand","embeddable":true,"href":"https:\/\/skinstudio.ee\/lt\/wp-json\/wp\/v2\/product_brand?post=48873"},{"taxonomy":"product_cat","embeddable":true,"href":"https:\/\/skinstudio.ee\/lt\/wp-json\/wp\/v2\/product_cat?post=48873"},{"taxonomy":"product_tag","embeddable":true,"href":"https:\/\/skinstudio.ee\/lt\/wp-json\/wp\/v2\/product_tag?post=48873"},{"taxonomy":"giftcard-category","embeddable":true,"href":"https:\/\/skinstudio.ee\/lt\/wp-json\/wp\/v2\/giftcard-category?post=48873"}],"curies":[{"name":"wp","href":"https:\/\/api.w.org\/{rel}","templated":true}]}}