{"id":48953,"date":"2023-08-01T09:46:12","date_gmt":"2023-08-01T09:46:12","guid":{"rendered":"https:\/\/skinstudio.ee\/?post_type=product&#038;p=48953"},"modified":"2026-03-13T14:22:24","modified_gmt":"2026-03-13T14:22:24","slug":"liquid-resurfacing-solution","status":"publish","type":"product","link":"https:\/\/skinstudio.ee\/lt\/catalog\/hydropeptide\/liquid-resurfacing-solution\/","title":{"rendered":"Liquid Resurfacing Solution"},"content":{"rendered":"<p data-start=\"1843\" data-end=\"2146\"><strong>Liquid Resurfacing Solution nuo HydroPeptide<\/strong> yra lengvas nenuplaunamas eksfoliantas su <strong data-start=\"1930\" data-end=\"1954\">2% salicilo r\u016bg\u0161timi<\/strong>, kuris \u0161velniai atnaujina od\u0105 ir gerina jos tekst\u016br\u0105 nepa\u017eeisdamas apsauginio odos barjero. Formul\u0117 padeda i\u0161valyti poras, reguliuoti perteklin\u012f sebum\u0105 ir skatina nat\u016bral\u0173 odos atsinaujinim\u0105.<\/p>\n<p data-start=\"2148\" data-end=\"2304\">BHA r\u016bg\u0161ties, antioksidant\u0173 ir patentuoto <strong data-start=\"2190\" data-end=\"2214\">CellRenew-16 peptido<\/strong> derinys padeda suvienodinti odos ton\u0105, pagerinti jos glotnum\u0105 ir suteikti odai \u0161vyt\u0117jimo.<\/p>\n<p data-start=\"2306\" data-end=\"2338\"><strong data-start=\"2306\" data-end=\"2338\">Aktyvi\u0173 komponent\u0173 veikimas:<\/strong><\/p>\n<p data-start=\"2340\" data-end=\"2486\">\u2022 <strong data-start=\"2342\" data-end=\"2363\">2% Salicylic Acid<\/strong>: BHA r\u016bg\u0161tis, kuri tirpdo porose susikaupusius ne\u0161varumus, reguliuoja riebal\u0173 i\u0161siskyrim\u0105 ir skatina odos atsinaujinim\u0105.<\/p>\n<p data-start=\"2488\" data-end=\"2626\">\u2022 <strong data-start=\"2490\" data-end=\"2514\">CellRenew-16 Peptide<\/strong>: HydroPeptide patentuotas peptidas, kuris palaiko odos atsinaujinim\u0105 ir stiprina jos apsauginius mechanizmus.<\/p>\n<p data-start=\"2628\" data-end=\"2776\">\u2022 <strong data-start=\"2630\" data-end=\"2657\">Antioxidant Tea Complex<\/strong>: augalini\u0173 antioksidant\u0173 kompleksas, padedantis apsaugoti od\u0105 nuo oksidacinio streso ir palaikyti tolygesn\u012f odos ton\u0105.<\/p>\n<p data-start=\"2778\" data-end=\"2934\"><strong data-start=\"2778\" data-end=\"2819\">Kam tinka Liquid Resurfacing Solution<\/strong>: vis\u0173 tip\u0173 odai, i\u0161skyrus labai jautri\u0105, ypa\u010d riebiai, mi\u0161riai, \u012f akn\u0119 linkusiai odai ir odai su nelygia tekst\u016bra.<\/p>\n<p data-start=\"2936\" data-end=\"2953\"><strong data-start=\"2936\" data-end=\"2946\">T\u016bris:<\/strong> 120 ml<\/p>\n","protected":false},"excerpt":{"rendered":"<p data-start=\"3157\" data-end=\"3191\">Lengvas nenuplaunamas eksfoliantas<\/p>\n<h2 data-start=\"3193\" data-end=\"3247\"><strong data-start=\"3193\" data-end=\"3247\">HydroPeptide &#8211; Liquid Resurfacing Solution Savyb\u0117s<\/strong><\/h2>\n<p data-start=\"3249\" data-end=\"3468\" data-is-last-node=\"\" data-is-only-node=\"\">\u2714\ufe0f \u0160velniai eksfoliuoja ir glotnina odos tekst\u016br\u0105<br data-start=\"3298\" data-end=\"3301\" \/>\u2714\ufe0f Suvienodina odos ton\u0105 ir pagerina veido spalv\u0105<br data-start=\"3350\" data-end=\"3353\" \/>\u2714\ufe0f Padeda suma\u017einti por\u0173 matomum\u0105<br data-start=\"3386\" data-end=\"3389\" \/>\u2714\ufe0f Skatina nat\u016bral\u0173 odos atsinaujinim\u0105<br data-start=\"3427\" data-end=\"3430\" \/>\u2714\ufe0f Suteikia odai glotnumo ir \u0161vyt\u0117jimo<\/p>\n","protected":false},"featured_media":61754,"template":"","meta":[],"pwb-brand":[1212],"product_brand":[],"product_cat":[742,744,752,720,748],"product_tag":[],"giftcard-category":[],"class_list":{"0":"post-48953","1":"product","2":"type-product","3":"status-publish","4":"has-post-thumbnail","6":"pwb-brand-hydropeptide","7":"product_cat-berimai","8":"product_cat-issipletusios-poros","9":"product_cat-pigmentacija-lt","10":"product_cat-sveitikliai-ir-pilingai","11":"product_cat-taukainai-adai-lt","13":"first","14":"instock","15":"taxable","16":"shipping-taxable","17":"purchasable","18":"product-type-simple"},"acf":[],"brands":[{"id":1212,"name":"HydroPeptide","slug":"hydropeptide"}],"_links":{"self":[{"href":"https:\/\/skinstudio.ee\/lt\/wp-json\/wp\/v2\/product\/48953","targetHints":{"allow":["GET"]}}],"collection":[{"href":"https:\/\/skinstudio.ee\/lt\/wp-json\/wp\/v2\/product"}],"about":[{"href":"https:\/\/skinstudio.ee\/lt\/wp-json\/wp\/v2\/types\/product"}],"version-history":[{"count":1,"href":"https:\/\/skinstudio.ee\/lt\/wp-json\/wp\/v2\/product\/48953\/revisions"}],"predecessor-version":[{"id":85833,"href":"https:\/\/skinstudio.ee\/lt\/wp-json\/wp\/v2\/product\/48953\/revisions\/85833"}],"wp:featuredmedia":[{"embeddable":true,"href":"https:\/\/skinstudio.ee\/lt\/wp-json\/wp\/v2\/media\/61754"}],"wp:attachment":[{"href":"https:\/\/skinstudio.ee\/lt\/wp-json\/wp\/v2\/media?parent=48953"}],"wp:term":[{"taxonomy":"pwb-brand","embeddable":true,"href":"https:\/\/skinstudio.ee\/lt\/wp-json\/wp\/v2\/pwb-brand?post=48953"},{"taxonomy":"product_brand","embeddable":true,"href":"https:\/\/skinstudio.ee\/lt\/wp-json\/wp\/v2\/product_brand?post=48953"},{"taxonomy":"product_cat","embeddable":true,"href":"https:\/\/skinstudio.ee\/lt\/wp-json\/wp\/v2\/product_cat?post=48953"},{"taxonomy":"product_tag","embeddable":true,"href":"https:\/\/skinstudio.ee\/lt\/wp-json\/wp\/v2\/product_tag?post=48953"},{"taxonomy":"giftcard-category","embeddable":true,"href":"https:\/\/skinstudio.ee\/lt\/wp-json\/wp\/v2\/giftcard-category?post=48953"}],"curies":[{"name":"wp","href":"https:\/\/api.w.org\/{rel}","templated":true}]}}