{"id":48975,"date":"2023-05-24T17:57:18","date_gmt":"2023-05-24T17:57:18","guid":{"rendered":"https:\/\/skinstudio.ee\/?post_type=product&#038;p=48975"},"modified":"2026-03-13T14:28:54","modified_gmt":"2026-03-13T14:28:54","slug":"polypeptide-collagel-face","status":"publish","type":"product","link":"https:\/\/skinstudio.ee\/lt\/catalog\/hydropeptide\/polypeptide-collagel-face\/","title":{"rendered":"PolyPeptide Collagel+ Face"},"content":{"rendered":"<p data-start=\"1779\" data-end=\"2093\"><strong data-start=\"1779\" data-end=\"1825\">PolyPeptide Collagel+ Face nuo HydroPeptide<\/strong> yra hidrogelin\u0117 veido kauk\u0117, sukurta odos atsistatymui palaikyti ir profesionali\u0173 kosmetologini\u0173 proced\u016br\u0173 rezultatams prat\u0119sti. Atjauninantis peptid\u0173 ir antioksidant\u0173 kompleksas padeda skatinti odos regeneracij\u0105, gerina jos lygum\u0105, elastingum\u0105 ir nat\u016bral\u0173 \u0161vyt\u0117jim\u0105.<\/p>\n<p data-start=\"2095\" data-end=\"2338\">Hidrogelio technologija u\u017etikrina intensyv\u0173 dr\u0117kinim\u0105 ir padeda i\u0161laikyti dr\u0117gm\u0119 odoje, kartu suteikdama gaivinant\u012f ir raminant\u012f v\u0117sinant\u012f efekt\u0105. Kauk\u0117 greitai atgaivina pavargusi\u0105 od\u0105, palikdama j\u0105 vizualiai lygesn\u0119, stangresn\u0119 ir \u0161vytin\u010di\u0105.<\/p>\n<p data-start=\"2340\" data-end=\"2372\"><strong data-start=\"2340\" data-end=\"2372\">Aktyvi\u0173 komponent\u0173 veikimas:<\/strong><\/p>\n<p data-start=\"2374\" data-end=\"2520\">\u2022 <strong data-start=\"2376\" data-end=\"2399\">Hydrogel Technology<\/strong>: suteikia gil\u0173 dr\u0117kinim\u0105 ir pagerina aktyvi\u0173 ingredient\u0173 \u012fsisavinim\u0105, kartu suteikdama gaivinant\u012f ir raminant\u012f efekt\u0105.<\/p>\n<p data-start=\"2522\" data-end=\"2611\">\u2022 <strong data-start=\"2524\" data-end=\"2547\">Hydrolyzed Collagen<\/strong>: padeda pagerinti odos elastingum\u0105 ir suteikia jai stangrumo.<\/p>\n<p data-start=\"2613\" data-end=\"2755\">\u2022 <strong data-start=\"2615\" data-end=\"2645\">Caviar Extract + Vitamin E<\/strong>: antioksidant\u0173 ir maitinam\u0173j\u0173 med\u017eiag\u0173 kompleksas, padedantis puosel\u0117ti od\u0105 ir suteikti jai sveiko \u0161vyt\u0117jimo.<\/p>\n<p data-start=\"2757\" data-end=\"2898\"><strong data-start=\"2757\" data-end=\"2796\">Kam tinka PolyPeptide Collagel Face<\/strong>: vis\u0173 tip\u0173 odai, ypa\u010d brand\u017eiai, pavargusiai, dehidratuotai odai ir odai po kosmetologini\u0173 proced\u016br\u0173.<\/p>\n<p data-start=\"2900\" data-end=\"2917\"><strong data-start=\"2900\" data-end=\"2910\">T\u016bris:<\/strong> 1 vnt.<\/p>\n","protected":false},"excerpt":{"rendered":"<p data-start=\"3142\" data-end=\"3165\">Hidrogelin\u0117 veido kauk\u0117<\/p>\n<h2 data-start=\"3167\" data-end=\"3219\"><strong data-start=\"3167\" data-end=\"3219\">HydroPeptide &#8211; PolyPeptide Collagel+ Face Savyb\u0117s<\/strong><\/h2>\n<p data-start=\"3221\" data-end=\"3455\" data-is-last-node=\"\" data-is-only-node=\"\">\u2714\ufe0f Ma\u017eina smulki\u0173 linij\u0173 matomum\u0105 ir lygina odos tekst\u016br\u0105<br data-start=\"3278\" data-end=\"3281\" \/>\u2714\ufe0f Gerina odos elastingum\u0105 ir stangrum\u0105<br data-start=\"3320\" data-end=\"3323\" \/>\u2714\ufe0f Intensyviai dr\u0117kina ir suteikia putlumo efekt\u0105<br data-start=\"3372\" data-end=\"3375\" \/>\u2714\ufe0f Palaiko odos atsistatym\u0105 po proced\u016br\u0173<br data-start=\"3415\" data-end=\"3418\" \/>\u2714\ufe0f Suteikia odai \u0161vyt\u0117jimo ir gaivumo<\/p>\n","protected":false},"featured_media":61759,"template":"","meta":[],"pwb-brand":[1212],"product_brand":[],"product_cat":[738,746,726,740,750,748],"product_tag":[],"giftcard-category":[],"class_list":{"0":"post-48975","1":"product","2":"type-product","3":"status-publish","4":"has-post-thumbnail","6":"pwb-brand-hydropeptide","7":"product_cat-drekinimas","8":"product_cat-jautriai-odai","9":"product_cat-maskas-lt","10":"product_cat-sausai-odai","11":"product_cat-senstanti-oda","12":"product_cat-taukainai-adai-lt","14":"first","15":"instock","16":"taxable","17":"shipping-taxable","18":"purchasable","19":"product-type-simple"},"acf":[],"brands":[{"id":1212,"name":"HydroPeptide","slug":"hydropeptide"}],"_links":{"self":[{"href":"https:\/\/skinstudio.ee\/lt\/wp-json\/wp\/v2\/product\/48975","targetHints":{"allow":["GET"]}}],"collection":[{"href":"https:\/\/skinstudio.ee\/lt\/wp-json\/wp\/v2\/product"}],"about":[{"href":"https:\/\/skinstudio.ee\/lt\/wp-json\/wp\/v2\/types\/product"}],"version-history":[{"count":1,"href":"https:\/\/skinstudio.ee\/lt\/wp-json\/wp\/v2\/product\/48975\/revisions"}],"predecessor-version":[{"id":85838,"href":"https:\/\/skinstudio.ee\/lt\/wp-json\/wp\/v2\/product\/48975\/revisions\/85838"}],"wp:featuredmedia":[{"embeddable":true,"href":"https:\/\/skinstudio.ee\/lt\/wp-json\/wp\/v2\/media\/61759"}],"wp:attachment":[{"href":"https:\/\/skinstudio.ee\/lt\/wp-json\/wp\/v2\/media?parent=48975"}],"wp:term":[{"taxonomy":"pwb-brand","embeddable":true,"href":"https:\/\/skinstudio.ee\/lt\/wp-json\/wp\/v2\/pwb-brand?post=48975"},{"taxonomy":"product_brand","embeddable":true,"href":"https:\/\/skinstudio.ee\/lt\/wp-json\/wp\/v2\/product_brand?post=48975"},{"taxonomy":"product_cat","embeddable":true,"href":"https:\/\/skinstudio.ee\/lt\/wp-json\/wp\/v2\/product_cat?post=48975"},{"taxonomy":"product_tag","embeddable":true,"href":"https:\/\/skinstudio.ee\/lt\/wp-json\/wp\/v2\/product_tag?post=48975"},{"taxonomy":"giftcard-category","embeddable":true,"href":"https:\/\/skinstudio.ee\/lt\/wp-json\/wp\/v2\/giftcard-category?post=48975"}],"curies":[{"name":"wp","href":"https:\/\/api.w.org\/{rel}","templated":true}]}}