{"id":48991,"date":"2023-05-24T17:57:00","date_gmt":"2023-05-24T17:57:00","guid":{"rendered":"https:\/\/skinstudio.ee\/?post_type=product&#038;p=48991"},"modified":"2026-03-13T14:34:39","modified_gmt":"2026-03-13T14:34:39","slug":"radiance-mask","status":"publish","type":"product","link":"https:\/\/skinstudio.ee\/lt\/catalog\/hydropeptide\/radiance-mask\/","title":{"rendered":"Radiance Mask"},"content":{"rendered":"<div class=\"given_product_description_long\">\n<p data-start=\"1633\" data-end=\"1891\"><strong data-start=\"1633\" data-end=\"1667\">Radiance Mask nuo HydroPeptide<\/strong> yra atnaujinanti veido kauk\u0117, kuri intensyviai dr\u0117kina od\u0105, suvienodina jos ton\u0105 ir suteikia nat\u016bralaus \u0161vyt\u0117jimo. Formul\u0117 \u0161velniai eksfoliuoja od\u0105, padeda suma\u017einti hiperkeratoz\u0117s po\u017eymius ir pagerina bendr\u0105 odos tekst\u016br\u0105.<\/p>\n<p data-start=\"1893\" data-end=\"2140\">Aktyvi\u0173 ingredient\u0173 derinys skatina odos l\u0105steli\u0173 atsinaujinim\u0105 ir padeda pagerinti odos elastingum\u0105 bei stangrum\u0105. Kauk\u0117 suteikia gil\u0173 dr\u0117kinim\u0105, didina odos tank\u012f ir padeda suma\u017einti smulki\u0173 linij\u0173 matomum\u0105, tod\u0117l oda atrodo lygesn\u0117 ir \u0161vytinti.<\/p>\n<p data-start=\"2142\" data-end=\"2174\"><strong data-start=\"2142\" data-end=\"2174\">Aktyvi\u0173 komponent\u0173 veikimas:<\/strong><\/p>\n<p data-start=\"2176\" data-end=\"2283\">\u2022 <strong data-start=\"2178\" data-end=\"2196\">5% Lactic Acid<\/strong>: \u0161velniai eksfoliuoja od\u0105, didina jos dr\u0117gm\u0117s lyg\u012f ir padeda suvienodinti odos ton\u0105.<\/p>\n<p data-start=\"2285\" data-end=\"2476\">\u2022 <strong data-start=\"2287\" data-end=\"2324\">Malus Domestica Stem Cell Extract<\/strong>: antioksidant\u0173 kompleksas i\u0161 \u0160veicarijos obuolio kamienini\u0173 l\u0105steli\u0173, kuris palaiko odos l\u0105steli\u0173 atsinaujinim\u0105 ir padeda i\u0161laikyti odos gyvybingum\u0105.<\/p>\n<p data-start=\"2478\" data-end=\"2590\">\u2022 <strong data-start=\"2480\" data-end=\"2502\">Remodeling Peptide<\/strong>: skatina odos atsinaujinimo procesus ir padeda pagerinti jos elastingum\u0105 bei stangrum\u0105.<\/p>\n<p data-start=\"2592\" data-end=\"2744\"><strong data-start=\"2592\" data-end=\"2619\">Kam tinka Radiance Mask<\/strong>: vis\u0173 tip\u0173 odai, ypa\u010d papilk\u0117jusiai, dehidratuotai odai su nelygiu tonu, foto sen\u0117jimo po\u017eymiais ir suma\u017e\u0117jusiu elastingumu.<\/p>\n<p data-start=\"2746\" data-end=\"2762\"><strong data-start=\"2746\" data-end=\"2756\">T\u016bris:<\/strong> 30 ml<\/p>\n<\/div>\n","protected":false},"excerpt":{"rendered":"<div class=\"given_product_description_top\">\n<p data-start=\"2910\" data-end=\"2954\">Atnaujinanti veido kauk\u0117 su \u0161vyt\u0117jimo efektu<\/p>\n<h2 data-start=\"2956\" data-end=\"2996\"><strong data-start=\"2956\" data-end=\"2996\">HydroPeptide &#8211; Radiance Mask Savyb\u0117s<\/strong><\/h2>\n<p data-start=\"2998\" data-end=\"3215\" data-is-last-node=\"\" data-is-only-node=\"\">\u2714\ufe0f Suvienodina odos ton\u0105 ir suteikia \u0161vyt\u0117jimo<br data-start=\"3044\" data-end=\"3047\" \/>\u2714\ufe0f Gerina odos elastingum\u0105 ir stangrum\u0105<br data-start=\"3086\" data-end=\"3089\" \/>\u2714\ufe0f Ma\u017eina smulki\u0173 linij\u0173 matomum\u0105<br data-start=\"3122\" data-end=\"3125\" \/>\u2714\ufe0f Intensyviai dr\u0117kina ir suteikia putlumo<br data-start=\"3167\" data-end=\"3170\" \/>\u2714\ufe0f Atkuria sveik\u0105 ir spindin\u010di\u0105 odos i\u0161vaizd\u0105<\/p>\n<\/div>\n","protected":false},"featured_media":61764,"template":"","meta":[],"pwb-brand":[1212],"product_brand":[],"product_cat":[742,738,746,726,750,752,740],"product_tag":[],"giftcard-category":[],"class_list":{"0":"post-48991","1":"product","2":"type-product","3":"status-publish","4":"has-post-thumbnail","6":"pwb-brand-hydropeptide","7":"product_cat-akne","8":"product_cat-drekinimas","9":"product_cat-jautri-oda","10":"product_cat-maskas","11":"product_cat-odos-senejimas","12":"product_cat-pigmentacija","13":"product_cat-sausa-oda","15":"first","16":"instock","17":"sale","18":"taxable","19":"shipping-taxable","20":"purchasable","21":"product-type-simple"},"acf":[],"brands":[{"id":1212,"name":"HydroPeptide","slug":"hydropeptide"}],"_links":{"self":[{"href":"https:\/\/skinstudio.ee\/lt\/wp-json\/wp\/v2\/product\/48991","targetHints":{"allow":["GET"]}}],"collection":[{"href":"https:\/\/skinstudio.ee\/lt\/wp-json\/wp\/v2\/product"}],"about":[{"href":"https:\/\/skinstudio.ee\/lt\/wp-json\/wp\/v2\/types\/product"}],"version-history":[{"count":1,"href":"https:\/\/skinstudio.ee\/lt\/wp-json\/wp\/v2\/product\/48991\/revisions"}],"predecessor-version":[{"id":85848,"href":"https:\/\/skinstudio.ee\/lt\/wp-json\/wp\/v2\/product\/48991\/revisions\/85848"}],"wp:featuredmedia":[{"embeddable":true,"href":"https:\/\/skinstudio.ee\/lt\/wp-json\/wp\/v2\/media\/61764"}],"wp:attachment":[{"href":"https:\/\/skinstudio.ee\/lt\/wp-json\/wp\/v2\/media?parent=48991"}],"wp:term":[{"taxonomy":"pwb-brand","embeddable":true,"href":"https:\/\/skinstudio.ee\/lt\/wp-json\/wp\/v2\/pwb-brand?post=48991"},{"taxonomy":"product_brand","embeddable":true,"href":"https:\/\/skinstudio.ee\/lt\/wp-json\/wp\/v2\/product_brand?post=48991"},{"taxonomy":"product_cat","embeddable":true,"href":"https:\/\/skinstudio.ee\/lt\/wp-json\/wp\/v2\/product_cat?post=48991"},{"taxonomy":"product_tag","embeddable":true,"href":"https:\/\/skinstudio.ee\/lt\/wp-json\/wp\/v2\/product_tag?post=48991"},{"taxonomy":"giftcard-category","embeddable":true,"href":"https:\/\/skinstudio.ee\/lt\/wp-json\/wp\/v2\/giftcard-category?post=48991"}],"curies":[{"name":"wp","href":"https:\/\/api.w.org\/{rel}","templated":true}]}}