{"id":49043,"date":"2023-05-24T17:56:59","date_gmt":"2023-05-24T17:56:59","guid":{"rendered":"https:\/\/skinstudio.ee\/?post_type=product&#038;p=49043"},"modified":"2026-03-13T14:38:54","modified_gmt":"2026-03-13T14:38:54","slug":"aquaboost","status":"publish","type":"product","link":"https:\/\/skinstudio.ee\/lt\/catalog\/hydropeptide\/aquaboost\/","title":{"rendered":"Aquaboost"},"content":{"rendered":"<div class=\"given_product_description_long\">\n<p data-start=\"1749\" data-end=\"2014\"><strong data-start=\"1749\" data-end=\"1779\">Aquaboost nuo HydroPeptide<\/strong> yra lengva, be aliej\u0173 emulsin\u0117 kremo formul\u0117, sukurta riebiai, mi\u0161riai ir \u012f akn\u0119 linkusiai odai. Priemon\u0117 padeda reguliuoti perteklin\u012f sebumo i\u0161siskyrim\u0105, ma\u017einti u\u017edegiminius b\u0117rimus ir tuo pa\u010diu palaikyti optimal\u0173 odos dr\u0117gm\u0117s lyg\u012f.<\/p>\n<p data-start=\"2016\" data-end=\"2272\">Aktyvi\u0173 ingredient\u0173 derinys pasi\u017eymi antibakteriniu ir prie\u0161u\u017edegiminiu poveikiu, padeda palaikyti \u0161varias poras ir gerina bendr\u0105 odos i\u0161vaizd\u0105. Lengva tekst\u016bra padeda odai atrodyti lygesnei, gaivesnei ir labiau subalansuotai, nesuteikdama sunkumo poj\u016b\u010dio.<\/p>\n<p data-start=\"2274\" data-end=\"2306\"><strong data-start=\"2274\" data-end=\"2306\">Aktyvi\u0173 komponent\u0173 veikimas:<\/strong><\/p>\n<p data-start=\"2308\" data-end=\"2474\">\u2022 <strong data-start=\"2310\" data-end=\"2343\">Antimicrobial Peptide Complex<\/strong>: skatina nat\u016brali\u0173 odos apsaugini\u0173 baltym\u0173 (\u03b2-defensin\u0173) gamyb\u0105 ir padeda didinti odos atsparum\u0105 akn\u0119 sukelian\u010dioms bakterijoms.<\/p>\n<p data-start=\"2476\" data-end=\"2586\">\u2022 <strong data-start=\"2478\" data-end=\"2496\">Salicylic Acid<\/strong>: padeda i\u0161valyti poras, reguliuoti riebal\u0173 i\u0161siskyrim\u0105 ir ma\u017einti u\u017edegiminius b\u0117rimus.<\/p>\n<p data-start=\"2588\" data-end=\"2702\">\u2022 <strong data-start=\"2590\" data-end=\"2625\">Honey Extract + Hyaluronic Acid<\/strong>: suteikia intensyv\u0173 dr\u0117kinim\u0105, palaiko odos barjer\u0105 ir gerina odos glotnum\u0105.<\/p>\n<p data-start=\"2704\" data-end=\"2854\"><strong data-start=\"2704\" data-end=\"2727\">Kam tinka Aquaboost<\/strong>: riebiai, mi\u0161riai ir \u012f akn\u0119 linkusiai odai su padid\u0117jusia sebumo sekrecija, i\u0161sipl\u0117tusiomis poromis ir u\u017edegiminiais b\u0117rimais.<\/p>\n<p data-start=\"2856\" data-end=\"2872\"><strong data-start=\"2856\" data-end=\"2866\">T\u016bris:<\/strong> 30 ml<\/p>\n<\/div>\n","protected":false},"excerpt":{"rendered":"<div class=\"given_product_description_top\">\n<p data-start=\"3146\" data-end=\"3187\">Sebum\u0105 reguliuojantis dr\u0117kinamasis kremas<\/p>\n<h2 data-start=\"3189\" data-end=\"3225\"><strong data-start=\"3189\" data-end=\"3225\">HydroPeptide &#8211; Aquaboost Savyb\u0117s<\/strong><\/h2>\n<p data-start=\"3227\" data-end=\"3424\" data-is-last-node=\"\" data-is-only-node=\"\">\u2714\ufe0f Reguliuoja sebumo i\u0161siskyrim\u0105 ir ma\u017eina blizges\u012f<br data-start=\"3278\" data-end=\"3281\" \/>\u2714\ufe0f Dr\u0117kina od\u0105 be sunkumo poj\u016b\u010dio<br data-start=\"3314\" data-end=\"3317\" \/>\u2714\ufe0f Padeda palaikyti \u0161varias poras<br data-start=\"3350\" data-end=\"3353\" \/>\u2714\ufe0f Gerina odos tekst\u016br\u0105 ir ton\u0105<br data-start=\"3384\" data-end=\"3387\" \/>\u2714\ufe0f Greitai susigeria, lengva tekst\u016bra<\/p>\n<\/div>\n","protected":false},"featured_media":61704,"template":"","meta":[],"pwb-brand":[1212],"product_brand":[],"product_cat":[742,738,744,746,748],"product_tag":[],"giftcard-category":[],"class_list":{"0":"post-49043","1":"product","2":"type-product","3":"status-publish","4":"has-post-thumbnail","6":"pwb-brand-hydropeptide","7":"product_cat-berimai","8":"product_cat-drekinimas","9":"product_cat-issipletusios-poros","10":"product_cat-jautriai-odai","11":"product_cat-taukainai-adai-lt","13":"first","14":"instock","15":"taxable","16":"shipping-taxable","17":"purchasable","18":"product-type-simple"},"acf":[],"brands":[{"id":1212,"name":"HydroPeptide","slug":"hydropeptide"}],"_links":{"self":[{"href":"https:\/\/skinstudio.ee\/lt\/wp-json\/wp\/v2\/product\/49043","targetHints":{"allow":["GET"]}}],"collection":[{"href":"https:\/\/skinstudio.ee\/lt\/wp-json\/wp\/v2\/product"}],"about":[{"href":"https:\/\/skinstudio.ee\/lt\/wp-json\/wp\/v2\/types\/product"}],"version-history":[{"count":1,"href":"https:\/\/skinstudio.ee\/lt\/wp-json\/wp\/v2\/product\/49043\/revisions"}],"predecessor-version":[{"id":85854,"href":"https:\/\/skinstudio.ee\/lt\/wp-json\/wp\/v2\/product\/49043\/revisions\/85854"}],"wp:featuredmedia":[{"embeddable":true,"href":"https:\/\/skinstudio.ee\/lt\/wp-json\/wp\/v2\/media\/61704"}],"wp:attachment":[{"href":"https:\/\/skinstudio.ee\/lt\/wp-json\/wp\/v2\/media?parent=49043"}],"wp:term":[{"taxonomy":"pwb-brand","embeddable":true,"href":"https:\/\/skinstudio.ee\/lt\/wp-json\/wp\/v2\/pwb-brand?post=49043"},{"taxonomy":"product_brand","embeddable":true,"href":"https:\/\/skinstudio.ee\/lt\/wp-json\/wp\/v2\/product_brand?post=49043"},{"taxonomy":"product_cat","embeddable":true,"href":"https:\/\/skinstudio.ee\/lt\/wp-json\/wp\/v2\/product_cat?post=49043"},{"taxonomy":"product_tag","embeddable":true,"href":"https:\/\/skinstudio.ee\/lt\/wp-json\/wp\/v2\/product_tag?post=49043"},{"taxonomy":"giftcard-category","embeddable":true,"href":"https:\/\/skinstudio.ee\/lt\/wp-json\/wp\/v2\/giftcard-category?post=49043"}],"curies":[{"name":"wp","href":"https:\/\/api.w.org\/{rel}","templated":true}]}}