{"id":49054,"date":"2023-05-24T17:56:56","date_gmt":"2023-05-24T17:56:56","guid":{"rendered":"https:\/\/skinstudio.ee\/?post_type=product&#038;p=49054"},"modified":"2026-03-13T14:43:32","modified_gmt":"2026-03-13T14:43:32","slug":"power-luxe","status":"publish","type":"product","link":"https:\/\/skinstudio.ee\/lt\/catalog\/hydropeptide\/power-luxe\/","title":{"rendered":"Power Luxe"},"content":{"rendered":"<div class=\"given_product_description_long\">\n<p data-start=\"2028\" data-end=\"2309\"><strong data-start=\"2028\" data-end=\"2059\">Power Luxe nuo HydroPeptide<\/strong> yra sodrus sen\u0117jim\u0105 ma\u017einantis kremas, skirtas intensyviai odos dr\u0117kinimui, atstatymui ir stiprinimui. Formul\u0117 greitai prisotina od\u0105 dr\u0117gme, padeda suma\u017einti dehidratacijos ir pleiskanojimo po\u017eymius bei pagerina odos elastingum\u0105, tank\u012f ir stangrum\u0105.<\/p>\n<p data-start=\"2311\" data-end=\"2593\">Inovatyvi aktyvi\u0173 ingredient\u0173 kombinacija padeda stiprinti odos apsaugin\u012f barjer\u0105 ir ma\u017einti matomus sen\u0117jimo po\u017eymius. Kremas u\u017etikrina ilgalaik\u012f dr\u0117kinim\u0105 d\u0117l daugiasluoksnio hialurono r\u016bg\u0161ties komplekso ir j\u016brini\u0173 eksopolisacharid\u0173, tod\u0117l oda tampa lygesn\u0117, putlesn\u0117 ir \u0161vytinti.<\/p>\n<p data-start=\"2595\" data-end=\"2844\">Formul\u0117je taip pat yra augalin\u0117 retinolio alternatyva ir remodeliuojantys peptidai, kurie skatina l\u0105steli\u0173 aktyvum\u0105 ir padeda pagerinti bendr\u0105 odos b\u016bkl\u0119. Nepaisant sodrios tekst\u016bros, kremas greitai susigeria ir nepalieka sunkumo ar lipnumo poj\u016b\u010dio.<\/p>\n<p data-start=\"2846\" data-end=\"2878\"><strong data-start=\"2846\" data-end=\"2878\">Aktyvi\u0173 komponent\u0173 veikimas:<\/strong><\/p>\n<p data-start=\"2880\" data-end=\"3012\">\u2022 <strong data-start=\"2882\" data-end=\"2895\">Bakuchiol<\/strong>: augalin\u0117 retinolio alternatyva, skatinanti odos atsinaujinim\u0105, gerinanti tekst\u016br\u0105 ir ma\u017einanti rauk\u0161li\u0173 matomum\u0105.<\/p>\n<p data-start=\"3014\" data-end=\"3162\">\u2022 <strong data-start=\"3016\" data-end=\"3046\">4D Hyaluronic Acid Complex<\/strong>: keli\u0173 form\u0173 hialurono r\u016bg\u0161ties kompleksas, kuris padeda i\u0161laikyti dr\u0117gm\u0119 odoje ir u\u017etikrina ilgalaik\u012f dr\u0117kinim\u0105.<\/p>\n<p data-start=\"3164\" data-end=\"3287\">\u2022 <strong data-start=\"3166\" data-end=\"3196\">Remodeling Peptide Complex<\/strong>: palaiko strukt\u016brini\u0173 baltym\u0173 sintez\u0119 odoje, gerindamas jos stangrum\u0105, tank\u012f ir atsparum\u0105.<\/p>\n<p data-start=\"3289\" data-end=\"3420\"><strong data-start=\"3289\" data-end=\"3313\">Kam tinka Power Luxe<\/strong>: sausai, dehidratuotai ir brand\u017eiai odai su suma\u017e\u0117jusiu elastingumu, rauk\u0161l\u0117mis ir papilk\u0117jusiu odos tonu.<\/p>\n<p data-start=\"3422\" data-end=\"3438\"><strong data-start=\"3422\" data-end=\"3432\">T\u016bris:<\/strong> 30 ml<\/p>\n<\/div>\n","protected":false},"excerpt":{"rendered":"<div class=\"given_product_description_top\">\n<p data-start=\"3706\" data-end=\"3739\">Sodrus sen\u0117jim\u0105 ma\u017einantis kremas<\/p>\n<h2 data-start=\"3741\" data-end=\"3778\"><strong data-start=\"3741\" data-end=\"3778\">HydroPeptide &#8211; Power Luxe Savyb\u0117s<\/strong><\/h2>\n<p data-start=\"3780\" data-end=\"3984\" data-is-last-node=\"\" data-is-only-node=\"\">\u2714\ufe0f Intensyviai dr\u0117kina ir ma\u017eina sausum\u0105<br data-start=\"3820\" data-end=\"3823\" \/>\u2714\ufe0f Gerina odos elastingum\u0105 ir tank\u012f<br data-start=\"3858\" data-end=\"3861\" \/>\u2714\ufe0f Ma\u017eina rauk\u0161li\u0173 ir smulki\u0173 linij\u0173 matomum\u0105<br data-start=\"3906\" data-end=\"3909\" \/>\u2714\ufe0f Stiprina odos apsaugin\u012f barjer\u0105<br data-start=\"3943\" data-end=\"3946\" \/>\u2714\ufe0f Suteikia odai glotnumo ir \u0161vyt\u0117jimo<\/p>\n<\/div>\n","protected":false},"featured_media":61769,"template":"","meta":[],"pwb-brand":[1212],"product_brand":[],"product_cat":[738,740],"product_tag":[],"giftcard-category":[],"class_list":{"0":"post-49054","1":"product","2":"type-product","3":"status-publish","4":"has-post-thumbnail","6":"pwb-brand-hydropeptide","7":"product_cat-drekinimas","8":"product_cat-sausai-odai","10":"first","11":"instock","12":"taxable","13":"shipping-taxable","14":"purchasable","15":"product-type-simple"},"acf":[],"brands":[{"id":1212,"name":"HydroPeptide","slug":"hydropeptide"}],"_links":{"self":[{"href":"https:\/\/skinstudio.ee\/lt\/wp-json\/wp\/v2\/product\/49054","targetHints":{"allow":["GET"]}}],"collection":[{"href":"https:\/\/skinstudio.ee\/lt\/wp-json\/wp\/v2\/product"}],"about":[{"href":"https:\/\/skinstudio.ee\/lt\/wp-json\/wp\/v2\/types\/product"}],"version-history":[{"count":1,"href":"https:\/\/skinstudio.ee\/lt\/wp-json\/wp\/v2\/product\/49054\/revisions"}],"predecessor-version":[{"id":85859,"href":"https:\/\/skinstudio.ee\/lt\/wp-json\/wp\/v2\/product\/49054\/revisions\/85859"}],"wp:featuredmedia":[{"embeddable":true,"href":"https:\/\/skinstudio.ee\/lt\/wp-json\/wp\/v2\/media\/61769"}],"wp:attachment":[{"href":"https:\/\/skinstudio.ee\/lt\/wp-json\/wp\/v2\/media?parent=49054"}],"wp:term":[{"taxonomy":"pwb-brand","embeddable":true,"href":"https:\/\/skinstudio.ee\/lt\/wp-json\/wp\/v2\/pwb-brand?post=49054"},{"taxonomy":"product_brand","embeddable":true,"href":"https:\/\/skinstudio.ee\/lt\/wp-json\/wp\/v2\/product_brand?post=49054"},{"taxonomy":"product_cat","embeddable":true,"href":"https:\/\/skinstudio.ee\/lt\/wp-json\/wp\/v2\/product_cat?post=49054"},{"taxonomy":"product_tag","embeddable":true,"href":"https:\/\/skinstudio.ee\/lt\/wp-json\/wp\/v2\/product_tag?post=49054"},{"taxonomy":"giftcard-category","embeddable":true,"href":"https:\/\/skinstudio.ee\/lt\/wp-json\/wp\/v2\/giftcard-category?post=49054"}],"curies":[{"name":"wp","href":"https:\/\/api.w.org\/{rel}","templated":true}]}}