{"id":49065,"date":"2023-05-24T17:56:56","date_gmt":"2023-05-24T17:56:56","guid":{"rendered":"https:\/\/skinstudio.ee\/?post_type=product&#038;p=49065"},"modified":"2026-03-13T14:49:13","modified_gmt":"2026-03-13T14:49:13","slug":"power-lift","status":"publish","type":"product","link":"https:\/\/skinstudio.ee\/lt\/catalog\/hydropeptide\/power-lift\/","title":{"rendered":"Power Lift"},"content":{"rendered":"<p data-start=\"1961\" data-end=\"2231\"><strong data-start=\"1961\" data-end=\"1992\">Power Lift nuo HydroPeptide<\/strong> \u2013 tai sodrus liftingo kremas su didele peptid\u0173 koncentracija, skirtas pagerinti odos stangrum\u0105 ir tank\u012f. Formul\u0117 padeda pagerinti dehidratuotos ir pavargusios odos i\u0161vaizd\u0105, suteikdama jai daugiau glotnumo, dr\u0117gm\u0117s ir vizualaus stangrumo.<\/p>\n<p data-start=\"2233\" data-end=\"2446\">Peptid\u0173 kompleksas palaiko strukt\u016brini\u0173 odos baltym\u0173 sintez\u0119, gerindamas elastingum\u0105 ir atsparum\u0105 su am\u017eiumi susijusiems poky\u010diams. Kremas padeda suma\u017einti mimikos rauk\u0161li\u0173 matomum\u0105 ir pagerina bendr\u0105 odos tonus\u0105.<\/p>\n<p data-start=\"2448\" data-end=\"2618\">Intensyviai dr\u0117kinantys komponentai stiprina odos apsaugin\u012f barjer\u0105 ir padeda palaikyti optimal\u0173 dr\u0117gm\u0117s balans\u0105. Oda tampa tankesn\u0117, lygesn\u0117 ir atrodo labiau atgaivinta.<\/p>\n<p data-start=\"2620\" data-end=\"2654\"><strong data-start=\"2620\" data-end=\"2654\">Aktyvi\u0173j\u0173 komponent\u0173 poveikis:<\/strong><\/p>\n<p data-start=\"2656\" data-end=\"2788\">\u2022 <strong data-start=\"2658\" data-end=\"2677\">Syn-Ake Peptide<\/strong>: mimikos rauk\u0161les atpalaiduojantis peptidas, padedantis suma\u017einti j\u0173 matomum\u0105 ir suteikiantis odai glotnumo.<\/p>\n<p data-start=\"2790\" data-end=\"2944\">\u2022 <strong data-start=\"2792\" data-end=\"2860\">Structural Peptide Complex (Dermapep A350, Serilesine, Idealift)<\/strong>: palaiko strukt\u016brini\u0173 odos baltym\u0173 sintez\u0119, gerindamas odos tank\u012f ir elastingum\u0105.<\/p>\n<p data-start=\"2946\" data-end=\"3044\">\u2022 <strong data-start=\"2948\" data-end=\"2984\">Pineapple Ceramide + Shea Butter<\/strong>: intensyviai dr\u0117kina od\u0105 ir stiprina jos apsaugin\u012f barjer\u0105.<\/p>\n<p data-start=\"3046\" data-end=\"3169\"><strong data-start=\"3046\" data-end=\"3071\">Kam tinka Power Lift:<\/strong> sausai, dehidratuotai ir brand\u017eiai odai su suma\u017e\u0117jusiu stangrumu, rauk\u0161l\u0117mis ir tonuso praradimu.<\/p>\n<p data-start=\"3171\" data-end=\"3187\"><strong data-start=\"3171\" data-end=\"3181\">T\u016bris:<\/strong> 30 ml<\/p>\n","protected":false},"excerpt":{"rendered":"<div class=\"given_product_description_top\">\n<p data-start=\"3465\" data-end=\"3500\">Sodrus liftingo kremas su peptidais<\/p>\n<h2 data-start=\"3502\" data-end=\"3539\"><strong data-start=\"3502\" data-end=\"3539\">HydroPeptide &#8211; Power Lift Savyb\u0117s<\/strong><\/h2>\n<p data-start=\"3541\" data-end=\"3723\">\u2714\ufe0f Gerina odos stangrum\u0105 ir tank\u012f<br data-start=\"3574\" data-end=\"3577\" \/>\u2714\ufe0f Ma\u017eina mimikos rauk\u0161li\u0173 matomum\u0105<br data-start=\"3612\" data-end=\"3615\" \/>\u2714\ufe0f U\u017etikrina intensyv\u0173 dr\u0117kinim\u0105<br data-start=\"3647\" data-end=\"3650\" \/>\u2714\ufe0f Stiprina odos apsaugin\u012f barjer\u0105<br data-start=\"3684\" data-end=\"3687\" \/>\u2714\ufe0f Oda tampa lygesn\u0117 ir stangresn\u0117<\/p>\n<\/div>\n","protected":false},"featured_media":61774,"template":"","meta":[],"pwb-brand":[1212],"product_brand":[],"product_cat":[738,746,740,750],"product_tag":[],"giftcard-category":[],"class_list":{"0":"post-49065","1":"product","2":"type-product","3":"status-publish","4":"has-post-thumbnail","6":"pwb-brand-hydropeptide","7":"product_cat-drekinimas","8":"product_cat-jautriai-odai","9":"product_cat-sausai-odai","10":"product_cat-senstanti-oda","12":"first","13":"instock","14":"taxable","15":"shipping-taxable","16":"purchasable","17":"product-type-simple"},"acf":[],"brands":[{"id":1212,"name":"HydroPeptide","slug":"hydropeptide"}],"_links":{"self":[{"href":"https:\/\/skinstudio.ee\/lt\/wp-json\/wp\/v2\/product\/49065","targetHints":{"allow":["GET"]}}],"collection":[{"href":"https:\/\/skinstudio.ee\/lt\/wp-json\/wp\/v2\/product"}],"about":[{"href":"https:\/\/skinstudio.ee\/lt\/wp-json\/wp\/v2\/types\/product"}],"version-history":[{"count":1,"href":"https:\/\/skinstudio.ee\/lt\/wp-json\/wp\/v2\/product\/49065\/revisions"}],"predecessor-version":[{"id":85870,"href":"https:\/\/skinstudio.ee\/lt\/wp-json\/wp\/v2\/product\/49065\/revisions\/85870"}],"wp:featuredmedia":[{"embeddable":true,"href":"https:\/\/skinstudio.ee\/lt\/wp-json\/wp\/v2\/media\/61774"}],"wp:attachment":[{"href":"https:\/\/skinstudio.ee\/lt\/wp-json\/wp\/v2\/media?parent=49065"}],"wp:term":[{"taxonomy":"pwb-brand","embeddable":true,"href":"https:\/\/skinstudio.ee\/lt\/wp-json\/wp\/v2\/pwb-brand?post=49065"},{"taxonomy":"product_brand","embeddable":true,"href":"https:\/\/skinstudio.ee\/lt\/wp-json\/wp\/v2\/product_brand?post=49065"},{"taxonomy":"product_cat","embeddable":true,"href":"https:\/\/skinstudio.ee\/lt\/wp-json\/wp\/v2\/product_cat?post=49065"},{"taxonomy":"product_tag","embeddable":true,"href":"https:\/\/skinstudio.ee\/lt\/wp-json\/wp\/v2\/product_tag?post=49065"},{"taxonomy":"giftcard-category","embeddable":true,"href":"https:\/\/skinstudio.ee\/lt\/wp-json\/wp\/v2\/giftcard-category?post=49065"}],"curies":[{"name":"wp","href":"https:\/\/api.w.org\/{rel}","templated":true}]}}